{"id":7894,"date":"2026-02-01T14:04:11","date_gmt":"2026-02-01T19:04:11","guid":{"rendered":"https:\/\/cornholelx.com\/?post_type=product&#038;p=7894"},"modified":"2026-02-20T21:44:25","modified_gmt":"2026-02-21T02:44:25","slug":"4-ultra-viper-r-cornhole-pockets-copie","status":"publish","type":"product","link":"https:\/\/cornholelx.com\/en\/boutique\/4-ultra-viper-r-cornhole-pockets-copie\/","title":{"rendered":"4 ULTRA VIPER-RV Cornhole pockets"},"content":{"rendered":"<p data-start=\"0\" data-end=\"26\"><strong data-start=\"0\" data-end=\"26\">About Viper-RV :<\/strong><\/p>\n<p data-start=\"28\" data-end=\"893\">Like the Viper-R and RS, the Viper-RV is a unique combination of two of cornhole&#8217;s finest materials. The fast side is identical to that of the famous Ultra Viper, while the slow side is made from our industry-standard hybrid carpet material. This bag is very forgiving around the hole and follows a stable, precise trajectory on the board. What&#8217;s more, on the Viper-RV, the hybrid mat on the slow side is oriented at 90 degrees to the vertical orientation of the original Viper-R. This change, combined with Seam-Lok\u2122 technology, allows the bag to offer the same feel as the original, but with much less seam stretch than on early models using this fabric. The fast side of the Viper-RV is rated at around 8 on a fast board. The slow side on a hybrid mat is between 4 and 6, depending on conditions.      <\/p>\n<p data-start=\"895\" data-end=\"1367\">The Viper-RV uses our new Tribrid\u2122 filling (not present in the regular Viper-R). This provides a perfect grip. The addition of the exclusive third aggregate improves the bag&#8217;s ability to cut and roll. The Viper-RV is more responsive to bag tilts than the Viper-R. For the Viper-RV, the filling ratios have been optimized to offer superior performance compared with other bags in our range using the same filling.    <\/p>\n<p data-start=\"1369\" data-end=\"1432\" data-is-last-node=\"\" data-is-only-node=\"\">Ultra Viper-RV cornhole bags are <strong data-start=\"1420\" data-end=\"1431\">ACL Pro<\/strong> approved.<\/p>\n<p data-start=\"838\" data-end=\"1083\"><img decoding=\"async\" class=\"alignnone wp-image-7897\" src=\"https:\/\/cornholelx.com\/wp-content\/uploads\/speed-Viper-rv-300x36.png\" alt=\"\" width=\"475\" height=\"57\" srcset=\"https:\/\/cornholelx.com\/wp-content\/uploads\/speed-Viper-rv-300x36.png 300w, https:\/\/cornholelx.com\/wp-content\/uploads\/speed-Viper-rv-1024x123.png 1024w, https:\/\/cornholelx.com\/wp-content\/uploads\/speed-Viper-rv-768x92.png 768w, https:\/\/cornholelx.com\/wp-content\/uploads\/speed-Viper-rv-600x72.png 600w, https:\/\/cornholelx.com\/wp-content\/uploads\/speed-Viper-rv.png 1418w\" sizes=\"(max-width: 475px) 100vw, 475px\" \/><\/p>\n<p data-start=\"838\" data-end=\"1083\"><img fetchpriority=\"high\" decoding=\"async\" class=\"alignnone wp-image-7887\" src=\"https:\/\/cornholelx.com\/wp-content\/uploads\/ULTRA-NO-1-300x93.png\" alt=\"\" width=\"474\" height=\"147\" srcset=\"https:\/\/cornholelx.com\/wp-content\/uploads\/ULTRA-NO-1-300x93.png 300w, https:\/\/cornholelx.com\/wp-content\/uploads\/ULTRA-NO-1-1024x319.png 1024w, https:\/\/cornholelx.com\/wp-content\/uploads\/ULTRA-NO-1-768x239.png 768w, https:\/\/cornholelx.com\/wp-content\/uploads\/ULTRA-NO-1-600x187.png 600w, https:\/\/cornholelx.com\/wp-content\/uploads\/ULTRA-NO-1.png 1400w\" sizes=\"(max-width: 474px) 100vw, 474px\" \/><\/p>\n","protected":false},"excerpt":{"rendered":"<p>About Viper-RV : Like the Viper-R and RS, the Viper-RV is a unique combination of two of cornhole&#8217;s finest materials. The fast side is identical to that of the famous Ultra Viper, while the slow side is made from our industry-standard hybrid carpet material. This bag is very forgiving around the hole and follows a [&hellip;]<\/p>\n","protected":false},"featured_media":7907,"comment_status":"open","ping_status":"closed","template":"","meta":{"_uag_custom_page_level_css":"","site-sidebar-layout":"default","site-content-layout":"","ast-site-content-layout":"default","site-content-style":"default","site-sidebar-style":"default","ast-global-header-display":"","ast-banner-title-visibility":"","ast-main-header-display":"","ast-hfb-above-header-display":"","ast-hfb-below-header-display":"","ast-hfb-mobile-header-display":"","site-post-title":"","ast-breadcrumbs-content":"","ast-featured-img":"","footer-sml-layout":"","ast-disable-related-posts":"","theme-transparent-header-meta":"default","adv-header-id-meta":"","stick-header-meta":"","header-above-stick-meta":"","header-main-stick-meta":"","header-below-stick-meta":"","astra-migrate-meta-layouts":"set","ast-page-background-enabled":"default","ast-page-background-meta":{"desktop":{"background-color":"var(--ast-global-color-4)","background-image":"","background-repeat":"repeat","background-position":"center center","background-size":"auto","background-attachment":"scroll","background-type":"","background-media":"","overlay-type":"","overlay-color":"","overlay-opacity":"","overlay-gradient":""},"tablet":{"background-color":"","background-image":"","background-repeat":"repeat","background-position":"center center","background-size":"auto","background-attachment":"scroll","background-type":"","background-media":"","overlay-type":"","overlay-color":"","overlay-opacity":"","overlay-gradient":""},"mobile":{"background-color":"","background-image":"","background-repeat":"repeat","background-position":"center center","background-size":"auto","background-attachment":"scroll","background-type":"","background-media":"","overlay-type":"","overlay-color":"","overlay-opacity":"","overlay-gradient":""}},"ast-content-background-meta":{"desktop":{"background-color":"var(--ast-global-color-5)","background-image":"","background-repeat":"repeat","background-position":"center center","background-size":"auto","background-attachment":"scroll","background-type":"","background-media":"","overlay-type":"","overlay-color":"","overlay-opacity":"","overlay-gradient":""},"tablet":{"background-color":"var(--ast-global-color-5)","background-image":"","background-repeat":"repeat","background-position":"center center","background-size":"auto","background-attachment":"scroll","background-type":"","background-media":"","overlay-type":"","overlay-color":"","overlay-opacity":"","overlay-gradient":""},"mobile":{"background-color":"var(--ast-global-color-5)","background-image":"","background-repeat":"repeat","background-position":"center center","background-size":"auto","background-attachment":"scroll","background-type":"","background-media":"","overlay-type":"","overlay-color":"","overlay-opacity":"","overlay-gradient":""}}},"product_brand":[],"product_cat":[108],"product_tag":[],"class_list":{"0":"post-7894","1":"product","2":"type-product","3":"status-publish","4":"has-post-thumbnail","6":"product_cat-bags-and-accessories","7":"desktop-align-left","8":"tablet-align-left","9":"mobile-align-left","11":"first","12":"instock","13":"taxable","14":"shipping-taxable","15":"purchasable","16":"product-type-variable","17":"add-to-wishlist-after_add_to_cart"},"aioseo_notices":[],"uagb_featured_image_src":{"full":["https:\/\/cornholelx.com\/wp-content\/uploads\/2026-Season-Start-Viper-RV-Gold-and-Blue-2.jpg",600,600,false],"thumbnail":["https:\/\/cornholelx.com\/wp-content\/uploads\/2026-Season-Start-Viper-RV-Gold-and-Blue-2-150x150.jpg",150,150,true],"medium":["https:\/\/cornholelx.com\/wp-content\/uploads\/2026-Season-Start-Viper-RV-Gold-and-Blue-2-300x300.jpg",300,300,true],"medium_large":["https:\/\/cornholelx.com\/wp-content\/uploads\/2026-Season-Start-Viper-RV-Gold-and-Blue-2.jpg",600,600,false],"large":["https:\/\/cornholelx.com\/wp-content\/uploads\/2026-Season-Start-Viper-RV-Gold-and-Blue-2.jpg",600,600,false],"1536x1536":["https:\/\/cornholelx.com\/wp-content\/uploads\/2026-Season-Start-Viper-RV-Gold-and-Blue-2.jpg",600,600,false],"2048x2048":["https:\/\/cornholelx.com\/wp-content\/uploads\/2026-Season-Start-Viper-RV-Gold-and-Blue-2.jpg",600,600,false],"woocommerce_thumbnail":["https:\/\/cornholelx.com\/wp-content\/uploads\/2026-Season-Start-Viper-RV-Gold-and-Blue-2-300x300.jpg",300,300,true],"woocommerce_single":["https:\/\/cornholelx.com\/wp-content\/uploads\/2026-Season-Start-Viper-RV-Gold-and-Blue-2.jpg",600,600,false],"woocommerce_gallery_thumbnail":["https:\/\/cornholelx.com\/wp-content\/uploads\/2026-Season-Start-Viper-RV-Gold-and-Blue-2-100x100.jpg",100,100,true]},"uagb_author_info":{"display_name":"R\u00e9mi","author_link":"https:\/\/cornholelx.com\/en\/author\/"},"uagb_comment_info":0,"uagb_excerpt":"About Viper-RV : Like the Viper-R and RS, the Viper-RV is a unique combination of two of cornhole&#8217;s finest materials. The fast side is identical to that of the famous Ultra Viper, while the slow side is made from our industry-standard hybrid carpet material. This bag is very forgiving around the hole and follows a&hellip;","jetpack-related-posts":[{"id":7889,"url":"https:\/\/cornholelx.com\/en\/boutique\/4-ultra-viper-r-cornhole-pockets\/","url_meta":{"origin":7894,"position":0},"title":"4 ULTRA VIPER-R Cornhole pockets","author":"R\u00e9mi","date":"2026-02-01","format":false,"excerpt":"\ud83c\udfaf Ultra Viper-R bags set the cornhole world on fire! Quantities available are limited. Most colors are now available. Orders may take 5 to 10 business days to process. Delivery takes 2 to 3 days, depending on your location and carrier. About the bag : The Viper-R is a unique\u2026","rel":"","context":"Similar post","block_context":{"text":"Similar post","link":""},"img":{"alt_text":"","src":"https:\/\/i0.wp.com\/cornholelx.com\/wp-content\/uploads\/WHITE-SKULL.png?resize=350%2C200&ssl=1","width":350,"height":200,"srcset":"https:\/\/i0.wp.com\/cornholelx.com\/wp-content\/uploads\/WHITE-SKULL.png?resize=350%2C200&ssl=1 1x, https:\/\/i0.wp.com\/cornholelx.com\/wp-content\/uploads\/WHITE-SKULL.png?resize=525%2C300&ssl=1 1.5x, https:\/\/i0.wp.com\/cornholelx.com\/wp-content\/uploads\/WHITE-SKULL.png?resize=700%2C400&ssl=1 2x"},"classes":[]},{"id":7892,"url":"https:\/\/cornholelx.com\/boutique\/4-poches-cornhole-ultra-viper-rv\/","url_meta":{"origin":7894,"position":1},"title":"4 poches Cornhole ULTRA VIPER-RV","author":"R\u00e9mi","date":"2026-02-01","format":false,"excerpt":"\u00c0 propos du Viper-RV : Comme le Viper-R et le RS, le Viper-RV est une combinaison unique de deux des meilleurs mat\u00e9riaux en cornhole. Le c\u00f4t\u00e9 rapide est identique \u00e0 celui du c\u00e9l\u00e8bre Ultra Viper, tandis que le c\u00f4t\u00e9 lent est compos\u00e9 de notre mat\u00e9riau hybride tapis, une r\u00e9f\u00e9rence dans\u2026","rel":"","context":"Similar post","block_context":{"text":"Similar post","link":""},"img":{"alt_text":"","src":"https:\/\/i0.wp.com\/cornholelx.com\/wp-content\/uploads\/2026-Season-Start-Viper-RV-Gold-and-Blue-2.jpg?resize=350%2C200&ssl=1","width":350,"height":200,"srcset":"https:\/\/i0.wp.com\/cornholelx.com\/wp-content\/uploads\/2026-Season-Start-Viper-RV-Gold-and-Blue-2.jpg?resize=350%2C200&ssl=1 1x, https:\/\/i0.wp.com\/cornholelx.com\/wp-content\/uploads\/2026-Season-Start-Viper-RV-Gold-and-Blue-2.jpg?resize=525%2C300&ssl=1 1.5x"},"classes":[]},{"id":5076,"url":"https:\/\/cornholelx.com\/en\/boutique\/air-mail-box-2\/","url_meta":{"origin":7894,"position":2},"title":"Air Mail Box &#8211; Cornhole Airmail Shot Training Tool","author":"R\u00e9mi","date":"2024-07-10","format":false,"excerpt":"\ud83c\udfaf **The Air Mail: Master the ultimate throw!** Do you know what *Air Mail* is? It's a throwing technique where the bag lands directly in the hole, without touching the board. \ud83d\udca5 Riskier? Yes. But also ultra-efficient when mastered! \ud83e\udd14 **Why aim for the middle then?** Aim for the center\u2026","rel":"","context":"Similar post","block_context":{"text":"Similar post","link":""},"img":{"alt_text":"","src":"https:\/\/i0.wp.com\/cornholelx.com\/wp-content\/uploads\/img_8514-scaled.jpeg?resize=350%2C200&ssl=1","width":350,"height":200,"srcset":"https:\/\/i0.wp.com\/cornholelx.com\/wp-content\/uploads\/img_8514-scaled.jpeg?resize=350%2C200&ssl=1 1x, https:\/\/i0.wp.com\/cornholelx.com\/wp-content\/uploads\/img_8514-scaled.jpeg?resize=525%2C300&ssl=1 1.5x, https:\/\/i0.wp.com\/cornholelx.com\/wp-content\/uploads\/img_8514-scaled.jpeg?resize=700%2C400&ssl=1 2x, https:\/\/i0.wp.com\/cornholelx.com\/wp-content\/uploads\/img_8514-scaled.jpeg?resize=1050%2C600&ssl=1 3x, https:\/\/i0.wp.com\/cornholelx.com\/wp-content\/uploads\/img_8514-scaled.jpeg?resize=1400%2C800&ssl=1 4x"},"classes":[]},{"id":7648,"url":"https:\/\/cornholelx.com\/en\/boutique\/set-of-8-pro-bags-cornhole-lx-bundle\/","url_meta":{"origin":7894,"position":3},"title":"SET OF 8 Grizzly ACQ PRO BAGS","author":"Pranjal Sharma","date":"2026-01-06","format":false,"excerpt":"Grizzly pocket set - ACQ approved 4 Grizzly Traction + 4 Grizzly Devastation Elevate your game with our complete set of Grizzlypockets, designed for performance, consistency and durability. Whether you're playing in a tournament or in your backyard, these pockets are ready for anything. \ud83c\udfaf Approved by the ACQ (Association\u2026","rel":"","context":"Similar post","block_context":{"text":"Similar post","link":""},"img":{"alt_text":"","src":"https:\/\/i0.wp.com\/cornholelx.com\/wp-content\/uploads\/paint-1536-x-1024-px-Couverture-de-boutique-Facebook-Carree-2.webp?resize=350%2C200&ssl=1","width":350,"height":200,"srcset":"https:\/\/i0.wp.com\/cornholelx.com\/wp-content\/uploads\/paint-1536-x-1024-px-Couverture-de-boutique-Facebook-Carree-2.webp?resize=350%2C200&ssl=1 1x, https:\/\/i0.wp.com\/cornholelx.com\/wp-content\/uploads\/paint-1536-x-1024-px-Couverture-de-boutique-Facebook-Carree-2.webp?resize=525%2C300&ssl=1 1.5x"},"classes":[]},{"id":7634,"url":"https:\/\/cornholelx.com\/en\/boutique\/elite-bundle-2026\/","url_meta":{"origin":7894,"position":4},"title":"Elite bundle 2026","author":"R\u00e9mi","date":"2026-01-07","format":false,"excerpt":"PRE-ORDER NOW \u2014 DELIVERY END OF APRIL Cornhole Elite Game LX The Premium Board Built for Serious Players Zero-bounce. Regulation size. Pro performance. If you\u2019re tired of cheap boards that bounce, flex, or feel inconsistent\u2026 This is the upgrade you\u2019ve been waiting for. \u2705 True regulation 4\u2019 \u00d7 2\u2019 size\u2026","rel":"","context":"Similar post","block_context":{"text":"Similar post","link":""},"img":{"alt_text":"","src":"https:\/\/i0.wp.com\/cornholelx.com\/wp-content\/uploads\/paint-1536-x-1024-px-Publication-Facebook-5.jpg?resize=350%2C200&ssl=1","width":350,"height":200,"srcset":"https:\/\/i0.wp.com\/cornholelx.com\/wp-content\/uploads\/paint-1536-x-1024-px-Publication-Facebook-5.jpg?resize=350%2C200&ssl=1 1x, https:\/\/i0.wp.com\/cornholelx.com\/wp-content\/uploads\/paint-1536-x-1024-px-Publication-Facebook-5.jpg?resize=525%2C300&ssl=1 1.5x, https:\/\/i0.wp.com\/cornholelx.com\/wp-content\/uploads\/paint-1536-x-1024-px-Publication-Facebook-5.jpg?resize=700%2C400&ssl=1 2x"},"classes":[]},{"id":3687,"url":"https:\/\/cornholelx.com\/en\/boutique\/27-lx-foot-controller-exclusive\/","url_meta":{"origin":7894,"position":5},"title":"27&#8221; LX foot controller (exclusive)","author":"R\u00e9mi","date":"2023-02-20","format":false,"excerpt":"At the cornhole, the distance between the 2 sets is very important. To increase your level of play, consistency is essential. Our film-coated metal regulator will give you the right distance every time, year after year. It is supplied with screws specially adapted for a distance of 27 feet. Easy\u2026","rel":"","context":"Similar post","block_context":{"text":"Similar post","link":""},"img":{"alt_text":"","src":"https:\/\/i0.wp.com\/cornholelx.com\/wp-content\/uploads\/Super-Promo-Pre-Saison-15.png?resize=350%2C200&ssl=1","width":350,"height":200,"srcset":"https:\/\/i0.wp.com\/cornholelx.com\/wp-content\/uploads\/Super-Promo-Pre-Saison-15.png?resize=350%2C200&ssl=1 1x, https:\/\/i0.wp.com\/cornholelx.com\/wp-content\/uploads\/Super-Promo-Pre-Saison-15.png?resize=525%2C300&ssl=1 1.5x, https:\/\/i0.wp.com\/cornholelx.com\/wp-content\/uploads\/Super-Promo-Pre-Saison-15.png?resize=700%2C400&ssl=1 2x, https:\/\/i0.wp.com\/cornholelx.com\/wp-content\/uploads\/Super-Promo-Pre-Saison-15.png?resize=1050%2C600&ssl=1 3x"},"classes":[]}],"jetpack_sharing_enabled":true,"_links":{"self":[{"href":"https:\/\/cornholelx.com\/en\/wp-json\/wp\/v2\/product\/7894","targetHints":{"allow":["GET"]}}],"collection":[{"href":"https:\/\/cornholelx.com\/en\/wp-json\/wp\/v2\/product"}],"about":[{"href":"https:\/\/cornholelx.com\/en\/wp-json\/wp\/v2\/types\/product"}],"replies":[{"embeddable":true,"href":"https:\/\/cornholelx.com\/en\/wp-json\/wp\/v2\/comments?post=7894"}],"wp:featuredmedia":[{"embeddable":true,"href":"https:\/\/cornholelx.com\/en\/wp-json\/wp\/v2\/media\/7907"}],"wp:attachment":[{"href":"https:\/\/cornholelx.com\/en\/wp-json\/wp\/v2\/media?parent=7894"}],"wp:term":[{"taxonomy":"product_brand","embeddable":true,"href":"https:\/\/cornholelx.com\/en\/wp-json\/wp\/v2\/product_brand?post=7894"},{"taxonomy":"product_cat","embeddable":true,"href":"https:\/\/cornholelx.com\/en\/wp-json\/wp\/v2\/product_cat?post=7894"},{"taxonomy":"product_tag","embeddable":true,"href":"https:\/\/cornholelx.com\/en\/wp-json\/wp\/v2\/product_tag?post=7894"}],"curies":[{"name":"wp","href":"https:\/\/api.w.org\/{rel}","templated":true}]}}