{"id":7712,"date":"2026-01-06T07:56:20","date_gmt":"2026-01-06T12:56:20","guid":{"rendered":"https:\/\/cornholelx.com\/boutique\/scoreboard-for-cornhole-pocket-game\/"},"modified":"2026-01-23T07:02:05","modified_gmt":"2026-01-23T12:02:05","slug":"scoreboard-for-cornhole-pocket-game","status":"publish","type":"product","link":"https:\/\/cornholelx.com\/en\/boutique\/scoreboard-for-cornhole-pocket-game\/","title":{"rendered":"Scoreboard for Cornhole (pocket game)"},"content":{"rendered":"<h3>Special offer on the purchase of 2 sets!<\/h3>\n<p>An essential accessory for keeping track of the match score, with the game rules printed on the back in French.<\/p>\n<p>Extremely lightweight and easy to transport, it is designed to be placed on its galvanized steel stand (included).<\/p>\n<p>You can also attach it to any other wooden support, directly to a fence or wall.<\/p>\n<p>Total assembled height: 127 cm<\/p>\n<p>Box dimensions: 76 x 15 x 2.5 cm<\/p>\n<p>Box contents :<\/p>\n<p>* Coroplast panel: 18 cm x 61 cm<\/p>\n<p>* 76 cm high galvanized metal stand<\/p>\n<p>* 2 metal clips<\/p>\n","protected":false},"excerpt":{"rendered":"<p>Special offer on the purchase of 2 sets! An essential accessory for keeping track of the match score, with the game rules printed on the back in French. Extremely lightweight and easy to transport, it is designed to be placed on its galvanized steel stand (included). You can also attach it to any other wooden [&hellip;]<\/p>\n","protected":false},"featured_media":7407,"comment_status":"open","ping_status":"closed","template":"","meta":{"_uag_custom_page_level_css":"","site-sidebar-layout":"default","site-content-layout":"","ast-site-content-layout":"default","site-content-style":"default","site-sidebar-style":"default","ast-global-header-display":"","ast-banner-title-visibility":"","ast-main-header-display":"","ast-hfb-above-header-display":"","ast-hfb-below-header-display":"","ast-hfb-mobile-header-display":"","site-post-title":"","ast-breadcrumbs-content":"","ast-featured-img":"","footer-sml-layout":"","ast-disable-related-posts":"","theme-transparent-header-meta":"default","adv-header-id-meta":"","stick-header-meta":"","header-above-stick-meta":"","header-main-stick-meta":"","header-below-stick-meta":"","astra-migrate-meta-layouts":"default","ast-page-background-enabled":"default","ast-page-background-meta":{"desktop":{"background-color":"var(--ast-global-color-4)","background-image":"","background-repeat":"repeat","background-position":"center center","background-size":"auto","background-attachment":"scroll","background-type":"","background-media":"","overlay-type":"","overlay-color":"","overlay-opacity":"","overlay-gradient":""},"tablet":{"background-color":"","background-image":"","background-repeat":"repeat","background-position":"center center","background-size":"auto","background-attachment":"scroll","background-type":"","background-media":"","overlay-type":"","overlay-color":"","overlay-opacity":"","overlay-gradient":""},"mobile":{"background-color":"","background-image":"","background-repeat":"repeat","background-position":"center center","background-size":"auto","background-attachment":"scroll","background-type":"","background-media":"","overlay-type":"","overlay-color":"","overlay-opacity":"","overlay-gradient":""}},"ast-content-background-meta":{"desktop":{"background-color":"var(--ast-global-color-5)","background-image":"","background-repeat":"repeat","background-position":"center center","background-size":"auto","background-attachment":"scroll","background-type":"","background-media":"","overlay-type":"","overlay-color":"","overlay-opacity":"","overlay-gradient":""},"tablet":{"background-color":"var(--ast-global-color-5)","background-image":"","background-repeat":"repeat","background-position":"center center","background-size":"auto","background-attachment":"scroll","background-type":"","background-media":"","overlay-type":"","overlay-color":"","overlay-opacity":"","overlay-gradient":""},"mobile":{"background-color":"var(--ast-global-color-5)","background-image":"","background-repeat":"repeat","background-position":"center center","background-size":"auto","background-attachment":"scroll","background-type":"","background-media":"","overlay-type":"","overlay-color":"","overlay-opacity":"","overlay-gradient":""}}},"product_brand":[],"product_cat":[108,110,111],"product_tag":[],"class_list":{"0":"post-7712","1":"product","2":"type-product","3":"status-publish","4":"has-post-thumbnail","6":"product_cat-bags-and-accessories","7":"product_cat-cornhole-en-2","8":"product_cat-superbundle","9":"desktop-align-left","10":"tablet-align-left","11":"mobile-align-left","13":"first","14":"instock","15":"taxable","16":"shipping-taxable","17":"purchasable","18":"product-type-simple","19":"add-to-wishlist-after_add_to_cart"},"aioseo_notices":[],"uagb_featured_image_src":{"full":["https:\/\/cornholelx.com\/wp-content\/uploads\/Scoreboard-pub-4.webp",1080,1080,false],"thumbnail":["https:\/\/cornholelx.com\/wp-content\/uploads\/Scoreboard-pub-4-150x150.webp",150,150,true],"medium":["https:\/\/cornholelx.com\/wp-content\/uploads\/Scoreboard-pub-4-300x300.webp",300,300,true],"medium_large":["https:\/\/cornholelx.com\/wp-content\/uploads\/Scoreboard-pub-4-768x768.webp",768,768,true],"large":["https:\/\/cornholelx.com\/wp-content\/uploads\/Scoreboard-pub-4-1024x1024.webp",1024,1024,true],"1536x1536":["https:\/\/cornholelx.com\/wp-content\/uploads\/Scoreboard-pub-4.webp",1080,1080,false],"2048x2048":["https:\/\/cornholelx.com\/wp-content\/uploads\/Scoreboard-pub-4.webp",1080,1080,false],"woocommerce_thumbnail":["https:\/\/cornholelx.com\/wp-content\/uploads\/Scoreboard-pub-4-300x300.webp",300,300,true],"woocommerce_single":["https:\/\/cornholelx.com\/wp-content\/uploads\/Scoreboard-pub-4-600x600.webp",600,600,true],"woocommerce_gallery_thumbnail":["https:\/\/cornholelx.com\/wp-content\/uploads\/Scoreboard-pub-4-100x100.webp",100,100,true]},"uagb_author_info":{"display_name":"Pranjal Sharma","author_link":"https:\/\/cornholelx.com\/en\/author\/"},"uagb_comment_info":0,"uagb_excerpt":"Special offer on the purchase of 2 sets! An essential accessory for keeping track of the match score, with the game rules printed on the back in French. Extremely lightweight and easy to transport, it is designed to be placed on its galvanized steel stand (included). You can also attach it to any other wooden&hellip;","jetpack-related-posts":[{"id":7405,"url":"https:\/\/cornholelx.com\/boutique\/scoreboard-for-cornhole-pocket-game\/","url_meta":{"origin":7712,"position":0},"title":"Scoreboard for Cornhole (pocket game)","author":"Pranjal Sharma","date":"2026-01-06","format":false,"excerpt":"Offre exceptionnelle \u00e0 l'achat de 2 ensembles ! Un accessoire indispensable pour suivre le score du match, avec les r\u00e8gles du jeu imprim\u00e9es au dos en fran\u00e7ais. Tr\u00e8s l\u00e9ger et facile \u00e0 transporter, il est con\u00e7u pour \u00eatre pos\u00e9 sur son support en acier galvanis\u00e9 (inclus). Vous pouvez \u00e9galement le\u2026","rel":"","context":"Similar post","block_context":{"text":"Similar post","link":""},"img":{"alt_text":"","src":"https:\/\/i0.wp.com\/cornholelx.com\/wp-content\/uploads\/Scoreboard-pub-4.webp?resize=350%2C200&ssl=1","width":350,"height":200,"srcset":"https:\/\/i0.wp.com\/cornholelx.com\/wp-content\/uploads\/Scoreboard-pub-4.webp?resize=350%2C200&ssl=1 1x, https:\/\/i0.wp.com\/cornholelx.com\/wp-content\/uploads\/Scoreboard-pub-4.webp?resize=525%2C300&ssl=1 1.5x, https:\/\/i0.wp.com\/cornholelx.com\/wp-content\/uploads\/Scoreboard-pub-4.webp?resize=700%2C400&ssl=1 2x, https:\/\/i0.wp.com\/cornholelx.com\/wp-content\/uploads\/Scoreboard-pub-4.webp?resize=1050%2C600&ssl=1 3x"},"classes":[]},{"id":5076,"url":"https:\/\/cornholelx.com\/en\/boutique\/air-mail-box-2\/","url_meta":{"origin":7712,"position":1},"title":"Air Mail Box &#8211; Cornhole Airmail Shot Training Tool","author":"R\u00e9mi","date":"2024-07-10","format":false,"excerpt":"\ud83c\udfaf **The Air Mail: Master the ultimate throw!** Do you know what *Air Mail* is? It's a throwing technique where the bag lands directly in the hole, without touching the board. \ud83d\udca5 Riskier? Yes. But also ultra-efficient when mastered! \ud83e\udd14 **Why aim for the middle then?** Aim for the center\u2026","rel":"","context":"Similar post","block_context":{"text":"Similar post","link":""},"img":{"alt_text":"","src":"https:\/\/i0.wp.com\/cornholelx.com\/wp-content\/uploads\/img_8514-scaled.jpeg?resize=350%2C200&ssl=1","width":350,"height":200,"srcset":"https:\/\/i0.wp.com\/cornholelx.com\/wp-content\/uploads\/img_8514-scaled.jpeg?resize=350%2C200&ssl=1 1x, https:\/\/i0.wp.com\/cornholelx.com\/wp-content\/uploads\/img_8514-scaled.jpeg?resize=525%2C300&ssl=1 1.5x, https:\/\/i0.wp.com\/cornholelx.com\/wp-content\/uploads\/img_8514-scaled.jpeg?resize=700%2C400&ssl=1 2x, https:\/\/i0.wp.com\/cornholelx.com\/wp-content\/uploads\/img_8514-scaled.jpeg?resize=1050%2C600&ssl=1 3x, https:\/\/i0.wp.com\/cornholelx.com\/wp-content\/uploads\/img_8514-scaled.jpeg?resize=1400%2C800&ssl=1 4x"},"classes":[]},{"id":7634,"url":"https:\/\/cornholelx.com\/en\/boutique\/elite-bundle-2026\/","url_meta":{"origin":7712,"position":2},"title":"Elite bundle 2026","author":"R\u00e9mi","date":"2026-01-07","format":false,"excerpt":"PRE-ORDER NOW \u2014 DELIVERY END OF APRIL Cornhole Elite Game LX The Premium Board Built for Serious Players Zero-bounce. Regulation size. Pro performance. If you\u2019re tired of cheap boards that bounce, flex, or feel inconsistent\u2026 This is the upgrade you\u2019ve been waiting for. \u2705 True regulation 4\u2019 \u00d7 2\u2019 size\u2026","rel":"","context":"Similar post","block_context":{"text":"Similar post","link":""},"img":{"alt_text":"","src":"https:\/\/i0.wp.com\/cornholelx.com\/wp-content\/uploads\/paint-1536-x-1024-px-Publication-Facebook-5.jpg?resize=350%2C200&ssl=1","width":350,"height":200,"srcset":"https:\/\/i0.wp.com\/cornholelx.com\/wp-content\/uploads\/paint-1536-x-1024-px-Publication-Facebook-5.jpg?resize=350%2C200&ssl=1 1x, https:\/\/i0.wp.com\/cornholelx.com\/wp-content\/uploads\/paint-1536-x-1024-px-Publication-Facebook-5.jpg?resize=525%2C300&ssl=1 1.5x, https:\/\/i0.wp.com\/cornholelx.com\/wp-content\/uploads\/paint-1536-x-1024-px-Publication-Facebook-5.jpg?resize=700%2C400&ssl=1 2x"},"classes":[]},{"id":3687,"url":"https:\/\/cornholelx.com\/en\/boutique\/27-lx-foot-controller-exclusive\/","url_meta":{"origin":7712,"position":3},"title":"27&#8221; LX foot controller (exclusive)","author":"R\u00e9mi","date":"2023-02-20","format":false,"excerpt":"At the cornhole, the distance between the 2 sets is very important. To increase your level of play, consistency is essential. Our film-coated metal regulator will give you the right distance every time, year after year. It is supplied with screws specially adapted for a distance of 27 feet. Easy\u2026","rel":"","context":"Similar post","block_context":{"text":"Similar post","link":""},"img":{"alt_text":"","src":"https:\/\/i0.wp.com\/cornholelx.com\/wp-content\/uploads\/Super-Promo-Pre-Saison-15.png?resize=350%2C200&ssl=1","width":350,"height":200,"srcset":"https:\/\/i0.wp.com\/cornholelx.com\/wp-content\/uploads\/Super-Promo-Pre-Saison-15.png?resize=350%2C200&ssl=1 1x, https:\/\/i0.wp.com\/cornholelx.com\/wp-content\/uploads\/Super-Promo-Pre-Saison-15.png?resize=525%2C300&ssl=1 1.5x, https:\/\/i0.wp.com\/cornholelx.com\/wp-content\/uploads\/Super-Promo-Pre-Saison-15.png?resize=700%2C400&ssl=1 2x, https:\/\/i0.wp.com\/cornholelx.com\/wp-content\/uploads\/Super-Promo-Pre-Saison-15.png?resize=1050%2C600&ssl=1 3x"},"classes":[]},{"id":4634,"url":"https:\/\/cornholelx.com\/en\/boutique\/customized-game\/","url_meta":{"origin":7712,"position":4},"title":"Customized game","author":"R\u00e9mi","date":"2024-03-07","format":false,"excerpt":"\ud83c\udfa8 Custom Cornhole Set - Create Your Unique Set! Treat yourself to the ultimate playing experience with our *Custom Cornhole Set*, handcrafted to fit your mood and style! This complete set includes all Elite Bundle options and sturdy 3\/4\" Russian cherrywood boards for exceptional durability and design. Place your order\u2026","rel":"","context":"Similar post","block_context":{"text":"Similar post","link":""},"img":{"alt_text":"custom cornhole boards displayed on grass, featuring various colorful designs, logos, and themed graphics, shown in multiple angles and paired board sets.","src":"https:\/\/i0.wp.com\/cornholelx.com\/wp-content\/uploads\/CornholeSet_MockUp-base-template-scaled.png?resize=350%2C200&ssl=1","width":350,"height":200,"srcset":"https:\/\/i0.wp.com\/cornholelx.com\/wp-content\/uploads\/CornholeSet_MockUp-base-template-scaled.png?resize=350%2C200&ssl=1 1x, https:\/\/i0.wp.com\/cornholelx.com\/wp-content\/uploads\/CornholeSet_MockUp-base-template-scaled.png?resize=525%2C300&ssl=1 1.5x, https:\/\/i0.wp.com\/cornholelx.com\/wp-content\/uploads\/CornholeSet_MockUp-base-template-scaled.png?resize=700%2C400&ssl=1 2x, https:\/\/i0.wp.com\/cornholelx.com\/wp-content\/uploads\/CornholeSet_MockUp-base-template-scaled.png?resize=1050%2C600&ssl=1 3x, https:\/\/i0.wp.com\/cornholelx.com\/wp-content\/uploads\/CornholeSet_MockUp-base-template-scaled.png?resize=1400%2C800&ssl=1 4x"},"classes":[]},{"id":7706,"url":"https:\/\/cornholelx.com\/en\/boutique\/cornhole-lx-official-cap\/","url_meta":{"origin":7712,"position":5},"title":"Cornhole LX Official Cap","author":"R\u00e9mi","date":"2025-03-16","format":false,"excerpt":"Cornhole LX Official Cap - Style, Comfort and Passion for the Game \ud83c\udfaf\ud83e\udde2 Show off your passion for cornhole with the official Cornhole LX cap! Designed for true fans of the game, this cap combines style and comfort to accompany you on the field as well as on a daily\u2026","rel":"","context":"Similar post","block_context":{"text":"Similar post","link":""},"img":{"alt_text":"","src":"https:\/\/i0.wp.com\/cornholelx.com\/wp-content\/uploads\/1-4.png?resize=350%2C200&ssl=1","width":350,"height":200,"srcset":"https:\/\/i0.wp.com\/cornholelx.com\/wp-content\/uploads\/1-4.png?resize=350%2C200&ssl=1 1x, https:\/\/i0.wp.com\/cornholelx.com\/wp-content\/uploads\/1-4.png?resize=525%2C300&ssl=1 1.5x, https:\/\/i0.wp.com\/cornholelx.com\/wp-content\/uploads\/1-4.png?resize=700%2C400&ssl=1 2x, https:\/\/i0.wp.com\/cornholelx.com\/wp-content\/uploads\/1-4.png?resize=1050%2C600&ssl=1 3x"},"classes":[]}],"jetpack_sharing_enabled":true,"_links":{"self":[{"href":"https:\/\/cornholelx.com\/en\/wp-json\/wp\/v2\/product\/7712","targetHints":{"allow":["GET"]}}],"collection":[{"href":"https:\/\/cornholelx.com\/en\/wp-json\/wp\/v2\/product"}],"about":[{"href":"https:\/\/cornholelx.com\/en\/wp-json\/wp\/v2\/types\/product"}],"replies":[{"embeddable":true,"href":"https:\/\/cornholelx.com\/en\/wp-json\/wp\/v2\/comments?post=7712"}],"wp:featuredmedia":[{"embeddable":true,"href":"https:\/\/cornholelx.com\/en\/wp-json\/wp\/v2\/media\/7407"}],"wp:attachment":[{"href":"https:\/\/cornholelx.com\/en\/wp-json\/wp\/v2\/media?parent=7712"}],"wp:term":[{"taxonomy":"product_brand","embeddable":true,"href":"https:\/\/cornholelx.com\/en\/wp-json\/wp\/v2\/product_brand?post=7712"},{"taxonomy":"product_cat","embeddable":true,"href":"https:\/\/cornholelx.com\/en\/wp-json\/wp\/v2\/product_cat?post=7712"},{"taxonomy":"product_tag","embeddable":true,"href":"https:\/\/cornholelx.com\/en\/wp-json\/wp\/v2\/product_tag?post=7712"}],"curies":[{"name":"wp","href":"https:\/\/api.w.org\/{rel}","templated":true}]}}