{"id":7711,"date":"2026-01-06T07:10:27","date_gmt":"2026-01-06T12:10:27","guid":{"rendered":"https:\/\/cornholelx.com\/boutique\/led-light-for-cornhole-16-colors-2\/"},"modified":"2026-01-23T06:40:59","modified_gmt":"2026-01-23T11:40:59","slug":"led-light-for-cornhole-16-colors-2","status":"publish","type":"product","link":"https:\/\/cornholelx.com\/en\/boutique\/led-light-for-cornhole-16-colors-2\/","title":{"rendered":"LED light for cornhole, 16 colors"},"content":{"rendered":"<p>Illuminez vos soir\u00e9es de jeux estivales.<\/p>\n<ul>\n<li>16 couleurs int\u00e9gr\u00e9es.<\/li>\n<li>\u00c9tanche.<\/li>\n<li>2 anneaux inclus.<\/li>\n<li>Piles non incluses.<\/li>\n<\/ul>\n","protected":false},"excerpt":{"rendered":"<p>Illuminez vos soir\u00e9es de jeux estivales. 16 couleurs int\u00e9gr\u00e9es. \u00c9tanche. 2 anneaux inclus. Piles non incluses.<\/p>\n","protected":false},"featured_media":7399,"comment_status":"open","ping_status":"closed","template":"","meta":{"_uag_custom_page_level_css":"","site-sidebar-layout":"default","site-content-layout":"","ast-site-content-layout":"default","site-content-style":"default","site-sidebar-style":"default","ast-global-header-display":"","ast-banner-title-visibility":"","ast-main-header-display":"","ast-hfb-above-header-display":"","ast-hfb-below-header-display":"","ast-hfb-mobile-header-display":"","site-post-title":"","ast-breadcrumbs-content":"","ast-featured-img":"","footer-sml-layout":"","ast-disable-related-posts":"","theme-transparent-header-meta":"default","adv-header-id-meta":"","stick-header-meta":"","header-above-stick-meta":"","header-main-stick-meta":"","header-below-stick-meta":"","astra-migrate-meta-layouts":"set","ast-page-background-enabled":"default","ast-page-background-meta":{"desktop":{"background-color":"var(--ast-global-color-4)","background-image":"","background-repeat":"repeat","background-position":"center center","background-size":"auto","background-attachment":"scroll","background-type":"","background-media":"","overlay-type":"","overlay-color":"","overlay-opacity":"","overlay-gradient":""},"tablet":{"background-color":"","background-image":"","background-repeat":"repeat","background-position":"center center","background-size":"auto","background-attachment":"scroll","background-type":"","background-media":"","overlay-type":"","overlay-color":"","overlay-opacity":"","overlay-gradient":""},"mobile":{"background-color":"","background-image":"","background-repeat":"repeat","background-position":"center center","background-size":"auto","background-attachment":"scroll","background-type":"","background-media":"","overlay-type":"","overlay-color":"","overlay-opacity":"","overlay-gradient":""}},"ast-content-background-meta":{"desktop":{"background-color":"var(--ast-global-color-5)","background-image":"","background-repeat":"repeat","background-position":"center center","background-size":"auto","background-attachment":"scroll","background-type":"","background-media":"","overlay-type":"","overlay-color":"","overlay-opacity":"","overlay-gradient":""},"tablet":{"background-color":"var(--ast-global-color-5)","background-image":"","background-repeat":"repeat","background-position":"center center","background-size":"auto","background-attachment":"scroll","background-type":"","background-media":"","overlay-type":"","overlay-color":"","overlay-opacity":"","overlay-gradient":""},"mobile":{"background-color":"var(--ast-global-color-5)","background-image":"","background-repeat":"repeat","background-position":"center center","background-size":"auto","background-attachment":"scroll","background-type":"","background-media":"","overlay-type":"","overlay-color":"","overlay-opacity":"","overlay-gradient":""}}},"product_brand":[],"product_cat":[108,110,111],"product_tag":[],"class_list":{"0":"post-7711","1":"product","2":"type-product","3":"status-publish","4":"has-post-thumbnail","6":"product_cat-bags-and-accessories","7":"product_cat-cornhole-en-2","8":"product_cat-superbundle","9":"desktop-align-left","10":"tablet-align-left","11":"mobile-align-left","13":"first","14":"instock","15":"taxable","16":"shipping-taxable","17":"purchasable","18":"product-type-simple","19":"add-to-wishlist-after_add_to_cart"},"aioseo_notices":[],"uagb_featured_image_src":{"full":["https:\/\/cornholelx.com\/wp-content\/uploads\/tournement-4-1.webp",960,960,false],"thumbnail":["https:\/\/cornholelx.com\/wp-content\/uploads\/tournement-4-1-150x150.webp",150,150,true],"medium":["https:\/\/cornholelx.com\/wp-content\/uploads\/tournement-4-1-300x300.webp",300,300,true],"medium_large":["https:\/\/cornholelx.com\/wp-content\/uploads\/tournement-4-1-768x768.webp",768,768,true],"large":["https:\/\/cornholelx.com\/wp-content\/uploads\/tournement-4-1.webp",960,960,false],"1536x1536":["https:\/\/cornholelx.com\/wp-content\/uploads\/tournement-4-1.webp",960,960,false],"2048x2048":["https:\/\/cornholelx.com\/wp-content\/uploads\/tournement-4-1.webp",960,960,false],"woocommerce_thumbnail":["https:\/\/cornholelx.com\/wp-content\/uploads\/tournement-4-1-300x300.webp",300,300,true],"woocommerce_single":["https:\/\/cornholelx.com\/wp-content\/uploads\/tournement-4-1-600x600.webp",600,600,true],"woocommerce_gallery_thumbnail":["https:\/\/cornholelx.com\/wp-content\/uploads\/tournement-4-1-100x100.webp",100,100,true]},"uagb_author_info":{"display_name":"Pranjal Sharma","author_link":"https:\/\/cornholelx.com\/en\/author\/"},"uagb_comment_info":0,"uagb_excerpt":"Illuminez vos soir\u00e9es de jeux estivales. 16 couleurs int\u00e9gr\u00e9es. \u00c9tanche. 2 anneaux inclus. Piles non incluses.","jetpack-related-posts":[{"id":7396,"url":"https:\/\/cornholelx.com\/boutique\/led-light-for-cornhole-16-colors\/","url_meta":{"origin":7711,"position":0},"title":"LED light for cornhole, 16 colors","author":"Pranjal Sharma","date":"2026-01-06","format":false,"excerpt":"Illuminez vos soir\u00e9es de jeux estivales. 16 couleurs int\u00e9gr\u00e9es. \u00c9tanche. 2 anneaux inclus. Piles non incluses.","rel":"","context":"Similar post","block_context":{"text":"Similar post","link":""},"img":{"alt_text":"","src":"https:\/\/i0.wp.com\/cornholelx.com\/wp-content\/uploads\/tournement-4-1.webp?resize=350%2C200&ssl=1","width":350,"height":200,"srcset":"https:\/\/i0.wp.com\/cornholelx.com\/wp-content\/uploads\/tournement-4-1.webp?resize=350%2C200&ssl=1 1x, https:\/\/i0.wp.com\/cornholelx.com\/wp-content\/uploads\/tournement-4-1.webp?resize=525%2C300&ssl=1 1.5x, https:\/\/i0.wp.com\/cornholelx.com\/wp-content\/uploads\/tournement-4-1.webp?resize=700%2C400&ssl=1 2x"},"classes":[]},{"id":1489,"url":"https:\/\/cornholelx.com\/boutique\/lumiere-led-pour-cornhole\/","url_meta":{"origin":7711,"position":1},"title":"Lumi\u00e8re led pour cornhole 16 couleurs","author":"R\u00e9mi","date":"2023-02-20","format":false,"excerpt":"\u00c9clairer vos jeux lors des chaudes soir\u00e9es d'\u00e9t\u00e9. 16 couleurs int\u00e9gr\u00e9es Water proof Batteries non-incluse","rel":"","context":"Similar post","block_context":{"text":"Similar post","link":""},"img":{"alt_text":"","src":"https:\/\/i0.wp.com\/cornholelx.com\/wp-content\/uploads\/2023\/08\/Super-Promo-Pre-Saison-13.png?resize=350%2C200&ssl=1","width":350,"height":200,"srcset":"https:\/\/i0.wp.com\/cornholelx.com\/wp-content\/uploads\/2023\/08\/Super-Promo-Pre-Saison-13.png?resize=350%2C200&ssl=1 1x, https:\/\/i0.wp.com\/cornholelx.com\/wp-content\/uploads\/2023\/08\/Super-Promo-Pre-Saison-13.png?resize=525%2C300&ssl=1 1.5x, https:\/\/i0.wp.com\/cornholelx.com\/wp-content\/uploads\/2023\/08\/Super-Promo-Pre-Saison-13.png?resize=700%2C400&ssl=1 2x, https:\/\/i0.wp.com\/cornholelx.com\/wp-content\/uploads\/2023\/08\/Super-Promo-Pre-Saison-13.png?resize=1050%2C600&ssl=1 3x"},"classes":[]},{"id":3688,"url":"https:\/\/cornholelx.com\/en\/boutique\/led-light-for-cornhole-16-colors\/","url_meta":{"origin":7711,"position":2},"title":"Led light for cornhole 16 colors","author":"R\u00e9mi","date":"2023-02-20","format":false,"excerpt":"Light up your games on warm summer evenings. 16 built-in colors Waterproof Batteries not included","rel":"","context":"Similar post","block_context":{"text":"Similar post","link":""},"img":{"alt_text":"","src":"https:\/\/i0.wp.com\/cornholelx.com\/wp-content\/uploads\/2023\/08\/Super-Promo-Pre-Saison-13.png?resize=350%2C200&ssl=1","width":350,"height":200,"srcset":"https:\/\/i0.wp.com\/cornholelx.com\/wp-content\/uploads\/2023\/08\/Super-Promo-Pre-Saison-13.png?resize=350%2C200&ssl=1 1x, https:\/\/i0.wp.com\/cornholelx.com\/wp-content\/uploads\/2023\/08\/Super-Promo-Pre-Saison-13.png?resize=525%2C300&ssl=1 1.5x, https:\/\/i0.wp.com\/cornholelx.com\/wp-content\/uploads\/2023\/08\/Super-Promo-Pre-Saison-13.png?resize=700%2C400&ssl=1 2x, https:\/\/i0.wp.com\/cornholelx.com\/wp-content\/uploads\/2023\/08\/Super-Promo-Pre-Saison-13.png?resize=1050%2C600&ssl=1 3x"},"classes":[]},{"id":7416,"url":"https:\/\/cornholelx.com\/boutique\/elite-bundle-2026\/","url_meta":{"origin":7711,"position":3},"title":"Elite bundle 2026","author":"Pranjal Sharma","date":"2026-01-07","format":false,"excerpt":"Livraison gratuite, payes en 4 versements avec Paypal Cornhole Elite Game LX Le jeu premium con\u00e7u pour les joueurs exigeants Z\u00e9ro rebond. Dimensions officielles. Performance professionnelle. Si tu es tann\u00e9 des planches bas de gamme qui rebondissent, plient ou donnent des r\u00e9sultats inconsistants\u2026 Voici la mise \u00e0 niveau que tu\u2026","rel":"","context":"Similar post","block_context":{"text":"Similar post","link":""},"img":{"alt_text":"","src":"https:\/\/i0.wp.com\/cornholelx.com\/wp-content\/uploads\/paint-1536-x-1024-px-Publication-Facebook-5.jpg?resize=350%2C200&ssl=1","width":350,"height":200,"srcset":"https:\/\/i0.wp.com\/cornholelx.com\/wp-content\/uploads\/paint-1536-x-1024-px-Publication-Facebook-5.jpg?resize=350%2C200&ssl=1 1x, https:\/\/i0.wp.com\/cornholelx.com\/wp-content\/uploads\/paint-1536-x-1024-px-Publication-Facebook-5.jpg?resize=525%2C300&ssl=1 1.5x, https:\/\/i0.wp.com\/cornholelx.com\/wp-content\/uploads\/paint-1536-x-1024-px-Publication-Facebook-5.jpg?resize=700%2C400&ssl=1 2x"},"classes":[]},{"id":3775,"url":"https:\/\/cornholelx.com\/boutique\/custom\/","url_meta":{"origin":7711,"position":4},"title":"Jeu personnalis\u00e9","author":"R\u00e9mi","date":"2024-03-07","format":false,"excerpt":"\ud83c\udfa8 Jeu de Cornhole Sur Mesure - Cr\u00e9ez Votre Ensemble Unique! Offrez-vous l\u2019exp\u00e9rience de jeu ultime avec notre *Ensemble Cornhole Sur Mesure*, fabriqu\u00e9 \u00e0 la main pour s'adapter \u00e0 vos envies et \u00e0 votre style! Ce set complet inclut toutes les options du Elite Bundle et des planches robustes en\u2026","rel":"","context":"Similar post","block_context":{"text":"Similar post","link":""},"img":{"alt_text":"","src":"https:\/\/i0.wp.com\/cornholelx.com\/wp-content\/uploads\/CornholeSet_MockUp-base-template-scaled.png?resize=350%2C200&ssl=1","width":350,"height":200,"srcset":"https:\/\/i0.wp.com\/cornholelx.com\/wp-content\/uploads\/CornholeSet_MockUp-base-template-scaled.png?resize=350%2C200&ssl=1 1x, https:\/\/i0.wp.com\/cornholelx.com\/wp-content\/uploads\/CornholeSet_MockUp-base-template-scaled.png?resize=525%2C300&ssl=1 1.5x, https:\/\/i0.wp.com\/cornholelx.com\/wp-content\/uploads\/CornholeSet_MockUp-base-template-scaled.png?resize=700%2C400&ssl=1 2x, https:\/\/i0.wp.com\/cornholelx.com\/wp-content\/uploads\/CornholeSet_MockUp-base-template-scaled.png?resize=1050%2C600&ssl=1 3x, https:\/\/i0.wp.com\/cornholelx.com\/wp-content\/uploads\/CornholeSet_MockUp-base-template-scaled.png?resize=1400%2C800&ssl=1 4x"},"classes":[]},{"id":7402,"url":"https:\/\/cornholelx.com\/boutique\/27-lx-regulator-exclusive\/","url_meta":{"origin":7711,"position":5},"title":"27&#8242; LX Regulator (exclusive)","author":"Pranjal Sharma","date":"2026-01-06","format":false,"excerpt":"Au cornhole, la distance entre les deux planches est cruciale. La r\u00e9gularit\u00e9 est essentielle pour progresser. Notre r\u00e9gulateur m\u00e9tallique, recouvert d'un film protecteur, vous garantit de respecter la distance id\u00e9ale \u00e0 chaque partie, ann\u00e9e apr\u00e8s ann\u00e9e. Il est fourni avec des vis sp\u00e9cialement con\u00e7ues pour une distance de 8,23 m\u00e8tres\u2026","rel":"","context":"Similar post","block_context":{"text":"Similar post","link":""},"img":{"alt_text":"","src":"https:\/\/i0.wp.com\/cornholelx.com\/wp-content\/uploads\/Super-Promo-Pre-Saison-15.webp?resize=350%2C200&ssl=1","width":350,"height":200,"srcset":"https:\/\/i0.wp.com\/cornholelx.com\/wp-content\/uploads\/Super-Promo-Pre-Saison-15.webp?resize=350%2C200&ssl=1 1x, https:\/\/i0.wp.com\/cornholelx.com\/wp-content\/uploads\/Super-Promo-Pre-Saison-15.webp?resize=525%2C300&ssl=1 1.5x, https:\/\/i0.wp.com\/cornholelx.com\/wp-content\/uploads\/Super-Promo-Pre-Saison-15.webp?resize=700%2C400&ssl=1 2x, https:\/\/i0.wp.com\/cornholelx.com\/wp-content\/uploads\/Super-Promo-Pre-Saison-15.webp?resize=1050%2C600&ssl=1 3x"},"classes":[]}],"jetpack_sharing_enabled":true,"_links":{"self":[{"href":"https:\/\/cornholelx.com\/en\/wp-json\/wp\/v2\/product\/7711","targetHints":{"allow":["GET"]}}],"collection":[{"href":"https:\/\/cornholelx.com\/en\/wp-json\/wp\/v2\/product"}],"about":[{"href":"https:\/\/cornholelx.com\/en\/wp-json\/wp\/v2\/types\/product"}],"replies":[{"embeddable":true,"href":"https:\/\/cornholelx.com\/en\/wp-json\/wp\/v2\/comments?post=7711"}],"wp:featuredmedia":[{"embeddable":true,"href":"https:\/\/cornholelx.com\/en\/wp-json\/wp\/v2\/media\/7399"}],"wp:attachment":[{"href":"https:\/\/cornholelx.com\/en\/wp-json\/wp\/v2\/media?parent=7711"}],"wp:term":[{"taxonomy":"product_brand","embeddable":true,"href":"https:\/\/cornholelx.com\/en\/wp-json\/wp\/v2\/product_brand?post=7711"},{"taxonomy":"product_cat","embeddable":true,"href":"https:\/\/cornholelx.com\/en\/wp-json\/wp\/v2\/product_cat?post=7711"},{"taxonomy":"product_tag","embeddable":true,"href":"https:\/\/cornholelx.com\/en\/wp-json\/wp\/v2\/product_tag?post=7711"}],"curies":[{"name":"wp","href":"https:\/\/api.w.org\/{rel}","templated":true}]}}