{"id":7648,"date":"2026-01-06T06:22:43","date_gmt":"2026-01-06T11:22:43","guid":{"rendered":"https:\/\/cornholelx.com\/?post_type=product&#038;p=7648"},"modified":"2026-01-28T13:15:28","modified_gmt":"2026-01-28T18:15:28","slug":"set-of-8-pro-bags-cornhole-lx-bundle","status":"publish","type":"product","link":"https:\/\/cornholelx.com\/en\/boutique\/set-of-8-pro-bags-cornhole-lx-bundle\/","title":{"rendered":"SET OF 8 Grizzly ACQ PRO BAGS"},"content":{"rendered":"<h2><b>Grizzly pocket set &#8211; ACQ approved<\/b><\/h2>\n<p class=\"p1\"><b>4 Grizzly Traction + 4 Grizzly Devastation<\/b><b><\/b><\/p>\n<p class=\"p4\">Elevate your game with our <span class=\"s3\"><b>complete set of Grizzly<\/b><\/span>pockets, designed for <span class=\"s3\"><b>performance, consistency and durability<\/b><\/span>. Whether you&#8217;re playing in a tournament or in your backyard, these pockets are ready for anything. <\/p>\n<p class=\"p1\"><span class=\"s1\">\ud83c\udfaf <\/span><b>Approved by the ACQ (Association Cornhole Qu\u00e9bec)<\/b><span class=\"s1\"> &#8211; Ready for competition!<\/span><\/p>\n<hr>\n<h3><b>Contents of the set :<\/b><\/h3>\n<p class=\"p1\"><span class=\"s1\">\u2705 <\/span><b>4 Grizzly Traction pockets<\/b><b><\/b><\/p>\n<ul>\n<li>\n<p class=\"p1\"><b>Speed: 5\/8<\/b><b><\/b><\/p>\n<\/li>\n<li>\n<p class=\"p1\">Controlled surface for precise throws<\/p>\n<\/li>\n<li>\n<p class=\"p1\">Ideal for fast boards and wet conditions<\/p>\n<\/li>\n<li>\n<p class=\"p1\">Perfect for strategic play, with lots of &#8220;placement&#8221;.<\/p>\n<\/li>\n<\/ul>\n<p class=\"p1\"><span class=\"s1\">\u2705 <\/span><b>4 Grizzly Devastation pockets<\/b><b><\/b><\/p>\n<ul>\n<li>\n<p class=\"p1\"><b>Speed: 6\/9<\/b><b><\/b><\/p>\n<\/li>\n<li>\n<p class=\"p1\">Superior glide for aggressive slides, pushes and glides<\/p>\n<\/li>\n<li>\n<p class=\"p1\">Excellent for players who like to attack the board<\/p>\n<\/li>\n<\/ul>\n<hr>\n<h3><b>Why choose Grizzly pockets?<\/b><\/h3>\n<p class=\"p1\"><span class=\"s1\">\ud83e\uddf5 <\/span><b>High quality manufacturing<\/b><b><\/b><\/p>\n<ul>\n<li>\n<p class=\"p1\">Durable fabrics with reinforced seams<\/p>\n<\/li>\n<li>\n<p class=\"p1\">Uniform filling for a balanced grip<\/p>\n<\/li>\n<li>\n<p class=\"p1\">Designed for consistent performance, whatever the conditions<\/p>\n<\/li>\n<\/ul>\n<p class=\"p1\"><span class=\"s1\">\ud83d\udee1\ufe0f <\/span><b>Competition-approved<\/b><b><\/b><\/p>\n<ul>\n<li>\n<p class=\"p1\">Certified by the<span class=\"s1\"><b>ACQ<\/b><b><\/b><\/span><\/p>\n<\/li>\n<li>\n<p class=\"p1\">Dimensions and weights to professional standards<\/p>\n<\/li>\n<\/ul>\n<p class=\"p1\"><span class=\"s1\">\ud83e\uddfc <\/span><b>Easy to maintain<\/b><b><\/b><\/p>\n<ul>\n<li>\n<p class=\"p1\">Moisture-resistant materials<\/p>\n<\/li>\n<li>\n<p class=\"p1\">Easy to clean for long service life<\/p>\n<\/li>\n<\/ul>\n<hr>\n<h3><b>Key benefits :<\/b><\/h3>\n<p class=\"p4\">\u2714\ufe0f Play with <span class=\"s3\"><b>2 different speeds<\/b><\/span> in a single package<\/p>\n<p class=\"p1\"><span class=\"s1\">\u2714\ufe0f Perfect for adapting to <\/span><b>all playing surfaces and styles<\/b><b><\/b><\/p>\n<p class=\"p1\"><span class=\"s1\">\u2714\ufe0f Suitable for <\/span><b>intermediate to advanced players<\/b><b><\/b><\/p>\n<p class=\"p1\"><span class=\"s1\">\u2714\ufe0f Compatible with all <\/span><b>size boards<\/b><b><\/b><\/p>\n<p class=\"p4\">\u2714\ufe0f Brand <span class=\"s3\"><b>proudly Qu\u00e9b\u00e9cois<\/b><\/span> &#8211; designed for our terrain and climate<\/p>\n<hr>\n<h3><b>Fast delivery anywhere in Quebec and Canada \ud83c\udde8\ud83c\udde6<\/b><\/h3>\n<p class=\"p4\">\ud83d\udce6 Shipping in <span class=\"s3\"><b>3 working days<\/b><b><\/b><\/span><\/p>\n<p class=\"p4\">\ud83d\uded2 Available exclusively on :<\/p>\n<p class=\"p4\">\ud83c\udf10 <a href=\"https:\/\/www.cornholelx.com\">www.cornholelx.com<\/a><\/p>\n<p><img fetchpriority=\"high\" decoding=\"async\" class=\"alignnone wp-image-7372 size-full\" src=\"https:\/\/cornholelx.com\/wp-content\/uploads\/width_1260.webp\" alt=\"\" width=\"1260\" height=\"240\" srcset=\"https:\/\/cornholelx.com\/wp-content\/uploads\/width_1260.webp 1260w, https:\/\/cornholelx.com\/wp-content\/uploads\/width_1260-300x57.webp 300w, https:\/\/cornholelx.com\/wp-content\/uploads\/width_1260-1024x195.webp 1024w, https:\/\/cornholelx.com\/wp-content\/uploads\/width_1260-768x146.webp 768w, https:\/\/cornholelx.com\/wp-content\/uploads\/width_1260-600x114.webp 600w\" sizes=\"(max-width: 1260px) 100vw, 1260px\" \/><\/p>\n","protected":false},"excerpt":{"rendered":"<p>Grizzly pocket set &#8211; ACQ approved 4 Grizzly Traction + 4 Grizzly Devastation Elevate your game with our complete set of Grizzlypockets, designed for performance, consistency and durability. Whether you&#8217;re playing in a tournament or in your backyard, these pockets are ready for anything. \ud83c\udfaf Approved by the ACQ (Association Cornhole Qu\u00e9bec) &#8211; Ready for [&hellip;]<\/p>\n","protected":false},"featured_media":7376,"comment_status":"open","ping_status":"closed","template":"","meta":{"_uag_custom_page_level_css":"","site-sidebar-layout":"default","site-content-layout":"","ast-site-content-layout":"default","site-content-style":"default","site-sidebar-style":"default","ast-global-header-display":"","ast-banner-title-visibility":"","ast-main-header-display":"","ast-hfb-above-header-display":"","ast-hfb-below-header-display":"","ast-hfb-mobile-header-display":"","site-post-title":"","ast-breadcrumbs-content":"","ast-featured-img":"","footer-sml-layout":"","ast-disable-related-posts":"","theme-transparent-header-meta":"default","adv-header-id-meta":"","stick-header-meta":"","header-above-stick-meta":"","header-main-stick-meta":"","header-below-stick-meta":"","astra-migrate-meta-layouts":"set","ast-page-background-enabled":"default","ast-page-background-meta":{"desktop":{"background-color":"var(--ast-global-color-4)","background-image":"","background-repeat":"repeat","background-position":"center center","background-size":"auto","background-attachment":"scroll","background-type":"","background-media":"","overlay-type":"","overlay-color":"","overlay-opacity":"","overlay-gradient":""},"tablet":{"background-color":"","background-image":"","background-repeat":"repeat","background-position":"center center","background-size":"auto","background-attachment":"scroll","background-type":"","background-media":"","overlay-type":"","overlay-color":"","overlay-opacity":"","overlay-gradient":""},"mobile":{"background-color":"","background-image":"","background-repeat":"repeat","background-position":"center center","background-size":"auto","background-attachment":"scroll","background-type":"","background-media":"","overlay-type":"","overlay-color":"","overlay-opacity":"","overlay-gradient":""}},"ast-content-background-meta":{"desktop":{"background-color":"var(--ast-global-color-5)","background-image":"","background-repeat":"repeat","background-position":"center center","background-size":"auto","background-attachment":"scroll","background-type":"","background-media":"","overlay-type":"","overlay-color":"","overlay-opacity":"","overlay-gradient":""},"tablet":{"background-color":"var(--ast-global-color-5)","background-image":"","background-repeat":"repeat","background-position":"center center","background-size":"auto","background-attachment":"scroll","background-type":"","background-media":"","overlay-type":"","overlay-color":"","overlay-opacity":"","overlay-gradient":""},"mobile":{"background-color":"var(--ast-global-color-5)","background-image":"","background-repeat":"repeat","background-position":"center center","background-size":"auto","background-attachment":"scroll","background-type":"","background-media":"","overlay-type":"","overlay-color":"","overlay-opacity":"","overlay-gradient":""}}},"product_brand":[],"product_cat":[121,108,110,111,152],"product_tag":[],"class_list":{"0":"post-7648","1":"product","2":"type-product","3":"status-publish","4":"has-post-thumbnail","6":"product_cat-accessories-en","7":"product_cat-bags-and-accessories","8":"product_cat-cornhole-en-2","9":"product_cat-superbundle","10":"product_cat-uncategorized","11":"product_shipping_class-accessory","12":"desktop-align-left","13":"tablet-align-left","14":"mobile-align-left","16":"first","17":"instock","18":"sale","19":"taxable","20":"shipping-taxable","21":"purchasable","22":"product-type-variable","23":"add-to-wishlist-after_add_to_cart"},"aioseo_notices":[],"uagb_featured_image_src":{"full":["https:\/\/cornholelx.com\/wp-content\/uploads\/paint-1536-x-1024-px-Couverture-de-boutique-Facebook-Carree-2.webp",600,600,false],"thumbnail":["https:\/\/cornholelx.com\/wp-content\/uploads\/paint-1536-x-1024-px-Couverture-de-boutique-Facebook-Carree-2-150x150.webp",150,150,true],"medium":["https:\/\/cornholelx.com\/wp-content\/uploads\/paint-1536-x-1024-px-Couverture-de-boutique-Facebook-Carree-2-300x300.webp",300,300,true],"medium_large":["https:\/\/cornholelx.com\/wp-content\/uploads\/paint-1536-x-1024-px-Couverture-de-boutique-Facebook-Carree-2.webp",600,600,false],"large":["https:\/\/cornholelx.com\/wp-content\/uploads\/paint-1536-x-1024-px-Couverture-de-boutique-Facebook-Carree-2.webp",600,600,false],"1536x1536":["https:\/\/cornholelx.com\/wp-content\/uploads\/paint-1536-x-1024-px-Couverture-de-boutique-Facebook-Carree-2.webp",600,600,false],"2048x2048":["https:\/\/cornholelx.com\/wp-content\/uploads\/paint-1536-x-1024-px-Couverture-de-boutique-Facebook-Carree-2.webp",600,600,false],"woocommerce_thumbnail":["https:\/\/cornholelx.com\/wp-content\/uploads\/paint-1536-x-1024-px-Couverture-de-boutique-Facebook-Carree-2-300x300.webp",300,300,true],"woocommerce_single":["https:\/\/cornholelx.com\/wp-content\/uploads\/paint-1536-x-1024-px-Couverture-de-boutique-Facebook-Carree-2.webp",600,600,false],"woocommerce_gallery_thumbnail":["https:\/\/cornholelx.com\/wp-content\/uploads\/paint-1536-x-1024-px-Couverture-de-boutique-Facebook-Carree-2-100x100.webp",100,100,true]},"uagb_author_info":{"display_name":"Pranjal Sharma","author_link":"https:\/\/cornholelx.com\/en\/author\/"},"uagb_comment_info":0,"uagb_excerpt":"Grizzly pocket set &#8211; ACQ approved 4 Grizzly Traction + 4 Grizzly Devastation Elevate your game with our complete set of Grizzlypockets, designed for performance, consistency and durability. Whether you&#8217;re playing in a tournament or in your backyard, these pockets are ready for anything. \ud83c\udfaf Approved by the ACQ (Association Cornhole Qu\u00e9bec) &#8211; Ready for&hellip;","jetpack-related-posts":[{"id":7370,"url":"https:\/\/cornholelx.com\/boutique\/set-of-8-grizzly-acq-pro-bags\/","url_meta":{"origin":7648,"position":0},"title":"SET OF 8 Grizzly ACQ PRO BAGS","author":"Pranjal Sharma","date":"2026-01-06","format":false,"excerpt":"Ensemble de poches Grizzly \u2013 Homologu\u00e9es ACQ 4 Grizzly Traction + 4 Grizzly D\u00e9vastation \u00c9levez votre niveau de jeu avec notre ensemble complet de poches Grizzly, con\u00e7ues pour la performance, la constance et la durabilit\u00e9. Que vous jouiez en tournoi ou dans votre cour arri\u00e8re, ces poches sont pr\u00eates \u00e0\u2026","rel":"","context":"Similar post","block_context":{"text":"Similar post","link":""},"img":{"alt_text":"","src":"https:\/\/i0.wp.com\/cornholelx.com\/wp-content\/uploads\/paint-1536-x-1024-px-Couverture-de-boutique-Facebook-Carree-2.webp?resize=350%2C200&ssl=1","width":350,"height":200,"srcset":"https:\/\/i0.wp.com\/cornholelx.com\/wp-content\/uploads\/paint-1536-x-1024-px-Couverture-de-boutique-Facebook-Carree-2.webp?resize=350%2C200&ssl=1 1x, https:\/\/i0.wp.com\/cornholelx.com\/wp-content\/uploads\/paint-1536-x-1024-px-Couverture-de-boutique-Facebook-Carree-2.webp?resize=525%2C300&ssl=1 1.5x"},"classes":[]},{"id":7634,"url":"https:\/\/cornholelx.com\/en\/boutique\/elite-bundle-2026\/","url_meta":{"origin":7648,"position":1},"title":"Elite bundle 2026","author":"R\u00e9mi","date":"2026-01-07","format":false,"excerpt":"PRE-ORDER NOW \u2014 DELIVERY END OF APRIL Cornhole Elite Game LX The Premium Board Built for Serious Players Zero-bounce. Regulation size. Pro performance. If you\u2019re tired of cheap boards that bounce, flex, or feel inconsistent\u2026 This is the upgrade you\u2019ve been waiting for. \u2705 True regulation 4\u2019 \u00d7 2\u2019 size\u2026","rel":"","context":"Similar post","block_context":{"text":"Similar post","link":""},"img":{"alt_text":"","src":"https:\/\/i0.wp.com\/cornholelx.com\/wp-content\/uploads\/paint-1536-x-1024-px-Publication-Facebook-5.jpg?resize=350%2C200&ssl=1","width":350,"height":200,"srcset":"https:\/\/i0.wp.com\/cornholelx.com\/wp-content\/uploads\/paint-1536-x-1024-px-Publication-Facebook-5.jpg?resize=350%2C200&ssl=1 1x, https:\/\/i0.wp.com\/cornholelx.com\/wp-content\/uploads\/paint-1536-x-1024-px-Publication-Facebook-5.jpg?resize=525%2C300&ssl=1 1.5x, https:\/\/i0.wp.com\/cornholelx.com\/wp-content\/uploads\/paint-1536-x-1024-px-Publication-Facebook-5.jpg?resize=700%2C400&ssl=1 2x"},"classes":[]},{"id":4634,"url":"https:\/\/cornholelx.com\/en\/boutique\/customized-game\/","url_meta":{"origin":7648,"position":2},"title":"Customized game","author":"R\u00e9mi","date":"2024-03-07","format":false,"excerpt":"\ud83c\udfa8 Custom Cornhole Set - Create Your Unique Set! Treat yourself to the ultimate playing experience with our *Custom Cornhole Set*, handcrafted to fit your mood and style! This complete set includes all Elite Bundle options and sturdy 3\/4\" Russian cherrywood boards for exceptional durability and design. Place your order\u2026","rel":"","context":"Similar post","block_context":{"text":"Similar post","link":""},"img":{"alt_text":"custom cornhole boards displayed on grass, featuring various colorful designs, logos, and themed graphics, shown in multiple angles and paired board sets.","src":"https:\/\/i0.wp.com\/cornholelx.com\/wp-content\/uploads\/CornholeSet_MockUp-base-template-scaled.png?resize=350%2C200&ssl=1","width":350,"height":200,"srcset":"https:\/\/i0.wp.com\/cornholelx.com\/wp-content\/uploads\/CornholeSet_MockUp-base-template-scaled.png?resize=350%2C200&ssl=1 1x, https:\/\/i0.wp.com\/cornholelx.com\/wp-content\/uploads\/CornholeSet_MockUp-base-template-scaled.png?resize=525%2C300&ssl=1 1.5x, https:\/\/i0.wp.com\/cornholelx.com\/wp-content\/uploads\/CornholeSet_MockUp-base-template-scaled.png?resize=700%2C400&ssl=1 2x, https:\/\/i0.wp.com\/cornholelx.com\/wp-content\/uploads\/CornholeSet_MockUp-base-template-scaled.png?resize=1050%2C600&ssl=1 3x, https:\/\/i0.wp.com\/cornholelx.com\/wp-content\/uploads\/CornholeSet_MockUp-base-template-scaled.png?resize=1400%2C800&ssl=1 4x"},"classes":[]},{"id":7889,"url":"https:\/\/cornholelx.com\/en\/boutique\/4-ultra-viper-r-cornhole-pockets\/","url_meta":{"origin":7648,"position":3},"title":"4 ULTRA VIPER-R Cornhole pockets","author":"R\u00e9mi","date":"2026-02-01","format":false,"excerpt":"\ud83c\udfaf Ultra Viper-R bags set the cornhole world on fire! Quantities available are limited. Most colors are now available. Orders may take 5 to 10 business days to process. Delivery takes 2 to 3 days, depending on your location and carrier. About the bag : The Viper-R is a unique\u2026","rel":"","context":"Similar post","block_context":{"text":"Similar post","link":""},"img":{"alt_text":"","src":"https:\/\/i0.wp.com\/cornholelx.com\/wp-content\/uploads\/WHITE-SKULL.png?resize=350%2C200&ssl=1","width":350,"height":200,"srcset":"https:\/\/i0.wp.com\/cornholelx.com\/wp-content\/uploads\/WHITE-SKULL.png?resize=350%2C200&ssl=1 1x, https:\/\/i0.wp.com\/cornholelx.com\/wp-content\/uploads\/WHITE-SKULL.png?resize=525%2C300&ssl=1 1.5x, https:\/\/i0.wp.com\/cornholelx.com\/wp-content\/uploads\/WHITE-SKULL.png?resize=700%2C400&ssl=1 2x"},"classes":[]},{"id":7712,"url":"https:\/\/cornholelx.com\/en\/boutique\/scoreboard-for-cornhole-pocket-game\/","url_meta":{"origin":7648,"position":4},"title":"Scoreboard for Cornhole (pocket game)","author":"Pranjal Sharma","date":"2026-01-06","format":false,"excerpt":"Special offer on the purchase of 2 sets! An essential accessory for keeping track of the match score, with the game rules printed on the back in French. Extremely lightweight and easy to transport, it is designed to be placed on its galvanized steel stand (included). You can also attach\u2026","rel":"","context":"Similar post","block_context":{"text":"Similar post","link":""},"img":{"alt_text":"","src":"https:\/\/i0.wp.com\/cornholelx.com\/wp-content\/uploads\/Scoreboard-pub-4.webp?resize=350%2C200&ssl=1","width":350,"height":200,"srcset":"https:\/\/i0.wp.com\/cornholelx.com\/wp-content\/uploads\/Scoreboard-pub-4.webp?resize=350%2C200&ssl=1 1x, https:\/\/i0.wp.com\/cornholelx.com\/wp-content\/uploads\/Scoreboard-pub-4.webp?resize=525%2C300&ssl=1 1.5x, https:\/\/i0.wp.com\/cornholelx.com\/wp-content\/uploads\/Scoreboard-pub-4.webp?resize=700%2C400&ssl=1 2x, https:\/\/i0.wp.com\/cornholelx.com\/wp-content\/uploads\/Scoreboard-pub-4.webp?resize=1050%2C600&ssl=1 3x"},"classes":[]},{"id":7894,"url":"https:\/\/cornholelx.com\/en\/boutique\/4-ultra-viper-r-cornhole-pockets-copie\/","url_meta":{"origin":7648,"position":5},"title":"4 ULTRA VIPER-RV Cornhole pockets","author":"R\u00e9mi","date":"2026-02-01","format":false,"excerpt":"About Viper-RV : Like the Viper-R and RS, the Viper-RV is a unique combination of two of cornhole's finest materials. The fast side is identical to that of the famous Ultra Viper, while the slow side is made from our industry-standard hybrid carpet material. This bag is very forgiving around\u2026","rel":"","context":"Similar post","block_context":{"text":"Similar post","link":""},"img":{"alt_text":"","src":"https:\/\/i0.wp.com\/cornholelx.com\/wp-content\/uploads\/2026-Season-Start-Viper-RV-Gold-and-Blue-2.jpg?resize=350%2C200&ssl=1","width":350,"height":200,"srcset":"https:\/\/i0.wp.com\/cornholelx.com\/wp-content\/uploads\/2026-Season-Start-Viper-RV-Gold-and-Blue-2.jpg?resize=350%2C200&ssl=1 1x, https:\/\/i0.wp.com\/cornholelx.com\/wp-content\/uploads\/2026-Season-Start-Viper-RV-Gold-and-Blue-2.jpg?resize=525%2C300&ssl=1 1.5x"},"classes":[]}],"jetpack_sharing_enabled":true,"_links":{"self":[{"href":"https:\/\/cornholelx.com\/en\/wp-json\/wp\/v2\/product\/7648","targetHints":{"allow":["GET"]}}],"collection":[{"href":"https:\/\/cornholelx.com\/en\/wp-json\/wp\/v2\/product"}],"about":[{"href":"https:\/\/cornholelx.com\/en\/wp-json\/wp\/v2\/types\/product"}],"replies":[{"embeddable":true,"href":"https:\/\/cornholelx.com\/en\/wp-json\/wp\/v2\/comments?post=7648"}],"wp:featuredmedia":[{"embeddable":true,"href":"https:\/\/cornholelx.com\/en\/wp-json\/wp\/v2\/media\/7376"}],"wp:attachment":[{"href":"https:\/\/cornholelx.com\/en\/wp-json\/wp\/v2\/media?parent=7648"}],"wp:term":[{"taxonomy":"product_brand","embeddable":true,"href":"https:\/\/cornholelx.com\/en\/wp-json\/wp\/v2\/product_brand?post=7648"},{"taxonomy":"product_cat","embeddable":true,"href":"https:\/\/cornholelx.com\/en\/wp-json\/wp\/v2\/product_cat?post=7648"},{"taxonomy":"product_tag","embeddable":true,"href":"https:\/\/cornholelx.com\/en\/wp-json\/wp\/v2\/product_tag?post=7648"}],"curies":[{"name":"wp","href":"https:\/\/api.w.org\/{rel}","templated":true}]}}