{"id":3687,"date":"2023-02-20T13:25:02","date_gmt":"2023-02-20T19:25:02","guid":{"rendered":"https:\/\/cornholelx.com\/boutique\/27-lx-foot-controller-exclusive\/"},"modified":"2024-10-08T07:00:08","modified_gmt":"2024-10-08T11:00:08","slug":"27-lx-foot-controller-exclusive","status":"publish","type":"product","link":"https:\/\/cornholelx.com\/en\/boutique\/27-lx-foot-controller-exclusive\/","title":{"rendered":"27&#8221; LX foot controller (exclusive)"},"content":{"rendered":"<p>At the cornhole, the distance between the 2 sets is very important. To increase your level of play, consistency is essential. Our film-coated metal regulator will give you the right distance every time, year after year. It is supplied with screws specially adapted for a distance of 27 feet.<\/p>\n<p>Easy but sturdy installation.<\/p>\n<p>Includes :<\/p>\n<p>1-plastic-coated wire<\/p>\n<p>2-nuts<\/p>\n<p>2-nuts<\/p>\n<p>2-Eye screw<\/p>\n<div class=\"ast-oembed-container \" style=\"height: 100%;\"><iframe title=\"RE\u0301GULATEUR de cornhole\" width=\"500\" height=\"375\" src=\"https:\/\/www.youtube.com\/embed\/Xx3IRrPydX0?feature=oembed\" frameborder=\"0\" allow=\"accelerometer; autoplay; clipboard-write; encrypted-media; gyroscope; picture-in-picture; web-share\" referrerpolicy=\"strict-origin-when-cross-origin\" allowfullscreen><\/iframe><\/div>\n","protected":false},"excerpt":{"rendered":"<p>At the cornhole, the distance between the 2 sets is very important. To increase your level of play, consistency is essential. Our film-coated metal regulator will give you the right distance every time, year after year. It is supplied with screws specially adapted for a distance of 27 feet. Easy but sturdy installation. Includes : [&hellip;]<\/p>\n","protected":false},"featured_media":3634,"comment_status":"closed","ping_status":"closed","template":"","meta":{"_uag_custom_page_level_css":"","site-sidebar-layout":"default","site-content-layout":"","ast-site-content-layout":"default","site-content-style":"default","site-sidebar-style":"default","ast-global-header-display":"","ast-banner-title-visibility":"","ast-main-header-display":"","ast-hfb-above-header-display":"","ast-hfb-below-header-display":"","ast-hfb-mobile-header-display":"","site-post-title":"","ast-breadcrumbs-content":"","ast-featured-img":"","footer-sml-layout":"","ast-disable-related-posts":"","theme-transparent-header-meta":"default","adv-header-id-meta":"","stick-header-meta":"","header-above-stick-meta":"","header-main-stick-meta":"","header-below-stick-meta":"","astra-migrate-meta-layouts":"default","ast-page-background-enabled":"default","ast-page-background-meta":{"desktop":{"background-color":"var(--ast-global-color-4)","background-image":"","background-repeat":"repeat","background-position":"center center","background-size":"auto","background-attachment":"scroll","background-type":"","background-media":"","overlay-type":"","overlay-color":"","overlay-opacity":"","overlay-gradient":""},"tablet":{"background-color":"","background-image":"","background-repeat":"repeat","background-position":"center center","background-size":"auto","background-attachment":"scroll","background-type":"","background-media":"","overlay-type":"","overlay-color":"","overlay-opacity":"","overlay-gradient":""},"mobile":{"background-color":"","background-image":"","background-repeat":"repeat","background-position":"center center","background-size":"auto","background-attachment":"scroll","background-type":"","background-media":"","overlay-type":"","overlay-color":"","overlay-opacity":"","overlay-gradient":""}},"ast-content-background-meta":{"desktop":{"background-color":"var(--ast-global-color-5)","background-image":"","background-repeat":"repeat","background-position":"center center","background-size":"auto","background-attachment":"scroll","background-type":"","background-media":"","overlay-type":"","overlay-color":"","overlay-opacity":"","overlay-gradient":""},"tablet":{"background-color":"var(--ast-global-color-5)","background-image":"","background-repeat":"repeat","background-position":"center center","background-size":"auto","background-attachment":"scroll","background-type":"","background-media":"","overlay-type":"","overlay-color":"","overlay-opacity":"","overlay-gradient":""},"mobile":{"background-color":"var(--ast-global-color-5)","background-image":"","background-repeat":"repeat","background-position":"center center","background-size":"auto","background-attachment":"scroll","background-type":"","background-media":"","overlay-type":"","overlay-color":"","overlay-opacity":"","overlay-gradient":""}}},"product_brand":[],"product_cat":[108],"product_tag":[],"class_list":{"0":"post-3687","1":"product","2":"type-product","3":"status-publish","4":"has-post-thumbnail","6":"product_cat-bags-and-accessories","7":"product_shipping_class-weight","8":"desktop-align-left","9":"tablet-align-left","10":"mobile-align-left","12":"first","13":"instock","14":"taxable","15":"shipping-taxable","16":"purchasable","17":"product-type-simple","18":"add-to-wishlist-after_add_to_cart"},"aioseo_notices":[],"uagb_featured_image_src":{"full":["https:\/\/cornholelx.com\/wp-content\/uploads\/Super-Promo-Pre-Saison-15.png",1080,1080,false],"thumbnail":["https:\/\/cornholelx.com\/wp-content\/uploads\/Super-Promo-Pre-Saison-15-150x150.png",150,150,true],"medium":["https:\/\/cornholelx.com\/wp-content\/uploads\/Super-Promo-Pre-Saison-15-300x300.png",300,300,true],"medium_large":["https:\/\/cornholelx.com\/wp-content\/uploads\/Super-Promo-Pre-Saison-15-768x768.png",768,768,true],"large":["https:\/\/cornholelx.com\/wp-content\/uploads\/Super-Promo-Pre-Saison-15-1024x1024.png",1024,1024,true],"1536x1536":["https:\/\/cornholelx.com\/wp-content\/uploads\/Super-Promo-Pre-Saison-15.png",1080,1080,false],"2048x2048":["https:\/\/cornholelx.com\/wp-content\/uploads\/Super-Promo-Pre-Saison-15.png",1080,1080,false],"woocommerce_thumbnail":["https:\/\/cornholelx.com\/wp-content\/uploads\/Super-Promo-Pre-Saison-15-300x300.png",300,300,true],"woocommerce_single":["https:\/\/cornholelx.com\/wp-content\/uploads\/Super-Promo-Pre-Saison-15-600x600.png",600,600,true],"woocommerce_gallery_thumbnail":["https:\/\/cornholelx.com\/wp-content\/uploads\/Super-Promo-Pre-Saison-15-100x100.png",100,100,true]},"uagb_author_info":{"display_name":"R\u00e9mi","author_link":"https:\/\/cornholelx.com\/en\/author\/"},"uagb_comment_info":0,"uagb_excerpt":"At the cornhole, the distance between the 2 sets is very important. To increase your level of play, consistency is essential. Our film-coated metal regulator will give you the right distance every time, year after year. It is supplied with screws specially adapted for a distance of 27 feet. Easy but sturdy installation. Includes :&hellip;","jetpack-related-posts":[{"id":7889,"url":"https:\/\/cornholelx.com\/en\/boutique\/4-ultra-viper-r-cornhole-pockets\/","url_meta":{"origin":3687,"position":0},"title":"4 ULTRA VIPER-R Cornhole pockets","author":"R\u00e9mi","date":"2026-02-01","format":false,"excerpt":"\ud83c\udfaf Ultra Viper-R bags set the cornhole world on fire! Quantities available are limited. Most colors are now available. Orders may take 5 to 10 business days to process. Delivery takes 2 to 3 days, depending on your location and carrier. About the bag : The Viper-R is a unique\u2026","rel":"","context":"Similar post","block_context":{"text":"Similar post","link":""},"img":{"alt_text":"","src":"https:\/\/i0.wp.com\/cornholelx.com\/wp-content\/uploads\/WHITE-SKULL.png?resize=350%2C200&ssl=1","width":350,"height":200,"srcset":"https:\/\/i0.wp.com\/cornholelx.com\/wp-content\/uploads\/WHITE-SKULL.png?resize=350%2C200&ssl=1 1x, https:\/\/i0.wp.com\/cornholelx.com\/wp-content\/uploads\/WHITE-SKULL.png?resize=525%2C300&ssl=1 1.5x, https:\/\/i0.wp.com\/cornholelx.com\/wp-content\/uploads\/WHITE-SKULL.png?resize=700%2C400&ssl=1 2x"},"classes":[]},{"id":7634,"url":"https:\/\/cornholelx.com\/en\/boutique\/elite-bundle-2026\/","url_meta":{"origin":3687,"position":1},"title":"Elite bundle 2026","author":"R\u00e9mi","date":"2026-01-07","format":false,"excerpt":"PRE-ORDER NOW \u2014 DELIVERY END OF APRIL Cornhole Elite Game LX The Premium Board Built for Serious Players Zero-bounce. Regulation size. Pro performance. If you\u2019re tired of cheap boards that bounce, flex, or feel inconsistent\u2026 This is the upgrade you\u2019ve been waiting for. \u2705 True regulation 4\u2019 \u00d7 2\u2019 size\u2026","rel":"","context":"Similar post","block_context":{"text":"Similar post","link":""},"img":{"alt_text":"","src":"https:\/\/i0.wp.com\/cornholelx.com\/wp-content\/uploads\/paint-1536-x-1024-px-Publication-Facebook-5.jpg?resize=350%2C200&ssl=1","width":350,"height":200,"srcset":"https:\/\/i0.wp.com\/cornholelx.com\/wp-content\/uploads\/paint-1536-x-1024-px-Publication-Facebook-5.jpg?resize=350%2C200&ssl=1 1x, https:\/\/i0.wp.com\/cornholelx.com\/wp-content\/uploads\/paint-1536-x-1024-px-Publication-Facebook-5.jpg?resize=525%2C300&ssl=1 1.5x, https:\/\/i0.wp.com\/cornholelx.com\/wp-content\/uploads\/paint-1536-x-1024-px-Publication-Facebook-5.jpg?resize=700%2C400&ssl=1 2x"},"classes":[]},{"id":4634,"url":"https:\/\/cornholelx.com\/en\/boutique\/customized-game\/","url_meta":{"origin":3687,"position":2},"title":"Customized game","author":"R\u00e9mi","date":"2024-03-07","format":false,"excerpt":"\ud83c\udfa8 Custom Cornhole Set - Create Your Unique Set! Treat yourself to the ultimate playing experience with our *Custom Cornhole Set*, handcrafted to fit your mood and style! This complete set includes all Elite Bundle options and sturdy 3\/4\" Russian cherrywood boards for exceptional durability and design. Place your order\u2026","rel":"","context":"Similar post","block_context":{"text":"Similar post","link":""},"img":{"alt_text":"custom cornhole boards displayed on grass, featuring various colorful designs, logos, and themed graphics, shown in multiple angles and paired board sets.","src":"https:\/\/i0.wp.com\/cornholelx.com\/wp-content\/uploads\/CornholeSet_MockUp-base-template-scaled.png?resize=350%2C200&ssl=1","width":350,"height":200,"srcset":"https:\/\/i0.wp.com\/cornholelx.com\/wp-content\/uploads\/CornholeSet_MockUp-base-template-scaled.png?resize=350%2C200&ssl=1 1x, https:\/\/i0.wp.com\/cornholelx.com\/wp-content\/uploads\/CornholeSet_MockUp-base-template-scaled.png?resize=525%2C300&ssl=1 1.5x, https:\/\/i0.wp.com\/cornholelx.com\/wp-content\/uploads\/CornholeSet_MockUp-base-template-scaled.png?resize=700%2C400&ssl=1 2x, https:\/\/i0.wp.com\/cornholelx.com\/wp-content\/uploads\/CornholeSet_MockUp-base-template-scaled.png?resize=1050%2C600&ssl=1 3x, https:\/\/i0.wp.com\/cornholelx.com\/wp-content\/uploads\/CornholeSet_MockUp-base-template-scaled.png?resize=1400%2C800&ssl=1 4x"},"classes":[]},{"id":5076,"url":"https:\/\/cornholelx.com\/en\/boutique\/air-mail-box-2\/","url_meta":{"origin":3687,"position":3},"title":"Air Mail Box &#8211; Cornhole Airmail Shot Training Tool","author":"R\u00e9mi","date":"2024-07-10","format":false,"excerpt":"\ud83c\udfaf **The Air Mail: Master the ultimate throw!** Do you know what *Air Mail* is? It's a throwing technique where the bag lands directly in the hole, without touching the board. \ud83d\udca5 Riskier? Yes. But also ultra-efficient when mastered! \ud83e\udd14 **Why aim for the middle then?** Aim for the center\u2026","rel":"","context":"Similar post","block_context":{"text":"Similar post","link":""},"img":{"alt_text":"","src":"https:\/\/i0.wp.com\/cornholelx.com\/wp-content\/uploads\/img_8514-scaled.jpeg?resize=350%2C200&ssl=1","width":350,"height":200,"srcset":"https:\/\/i0.wp.com\/cornholelx.com\/wp-content\/uploads\/img_8514-scaled.jpeg?resize=350%2C200&ssl=1 1x, https:\/\/i0.wp.com\/cornholelx.com\/wp-content\/uploads\/img_8514-scaled.jpeg?resize=525%2C300&ssl=1 1.5x, https:\/\/i0.wp.com\/cornholelx.com\/wp-content\/uploads\/img_8514-scaled.jpeg?resize=700%2C400&ssl=1 2x, https:\/\/i0.wp.com\/cornholelx.com\/wp-content\/uploads\/img_8514-scaled.jpeg?resize=1050%2C600&ssl=1 3x, https:\/\/i0.wp.com\/cornholelx.com\/wp-content\/uploads\/img_8514-scaled.jpeg?resize=1400%2C800&ssl=1 4x"},"classes":[]},{"id":7402,"url":"https:\/\/cornholelx.com\/boutique\/27-lx-regulator-exclusive\/","url_meta":{"origin":3687,"position":4},"title":"27&#8242; LX Regulator (exclusive)","author":"Pranjal Sharma","date":"2026-01-06","format":false,"excerpt":"Au cornhole, la distance entre les deux planches est cruciale. La r\u00e9gularit\u00e9 est essentielle pour progresser. Notre r\u00e9gulateur m\u00e9tallique, recouvert d'un film protecteur, vous garantit de respecter la distance id\u00e9ale \u00e0 chaque partie, ann\u00e9e apr\u00e8s ann\u00e9e. Il est fourni avec des vis sp\u00e9cialement con\u00e7ues pour une distance de 8,23 m\u00e8tres\u2026","rel":"","context":"Similar post","block_context":{"text":"Similar post","link":""},"img":{"alt_text":"","src":"https:\/\/i0.wp.com\/cornholelx.com\/wp-content\/uploads\/Super-Promo-Pre-Saison-15.webp?resize=350%2C200&ssl=1","width":350,"height":200,"srcset":"https:\/\/i0.wp.com\/cornholelx.com\/wp-content\/uploads\/Super-Promo-Pre-Saison-15.webp?resize=350%2C200&ssl=1 1x, https:\/\/i0.wp.com\/cornholelx.com\/wp-content\/uploads\/Super-Promo-Pre-Saison-15.webp?resize=525%2C300&ssl=1 1.5x, https:\/\/i0.wp.com\/cornholelx.com\/wp-content\/uploads\/Super-Promo-Pre-Saison-15.webp?resize=700%2C400&ssl=1 2x, https:\/\/i0.wp.com\/cornholelx.com\/wp-content\/uploads\/Super-Promo-Pre-Saison-15.webp?resize=1050%2C600&ssl=1 3x"},"classes":[]},{"id":7894,"url":"https:\/\/cornholelx.com\/en\/boutique\/4-ultra-viper-r-cornhole-pockets-copie\/","url_meta":{"origin":3687,"position":5},"title":"4 ULTRA VIPER-RV Cornhole pockets","author":"R\u00e9mi","date":"2026-02-01","format":false,"excerpt":"About Viper-RV : Like the Viper-R and RS, the Viper-RV is a unique combination of two of cornhole's finest materials. The fast side is identical to that of the famous Ultra Viper, while the slow side is made from our industry-standard hybrid carpet material. This bag is very forgiving around\u2026","rel":"","context":"Similar post","block_context":{"text":"Similar post","link":""},"img":{"alt_text":"","src":"https:\/\/i0.wp.com\/cornholelx.com\/wp-content\/uploads\/2026-Season-Start-Viper-RV-Gold-and-Blue-2.jpg?resize=350%2C200&ssl=1","width":350,"height":200,"srcset":"https:\/\/i0.wp.com\/cornholelx.com\/wp-content\/uploads\/2026-Season-Start-Viper-RV-Gold-and-Blue-2.jpg?resize=350%2C200&ssl=1 1x, https:\/\/i0.wp.com\/cornholelx.com\/wp-content\/uploads\/2026-Season-Start-Viper-RV-Gold-and-Blue-2.jpg?resize=525%2C300&ssl=1 1.5x"},"classes":[]}],"jetpack_sharing_enabled":true,"_links":{"self":[{"href":"https:\/\/cornholelx.com\/en\/wp-json\/wp\/v2\/product\/3687","targetHints":{"allow":["GET"]}}],"collection":[{"href":"https:\/\/cornholelx.com\/en\/wp-json\/wp\/v2\/product"}],"about":[{"href":"https:\/\/cornholelx.com\/en\/wp-json\/wp\/v2\/types\/product"}],"replies":[{"embeddable":true,"href":"https:\/\/cornholelx.com\/en\/wp-json\/wp\/v2\/comments?post=3687"}],"wp:featuredmedia":[{"embeddable":true,"href":"https:\/\/cornholelx.com\/en\/wp-json\/wp\/v2\/media\/3634"}],"wp:attachment":[{"href":"https:\/\/cornholelx.com\/en\/wp-json\/wp\/v2\/media?parent=3687"}],"wp:term":[{"taxonomy":"product_brand","embeddable":true,"href":"https:\/\/cornholelx.com\/en\/wp-json\/wp\/v2\/product_brand?post=3687"},{"taxonomy":"product_cat","embeddable":true,"href":"https:\/\/cornholelx.com\/en\/wp-json\/wp\/v2\/product_cat?post=3687"},{"taxonomy":"product_tag","embeddable":true,"href":"https:\/\/cornholelx.com\/en\/wp-json\/wp\/v2\/product_tag?post=3687"}],"curies":[{"name":"wp","href":"https:\/\/api.w.org\/{rel}","templated":true}]}}