{"id":7680,"date":"2024-03-20T13:22:56","date_gmt":"2024-03-20T17:22:56","guid":{"rendered":"https:\/\/cornholelx.com\/thank-you\/"},"modified":"2026-01-23T03:59:48","modified_gmt":"2026-01-23T08:59:48","slug":"thank-you","status":"publish","type":"page","link":"https:\/\/cornholelx.com\/en\/thank-you\/","title":{"rendered":"Thank you"},"content":{"rendered":"\t\t<div data-elementor-type=\"wp-page\" data-elementor-id=\"7680\" class=\"elementor elementor-7680 elementor-3913\" data-elementor-post-type=\"page\">\n\t\t\t\t<div class=\"elementor-element elementor-element-13744e9 e-flex e-con-boxed e-con e-parent\" data-id=\"13744e9\" data-element_type=\"container\" data-e-type=\"container\">\n\t\t\t\t\t<div class=\"e-con-inner\">\n\t\t\t\t<div class=\"elementor-element elementor-element-2f03fa1 elementor-widget elementor-widget-heading\" data-id=\"2f03fa1\" data-element_type=\"widget\" data-e-type=\"widget\" data-widget_type=\"heading.default\">\n\t\t\t\t\t<h1 class=\"elementor-heading-title elementor-size-default\">Thank you! Thank you! <\/h1>\t\t\t\t<\/div>\n\t\t\t\t\t<\/div>\n\t\t\t\t<\/div>\n\t\t<div class=\"elementor-element elementor-element-868e0d7 e-flex e-con-boxed e-con e-parent\" data-id=\"868e0d7\" data-element_type=\"container\" data-e-type=\"container\">\n\t\t\t\t\t<div class=\"e-con-inner\">\n\t\t\t\t<div class=\"elementor-element elementor-element-e7e157a elementor-widget elementor-widget-image\" data-id=\"e7e157a\" data-element_type=\"widget\" data-e-type=\"widget\" data-widget_type=\"image.default\">\n\t\t\t\t\t\t\t\t\t\t\t\t\t\t\t<img fetchpriority=\"high\" decoding=\"async\" width=\"300\" height=\"300\" src=\"https:\/\/cornholelx.com\/wp-content\/uploads\/Quan-le-jeu-devient-serieux-Publication-Instagram-2-300x300.png\" class=\"attachment-medium size-medium wp-image-3915\" alt=\"\" srcset=\"https:\/\/cornholelx.com\/wp-content\/uploads\/Quan-le-jeu-devient-serieux-Publication-Instagram-2-300x300.png 300w, https:\/\/cornholelx.com\/wp-content\/uploads\/Quan-le-jeu-devient-serieux-Publication-Instagram-2-1024x1024.png 1024w, https:\/\/cornholelx.com\/wp-content\/uploads\/Quan-le-jeu-devient-serieux-Publication-Instagram-2-150x150.png 150w, https:\/\/cornholelx.com\/wp-content\/uploads\/Quan-le-jeu-devient-serieux-Publication-Instagram-2-768x768.png 768w, https:\/\/cornholelx.com\/wp-content\/uploads\/Quan-le-jeu-devient-serieux-Publication-Instagram-2-600x600.png 600w, https:\/\/cornholelx.com\/wp-content\/uploads\/Quan-le-jeu-devient-serieux-Publication-Instagram-2-100x100.png 100w, https:\/\/cornholelx.com\/wp-content\/uploads\/Quan-le-jeu-devient-serieux-Publication-Instagram-2.png 1080w\" sizes=\"(max-width: 300px) 100vw, 300px\" \/>\t\t\t\t\t\t\t\t\t\t\t\t\t\t\t<\/div>\n\t\t\t\t\t<\/div>\n\t\t\t\t<\/div>\n\t\t\t\t<\/div>\n\t\t","protected":false},"excerpt":{"rendered":"<p>Thank you! Thank you!<\/p>\n","protected":false},"author":1,"featured_media":0,"parent":0,"menu_order":0,"comment_status":"closed","ping_status":"closed","template":"","meta":{"_uag_custom_page_level_css":"","site-sidebar-layout":"no-sidebar","site-content-layout":"","ast-site-content-layout":"full-width-container","site-content-style":"default","site-sidebar-style":"default","ast-global-header-display":"","ast-banner-title-visibility":"","ast-main-header-display":"","ast-hfb-above-header-display":"","ast-hfb-below-header-display":"","ast-hfb-mobile-header-display":"","site-post-title":"disabled","ast-breadcrumbs-content":"","ast-featured-img":"disabled","footer-sml-layout":"","ast-disable-related-posts":"","theme-transparent-header-meta":"","adv-header-id-meta":"","stick-header-meta":"","header-above-stick-meta":"","header-main-stick-meta":"","header-below-stick-meta":"","astra-migrate-meta-layouts":"default","ast-page-background-enabled":"default","ast-page-background-meta":{"desktop":{"background-color":"var(--ast-global-color-4)","background-image":"","background-repeat":"repeat","background-position":"center center","background-size":"auto","background-attachment":"scroll","background-type":"","background-media":"","overlay-type":"","overlay-color":"","overlay-opacity":"","overlay-gradient":""},"tablet":{"background-color":"","background-image":"","background-repeat":"repeat","background-position":"center center","background-size":"auto","background-attachment":"scroll","background-type":"","background-media":"","overlay-type":"","overlay-color":"","overlay-opacity":"","overlay-gradient":""},"mobile":{"background-color":"","background-image":"","background-repeat":"repeat","background-position":"center center","background-size":"auto","background-attachment":"scroll","background-type":"","background-media":"","overlay-type":"","overlay-color":"","overlay-opacity":"","overlay-gradient":""}},"ast-content-background-meta":{"desktop":{"background-color":"var(--ast-global-color-5)","background-image":"","background-repeat":"repeat","background-position":"center center","background-size":"auto","background-attachment":"scroll","background-type":"","background-media":"","overlay-type":"","overlay-color":"","overlay-opacity":"","overlay-gradient":""},"tablet":{"background-color":"var(--ast-global-color-5)","background-image":"","background-repeat":"repeat","background-position":"center center","background-size":"auto","background-attachment":"scroll","background-type":"","background-media":"","overlay-type":"","overlay-color":"","overlay-opacity":"","overlay-gradient":""},"mobile":{"background-color":"var(--ast-global-color-5)","background-image":"","background-repeat":"repeat","background-position":"center center","background-size":"auto","background-attachment":"scroll","background-type":"","background-media":"","overlay-type":"","overlay-color":"","overlay-opacity":"","overlay-gradient":""}},"footnotes":""},"class_list":["post-7680","page","type-page","status-publish","hentry"],"aioseo_notices":[],"uagb_featured_image_src":{"full":false,"thumbnail":false,"medium":false,"medium_large":false,"large":false,"1536x1536":false,"2048x2048":false,"woocommerce_thumbnail":false,"woocommerce_single":false,"woocommerce_gallery_thumbnail":false},"uagb_author_info":{"display_name":"R\u00e9mi","author_link":"https:\/\/cornholelx.com\/en\/author\/funmatik\/"},"uagb_comment_info":0,"uagb_excerpt":"Thank you! Thank you!","jetpack-related-posts":[{"id":7572,"url":"https:\/\/cornholelx.com\/en\/new-home-2\/","url_meta":{"origin":7680,"position":0},"title":"Home","author":"Altin Pllana","date":"2025-05-29","format":false,"excerpt":"\u00a0 Mega promo! \u00a0 PRE-SALE 2026! Delivery in APRIL Order now Fast delivery Receive your top-of-the-range boards quickly and securely, thanks to reliable tracking at every stage of delivery. Fast delivery from our 2 distribution centers with a tracking number. Superior quality Precision-crafted from top-quality materials, guaranteeing durability and outstanding\u2026","rel":"","context":"Similar post","block_context":{"text":"Similar post","link":""},"img":{"alt_text":"","src":"https:\/\/i0.wp.com\/cornholelx.com\/wp-content\/uploads\/support.png?resize=350%2C200&ssl=1","width":350,"height":200,"srcset":"https:\/\/i0.wp.com\/cornholelx.com\/wp-content\/uploads\/support.png?resize=350%2C200&ssl=1 1x, https:\/\/i0.wp.com\/cornholelx.com\/wp-content\/uploads\/support.png?resize=525%2C300&ssl=1 1.5x"},"classes":[]},{"id":8053,"url":"https:\/\/cornholelx.com\/home\/","url_meta":{"origin":7680,"position":1},"title":"Home","author":"Altin Pllana","date":"2025-05-29","format":false,"excerpt":"\u00a0 Mega promo! \u00a0 PRE-SALE 2026! Delivery in APRIL Order now Fast delivery Receive your top-of-the-range boards quickly and securely, thanks to reliable tracking at every stage of delivery. Fast delivery from our 2 distribution centers with a tracking number. Superior quality Precision-crafted from top-quality materials, guaranteeing durability and outstanding\u2026","rel":"","context":"Similar post","block_context":{"text":"Similar post","link":""},"img":{"alt_text":"","src":"https:\/\/i0.wp.com\/cornholelx.com\/wp-content\/uploads\/shipp-1.png?resize=350%2C200&ssl=1","width":350,"height":200},"classes":[]},{"id":7822,"url":"https:\/\/cornholelx.com\/en\/","url_meta":{"origin":7680,"position":2},"title":"Home","author":"Altin Pllana","date":"2025-05-29","format":false,"excerpt":"Mega promo! SPRING 2026! 3-day delivery Order now Fast deliveryGet your premium cornhole boards fast and safe, with reliable tracking at every step of the cornhole game delivery. Fast shipping from our 2 distribution centers, tracking number included. Superior qualityPrecision crafted for the cornhole game using top-grade materials, built for\u2026","rel":"","context":"Similar post","block_context":{"text":"Similar post","link":""},"img":{"alt_text":"","src":"https:\/\/i0.wp.com\/cornholelx.com\/wp-content\/uploads\/Cornhole-LX-Elite-edited_1.png?resize=350%2C200&ssl=1","width":350,"height":200,"srcset":"https:\/\/i0.wp.com\/cornholelx.com\/wp-content\/uploads\/Cornhole-LX-Elite-edited_1.png?resize=350%2C200&ssl=1 1x, https:\/\/i0.wp.com\/cornholelx.com\/wp-content\/uploads\/Cornhole-LX-Elite-edited_1.png?resize=525%2C300&ssl=1 1.5x, https:\/\/i0.wp.com\/cornholelx.com\/wp-content\/uploads\/Cornhole-LX-Elite-edited_1.png?resize=700%2C400&ssl=1 2x"},"classes":[]},{"id":3913,"url":"https:\/\/cornholelx.com\/merci\/","url_meta":{"origin":7680,"position":3},"title":"Merci","author":"R\u00e9mi","date":"2024-03-20","format":false,"excerpt":"Merci! Thank you!","rel":"","context":"Similar post","block_context":{"text":"Similar post","link":""},"img":{"alt_text":"","src":"https:\/\/i0.wp.com\/cornholelx.com\/wp-content\/uploads\/Quan-le-jeu-devient-serieux-Publication-Instagram-2-300x300.png?resize=350%2C200&ssl=1","width":350,"height":200},"classes":[]},{"id":3665,"url":"https:\/\/cornholelx.com\/en\/privacy-policy\/","url_meta":{"origin":7680,"position":4},"title":"Privacy policy","author":"R\u00e9mi","date":"2022-04-18","format":false,"excerpt":"About usWelcome to Cornhole LX. I'm R\u00e9mi C\u00f4t\u00e9, owner of Cornhole LX. I'm obviously an amateur cornhole player and a member of Quebec's biggest cornhole league, Cornhole Saguenay. It was through playing that my passion for the game won me over. I've been a marketing teacher and consultant for several\u2026","rel":"","context":"Similar post","block_context":{"text":"Similar post","link":""},"img":{"alt_text":"","src":"","width":0,"height":0},"classes":[]},{"id":4515,"url":"https:\/\/cornholelx.com\/refund_returns\/","url_meta":{"origin":7680,"position":5},"title":"Refund and Returns Policy","author":"R\u00e9mi","date":"2024-05-22","format":false,"excerpt":"This is a sample page. Overview Our refund and returns policy lasts 30 days. If 30 days have passed since your purchase, we can\u2019t offer you a full refund or exchange. To be eligible for a return, your item must be unused and in the same condition that you received\u2026","rel":"","context":"Similar post","block_context":{"text":"Similar post","link":""},"img":{"alt_text":"","src":"","width":0,"height":0},"classes":[]}],"jetpack_sharing_enabled":true,"_links":{"self":[{"href":"https:\/\/cornholelx.com\/en\/wp-json\/wp\/v2\/pages\/7680","targetHints":{"allow":["GET"]}}],"collection":[{"href":"https:\/\/cornholelx.com\/en\/wp-json\/wp\/v2\/pages"}],"about":[{"href":"https:\/\/cornholelx.com\/en\/wp-json\/wp\/v2\/types\/page"}],"author":[{"embeddable":true,"href":"https:\/\/cornholelx.com\/en\/wp-json\/wp\/v2\/users\/1"}],"replies":[{"embeddable":true,"href":"https:\/\/cornholelx.com\/en\/wp-json\/wp\/v2\/comments?post=7680"}],"version-history":[{"count":1,"href":"https:\/\/cornholelx.com\/en\/wp-json\/wp\/v2\/pages\/7680\/revisions"}],"predecessor-version":[{"id":7687,"href":"https:\/\/cornholelx.com\/en\/wp-json\/wp\/v2\/pages\/7680\/revisions\/7687"}],"wp:attachment":[{"href":"https:\/\/cornholelx.com\/en\/wp-json\/wp\/v2\/media?parent=7680"}],"curies":[{"name":"wp","href":"https:\/\/api.w.org\/{rel}","templated":true}]}}