{"id":5071,"date":"2024-05-22T02:33:46","date_gmt":"2024-05-22T06:33:46","guid":{"rendered":"https:\/\/cornholelx.com\/refund-and-returns-policy\/"},"modified":"2024-10-08T06:30:40","modified_gmt":"2024-10-08T10:30:40","slug":"refund-and-returns-policy","status":"publish","type":"page","link":"https:\/\/cornholelx.com\/en\/refund-and-returns-policy\/","title":{"rendered":"Refund and Returns Policy"},"content":{"rendered":"\n<p><b>This is a sample page.<\/b><\/p>\n\n<h2 class=\"wp-block-heading\">Overview<\/h2>\n\n<p>Our refund and returns policy lasts 30 days. If 30 days have passed since your purchase, we can&#8217;t offer you a full refund or exchange. <\/p>\n\n<p>To be eligible for a return, your item must be unused and in the same condition that you received it. It must also be in the original packaging. <\/p>\n\n<p>Several types of goods are exempt from being returned. Perishable goods such as food, flowers, newspapers or magazines cannot be returned. We also do not accept products that are intimate or sanitary goods, hazardous materials, or flammable liquids or gases.  <\/p>\n\n<p>Additional non-returnable items:<\/p>\n\n<ul class=\"wp-block-list\">\n<li>Gift cards<\/li>\n<li>Downloadable software products<\/li>\n<li>Some health and personal care items<\/li>\n<\/ul>\n\n<p>To complete your return, we require a receipt or proof of purchase.<\/p>\n\n<p>Please do not send your purchase back to the manufacturer.<\/p>\n\n<p>There are certain situations where only partial refunds are granted:<\/p>\n\n<ul class=\"wp-block-list\">\n<li>Book with obvious signs of use<\/li>\n<li>CD, DVD, VHS tape, software, video game, cassette tape, or vinyl record that has been opened.<\/li>\n<li>Any item not in its original condition, is damaged or missing parts for reasons not due to our error.<\/li>\n<li>Any item that is returned more than 30 days after delivery<\/li>\n<\/ul>\n\n<h2>Refunds<\/h2>\n\n<p>Once your return is received and inspected, we will send you an email to notify you that we have received your returned item. We will also notify you of the approval or rejection of your refund. <\/p>\n\n<p>If you are approved, then your refund will be processed, and a credit will automatically be applied to your credit card or original method of payment, within a certain amount of days.<\/p>\n\n<h3 class=\"wp-block-heading\">Late or missing refunds<\/h3>\n\n<p>If you haven&#8217;t received a refund yet, first check your bank account again.<\/p>\n\n<p>Then contact your credit card company, it may take some time before your refund is officially posted.<\/p>\n\n<p>Next contact your bank. There is often some processing time before a refund is posted. <\/p>\n\n<p>If you&#8217;ve done all of this and you still have not received your refund yet, please contact us at {email address}.<\/p>\n\n<h3 class=\"wp-block-heading\">Sale items<\/h3>\n\n<p>Only regular priced items may be refunded. Sale items cannot be refunded. <\/p>\n\n<h2>Exchanges<\/h2>\n\n<p>We only replace items if they are defective or damaged. If you need to exchange it for the same item, send us an email at {email address} and send your item to: {physical address}. <\/p>\n\n<h2>Gifts<\/h2>\n\n<p>If the item was marked as a gift when purchased and shipped directly to you, you&#8217;ll receive a gift credit for the value of your return. Once the returned item is received, a gift certificate will be mailed to you. <\/p>\n\n<p>If the item wasn&#8217;t marked as a gift when purchased, or the gift giver had the order shipped to themselves to give to you later, we will send a refund to the gift giver and they will find out about your return.<\/p>\n\n<h2>Shipping returns<\/h2>\n\n<p>To return your product, you should mail your product to: {physical address}.<\/p>\n\n<p>You will be responsible for paying for your own shipping costs for returning your item. Shipping costs are non-refundable. If you receive a refund, the cost of return shipping will be deducted from your refund.  <\/p>\n\n<p>Depending on where you live, the time it may take for your exchanged product to reach you may vary.<\/p>\n\n<p>If you are returning more expensive items, you may consider using a trackable shipping service or purchasing shipping insurance. We don&#8217;t guarantee that we will receive your returned item. <\/p>\n\n<h2>Need help?<\/h2>\n\n<p>Contact us at {email} for questions related to refunds and returns.<\/p>\n","protected":false},"excerpt":{"rendered":"<p>This is a sample page. Overview Our refund and returns policy lasts 30 days. If 30 days have passed since your purchase, we can&#8217;t offer you a full refund or exchange. To be eligible for a return, your item must be unused and in the same condition that you received it. It must also be [&hellip;]<\/p>\n","protected":false},"author":1,"featured_media":0,"parent":0,"menu_order":0,"comment_status":"closed","ping_status":"closed","template":"","meta":{"_uag_custom_page_level_css":"","site-sidebar-layout":"default","site-content-layout":"","ast-site-content-layout":"default","site-content-style":"default","site-sidebar-style":"default","ast-global-header-display":"","ast-banner-title-visibility":"","ast-main-header-display":"","ast-hfb-above-header-display":"","ast-hfb-below-header-display":"","ast-hfb-mobile-header-display":"","site-post-title":"","ast-breadcrumbs-content":"","ast-featured-img":"","footer-sml-layout":"","ast-disable-related-posts":"","theme-transparent-header-meta":"","adv-header-id-meta":"","stick-header-meta":"","header-above-stick-meta":"","header-main-stick-meta":"","header-below-stick-meta":"","astra-migrate-meta-layouts":"default","ast-page-background-enabled":"default","ast-page-background-meta":{"desktop":{"background-color":"var(--ast-global-color-4)","background-image":"","background-repeat":"repeat","background-position":"center center","background-size":"auto","background-attachment":"scroll","background-type":"","background-media":"","overlay-type":"","overlay-color":"","overlay-opacity":"","overlay-gradient":""},"tablet":{"background-color":"","background-image":"","background-repeat":"repeat","background-position":"center center","background-size":"auto","background-attachment":"scroll","background-type":"","background-media":"","overlay-type":"","overlay-color":"","overlay-opacity":"","overlay-gradient":""},"mobile":{"background-color":"","background-image":"","background-repeat":"repeat","background-position":"center center","background-size":"auto","background-attachment":"scroll","background-type":"","background-media":"","overlay-type":"","overlay-color":"","overlay-opacity":"","overlay-gradient":""}},"ast-content-background-meta":{"desktop":{"background-color":"var(--ast-global-color-5)","background-image":"","background-repeat":"repeat","background-position":"center center","background-size":"auto","background-attachment":"scroll","background-type":"","background-media":"","overlay-type":"","overlay-color":"","overlay-opacity":"","overlay-gradient":""},"tablet":{"background-color":"var(--ast-global-color-5)","background-image":"","background-repeat":"repeat","background-position":"center center","background-size":"auto","background-attachment":"scroll","background-type":"","background-media":"","overlay-type":"","overlay-color":"","overlay-opacity":"","overlay-gradient":""},"mobile":{"background-color":"var(--ast-global-color-5)","background-image":"","background-repeat":"repeat","background-position":"center center","background-size":"auto","background-attachment":"scroll","background-type":"","background-media":"","overlay-type":"","overlay-color":"","overlay-opacity":"","overlay-gradient":""}},"footnotes":""},"class_list":["post-5071","page","type-page","status-publish","hentry"],"aioseo_notices":[],"uagb_featured_image_src":{"full":false,"thumbnail":false,"medium":false,"medium_large":false,"large":false,"1536x1536":false,"2048x2048":false,"woocommerce_thumbnail":false,"woocommerce_single":false,"woocommerce_gallery_thumbnail":false},"uagb_author_info":{"display_name":"R\u00e9mi","author_link":"https:\/\/cornholelx.com\/en\/author\/funmatik\/"},"uagb_comment_info":0,"uagb_excerpt":"This is a sample page. Overview Our refund and returns policy lasts 30 days. If 30 days have passed since your purchase, we can&#8217;t offer you a full refund or exchange. To be eligible for a return, your item must be unused and in the same condition that you received it. It must also be&hellip;","jetpack-related-posts":[{"id":4515,"url":"https:\/\/cornholelx.com\/refund_returns\/","url_meta":{"origin":5071,"position":0},"title":"Refund and Returns Policy","author":"R\u00e9mi","date":"2024-05-22","format":false,"excerpt":"This is a sample page. Overview Our refund and returns policy lasts 30 days. If 30 days have passed since your purchase, we can\u2019t offer you a full refund or exchange. To be eligible for a return, your item must be unused and in the same condition that you received\u2026","rel":"","context":"Similar post","block_context":{"text":"Similar post","link":""},"img":{"alt_text":"","src":"","width":0,"height":0},"classes":[]},{"id":3663,"url":"https:\/\/cornholelx.com\/en\/return-policy\/","url_meta":{"origin":5071,"position":1},"title":"Return policy","author":"R\u00e9mi","date":"2023-08-30","format":false,"excerpt":"OverviewSHIPPING POLICYShipping is calculated at checkout for most items. Some items are shipped FREE depending on promotions and regions.We ship via Purolator for larger items such as Cornhole boards, with insurance and tracking numbers provided.It is the customer's responsibility to provide the correct address at the time of payment, as\u2026","rel":"","context":"Similar post","block_context":{"text":"Similar post","link":""},"img":{"alt_text":"","src":"","width":0,"height":0},"classes":[]},{"id":3665,"url":"https:\/\/cornholelx.com\/en\/privacy-policy\/","url_meta":{"origin":5071,"position":2},"title":"Privacy policy","author":"R\u00e9mi","date":"2022-04-18","format":false,"excerpt":"About usWelcome to Cornhole LX. I'm R\u00e9mi C\u00f4t\u00e9, owner of Cornhole LX. I'm obviously an amateur cornhole player and a member of Quebec's biggest cornhole league, Cornhole Saguenay. It was through playing that my passion for the game won me over. I've been a marketing teacher and consultant for several\u2026","rel":"","context":"Similar post","block_context":{"text":"Similar post","link":""},"img":{"alt_text":"","src":"","width":0,"height":0},"classes":[]},{"id":7822,"url":"https:\/\/cornholelx.com\/en\/","url_meta":{"origin":5071,"position":3},"title":"Home","author":"Altin Pllana","date":"2025-05-29","format":false,"excerpt":"Mega promo! SPRING 2026! 3-day delivery Order now Fast deliveryGet your premium cornhole boards fast and safe, with reliable tracking at every step of the cornhole game delivery. Fast shipping from our 2 distribution centers, tracking number included. Superior qualityPrecision crafted for the cornhole game using top-grade materials, built for\u2026","rel":"","context":"Similar post","block_context":{"text":"Similar post","link":""},"img":{"alt_text":"","src":"https:\/\/i0.wp.com\/cornholelx.com\/wp-content\/uploads\/Cornhole-LX-Elite-edited_1.png?resize=350%2C200&ssl=1","width":350,"height":200,"srcset":"https:\/\/i0.wp.com\/cornholelx.com\/wp-content\/uploads\/Cornhole-LX-Elite-edited_1.png?resize=350%2C200&ssl=1 1x, https:\/\/i0.wp.com\/cornholelx.com\/wp-content\/uploads\/Cornhole-LX-Elite-edited_1.png?resize=525%2C300&ssl=1 1.5x, https:\/\/i0.wp.com\/cornholelx.com\/wp-content\/uploads\/Cornhole-LX-Elite-edited_1.png?resize=700%2C400&ssl=1 2x"},"classes":[]},{"id":3,"url":"https:\/\/cornholelx.com\/privacy-policy\/","url_meta":{"origin":5071,"position":4},"title":"Politiques de confidentialit\u00e9","author":"R\u00e9mi","date":"2022-04-18","format":false,"excerpt":"Qui sommes-nousBienvenu chez Cornhole LX. Je me pr\u00e9sente R\u00e9mi C\u00f4t\u00e9 propri\u00e9taire de Cornhole LX. Je suis \u00e9videmment un joueur de cornhole amateur et je suis membre de la plus grosse league de Cornhole du Qu\u00e9bec soit Cornhole Saguenay. C'est en jouant que la passion pour le jeu m'a conquis. Comme\u2026","rel":"","context":"Similar post","block_context":{"text":"Similar post","link":""},"img":{"alt_text":"","src":"","width":0,"height":0},"classes":[]},{"id":7572,"url":"https:\/\/cornholelx.com\/en\/new-home-2\/","url_meta":{"origin":5071,"position":5},"title":"Home","author":"Altin Pllana","date":"2025-05-29","format":false,"excerpt":"\u00a0 Mega promo! \u00a0 PRE-SALE 2026! Delivery in APRIL Order now Fast delivery Receive your top-of-the-range boards quickly and securely, thanks to reliable tracking at every stage of delivery. Fast delivery from our 2 distribution centers with a tracking number. Superior quality Precision-crafted from top-quality materials, guaranteeing durability and outstanding\u2026","rel":"","context":"Similar post","block_context":{"text":"Similar post","link":""},"img":{"alt_text":"","src":"https:\/\/i0.wp.com\/cornholelx.com\/wp-content\/uploads\/support.png?resize=350%2C200&ssl=1","width":350,"height":200,"srcset":"https:\/\/i0.wp.com\/cornholelx.com\/wp-content\/uploads\/support.png?resize=350%2C200&ssl=1 1x, https:\/\/i0.wp.com\/cornholelx.com\/wp-content\/uploads\/support.png?resize=525%2C300&ssl=1 1.5x"},"classes":[]}],"jetpack_sharing_enabled":true,"_links":{"self":[{"href":"https:\/\/cornholelx.com\/en\/wp-json\/wp\/v2\/pages\/5071","targetHints":{"allow":["GET"]}}],"collection":[{"href":"https:\/\/cornholelx.com\/en\/wp-json\/wp\/v2\/pages"}],"about":[{"href":"https:\/\/cornholelx.com\/en\/wp-json\/wp\/v2\/types\/page"}],"author":[{"embeddable":true,"href":"https:\/\/cornholelx.com\/en\/wp-json\/wp\/v2\/users\/1"}],"replies":[{"embeddable":true,"href":"https:\/\/cornholelx.com\/en\/wp-json\/wp\/v2\/comments?post=5071"}],"version-history":[{"count":1,"href":"https:\/\/cornholelx.com\/en\/wp-json\/wp\/v2\/pages\/5071\/revisions"}],"predecessor-version":[{"id":5074,"href":"https:\/\/cornholelx.com\/en\/wp-json\/wp\/v2\/pages\/5071\/revisions\/5074"}],"wp:attachment":[{"href":"https:\/\/cornholelx.com\/en\/wp-json\/wp\/v2\/media?parent=5071"}],"curies":[{"name":"wp","href":"https:\/\/api.w.org\/{rel}","templated":true}]}}