{"id":3668,"date":"2023-03-09T20:55:40","date_gmt":"2023-03-10T02:55:40","guid":{"rendered":"https:\/\/cornholelx.com\/site-map\/"},"modified":"2026-01-23T03:59:47","modified_gmt":"2026-01-23T08:59:47","slug":"site-map","status":"publish","type":"page","link":"https:\/\/cornholelx.com\/en\/site-map\/","title":{"rendered":"site map"},"content":{"rendered":"\t\t<div data-elementor-type=\"wp-page\" data-elementor-id=\"3668\" class=\"elementor elementor-3668 elementor-1818\" data-elementor-post-type=\"page\">\n\t\t\t\t<div class=\"elementor-element elementor-element-27eda38 e-flex e-con-boxed e-con e-parent\" data-id=\"27eda38\" data-element_type=\"container\" data-e-type=\"container\">\n\t\t\t\t\t<div class=\"e-con-inner\">\n\t\t\t\t<div class=\"elementor-element elementor-element-b348118 elementor-widget elementor-widget-sitemap\" data-id=\"b348118\" data-element_type=\"widget\" data-e-type=\"widget\" data-widget_type=\"sitemap.default\">\n\t\t\t\t\t<div class=\"elementor-sitemap-wrap\"><div class=\"elementor-sitemap-section\"><h2 class=\"elementor-sitemap-title elementor-sitemap-page-title\">Pages<\/h2><ul class=\"elementor-sitemap-list elementor-sitemap-page-list\"><li class=\"elementor-sitemap-item elementor-sitemap-item-page page_item page-item-8087 menu-item\"><a href=\"https:\/\/cornholelx.com\/en\/abcs\/\" class=\"elementor-sitemap-item elementor-sitemap-item-page menu-link\">ABCS<\/a><\/li><li class=\"elementor-sitemap-item elementor-sitemap-item-page page_item page-item-7822 menu-item\"><a href=\"https:\/\/cornholelx.com\/en\/\" class=\"elementor-sitemap-item elementor-sitemap-item-page menu-link\">Home<\/a><\/li><li class=\"elementor-sitemap-item elementor-sitemap-item-page page_item page-item-7572 menu-item\"><a href=\"https:\/\/cornholelx.com\/en\/new-home-2\/\" class=\"elementor-sitemap-item elementor-sitemap-item-page menu-link\">Home<\/a><\/li><li class=\"elementor-sitemap-item elementor-sitemap-item-page page_item page-item-5071 menu-item\"><a href=\"https:\/\/cornholelx.com\/en\/refund-and-returns-policy\/\" class=\"elementor-sitemap-item elementor-sitemap-item-page menu-link\">Refund and Returns Policy<\/a><\/li><li class=\"elementor-sitemap-item elementor-sitemap-item-page page_item page-item-5067 menu-item\"><a href=\"https:\/\/cornholelx.com\/en\/shop-2\/\" class=\"elementor-sitemap-item elementor-sitemap-item-page menu-link\">Shop<\/a><\/li><li class=\"elementor-sitemap-item elementor-sitemap-item-page page_item page-item-7680 menu-item\"><a href=\"https:\/\/cornholelx.com\/en\/thank-you\/\" class=\"elementor-sitemap-item elementor-sitemap-item-page menu-link\">Thank you<\/a><\/li><li class=\"elementor-sitemap-item elementor-sitemap-item-page page_item page-item-3663 menu-item\"><a href=\"https:\/\/cornholelx.com\/en\/return-policy\/\" class=\"elementor-sitemap-item elementor-sitemap-item-page menu-link\">Return policy<\/a><\/li><li class=\"elementor-sitemap-item elementor-sitemap-item-page page_item page-item-3661 menu-item\"><a href=\"https:\/\/cornholelx.com\/en\/point-of-sale\/\" class=\"elementor-sitemap-item elementor-sitemap-item-page menu-link\">Point of sale<\/a><\/li><li class=\"elementor-sitemap-item elementor-sitemap-item-page page_item page-item-3668 menu-item\"><a href=\"https:\/\/cornholelx.com\/en\/site-map\/\" class=\"elementor-sitemap-item elementor-sitemap-item-page menu-link\">site map<\/a><\/li><li class=\"elementor-sitemap-item elementor-sitemap-item-page page_item page-item-3651 menu-item\"><a href=\"https:\/\/cornholelx.com\/en\/checkout-2\/\" class=\"elementor-sitemap-item elementor-sitemap-item-page menu-link\">Checkout<\/a><\/li><li class=\"elementor-sitemap-item elementor-sitemap-item-page page_item page-item-3665 menu-item\"><a href=\"https:\/\/cornholelx.com\/en\/privacy-policy\/\" class=\"elementor-sitemap-item elementor-sitemap-item-page menu-link\">Privacy policy<\/a><\/li><li class=\"elementor-sitemap-item elementor-sitemap-item-page page_item page-item-3655 menu-item\"><a href=\"https:\/\/cornholelx.com\/en\/contact\/\" class=\"elementor-sitemap-item elementor-sitemap-item-page menu-link\">Contact<\/a><\/li><li class=\"elementor-sitemap-item elementor-sitemap-item-page page_item page-item-3649 menu-item\"><a href=\"https:\/\/cornholelx.com\/en\/checkout\/\" class=\"elementor-sitemap-item elementor-sitemap-item-page menu-link\">Checkout<\/a><\/li><li class=\"elementor-sitemap-item elementor-sitemap-item-page page_item page-item-3670 menu-item\"><a href=\"https:\/\/cornholelx.com\/en\/wishlist\/\" class=\"elementor-sitemap-item elementor-sitemap-item-page menu-link\">Wishlist<\/a><\/li><li class=\"elementor-sitemap-item elementor-sitemap-item-page page_item page-item-3646 menu-item\"><a href=\"https:\/\/cornholelx.com\/en\/blog\/\" class=\"elementor-sitemap-item elementor-sitemap-item-page menu-link\">Blog<\/a><\/li><li class=\"elementor-sitemap-item elementor-sitemap-item-page page_item page-item-3667 menu-item\"><a href=\"https:\/\/cornholelx.com\/en\/shop\/\" class=\"elementor-sitemap-item elementor-sitemap-item-page menu-link\">Shop<\/a><\/li><li class=\"elementor-sitemap-item elementor-sitemap-item-page page_item page-item-3659 menu-item\"><a href=\"https:\/\/cornholelx.com\/en\/my-account\/\" class=\"elementor-sitemap-item elementor-sitemap-item-page menu-link\">My account<\/a><\/li><li class=\"elementor-sitemap-item elementor-sitemap-item-page page_item page-item-3647 menu-item\"><a href=\"https:\/\/cornholelx.com\/en\/cart\/\" class=\"elementor-sitemap-item elementor-sitemap-item-page menu-link\">Cart<\/a><\/li><\/ul><\/div><div class=\"elementor-sitemap-section\"><h2 class=\"elementor-sitemap-title elementor-sitemap-category-title\">Categories<\/h2><ul class=\"elementor-sitemap-list elementor-sitemap-category-list\">\t<li class=\"elementor-sitemap-item elementor-sitemap-item-category cat-item cat-item-1\"><a href=\"https:\/\/cornholelx.com\/en\/category\/non-classifiee\/\">Non classifi\u00e9(e)<\/a>\n<\/li>\n\t<li class=\"elementor-sitemap-item elementor-sitemap-item-category cat-item cat-item-145\"><a href=\"https:\/\/cornholelx.com\/en\/category\/game-rules\/\">Game rules<\/a>\n<\/li>\n\t<li class=\"elementor-sitemap-item elementor-sitemap-item-category cat-item cat-item-146\"><a href=\"https:\/\/cornholelx.com\/en\/category\/category-2\/\">Category #2<\/a>\n<\/li>\n<\/ul><\/div><\/div>\t\t\t\t<\/div>\n\t\t\t\t\t<\/div>\n\t\t\t\t<\/div>\n\t\t\t\t<\/div>\n\t\t","protected":false},"excerpt":{"rendered":"","protected":false},"author":1,"featured_media":0,"parent":0,"menu_order":0,"comment_status":"closed","ping_status":"closed","template":"","meta":{"_uag_custom_page_level_css":"","site-sidebar-layout":"default","site-content-layout":"","ast-site-content-layout":"default","site-content-style":"default","site-sidebar-style":"default","ast-global-header-display":"","ast-banner-title-visibility":"","ast-main-header-display":"","ast-hfb-above-header-display":"","ast-hfb-below-header-display":"","ast-hfb-mobile-header-display":"","site-post-title":"","ast-breadcrumbs-content":"","ast-featured-img":"","footer-sml-layout":"","ast-disable-related-posts":"","theme-transparent-header-meta":"","adv-header-id-meta":"","stick-header-meta":"","header-above-stick-meta":"","header-main-stick-meta":"","header-below-stick-meta":"","astra-migrate-meta-layouts":"default","ast-page-background-enabled":"default","ast-page-background-meta":{"desktop":{"background-color":"var(--ast-global-color-4)","background-image":"","background-repeat":"repeat","background-position":"center center","background-size":"auto","background-attachment":"scroll","background-type":"","background-media":"","overlay-type":"","overlay-color":"","overlay-opacity":"","overlay-gradient":""},"tablet":{"background-color":"","background-image":"","background-repeat":"repeat","background-position":"center center","background-size":"auto","background-attachment":"scroll","background-type":"","background-media":"","overlay-type":"","overlay-color":"","overlay-opacity":"","overlay-gradient":""},"mobile":{"background-color":"","background-image":"","background-repeat":"repeat","background-position":"center center","background-size":"auto","background-attachment":"scroll","background-type":"","background-media":"","overlay-type":"","overlay-color":"","overlay-opacity":"","overlay-gradient":""}},"ast-content-background-meta":{"desktop":{"background-color":"var(--ast-global-color-5)","background-image":"","background-repeat":"repeat","background-position":"center center","background-size":"auto","background-attachment":"scroll","background-type":"","background-media":"","overlay-type":"","overlay-color":"","overlay-opacity":"","overlay-gradient":""},"tablet":{"background-color":"var(--ast-global-color-5)","background-image":"","background-repeat":"repeat","background-position":"center center","background-size":"auto","background-attachment":"scroll","background-type":"","background-media":"","overlay-type":"","overlay-color":"","overlay-opacity":"","overlay-gradient":""},"mobile":{"background-color":"var(--ast-global-color-5)","background-image":"","background-repeat":"repeat","background-position":"center center","background-size":"auto","background-attachment":"scroll","background-type":"","background-media":"","overlay-type":"","overlay-color":"","overlay-opacity":"","overlay-gradient":""}},"footnotes":""},"class_list":["post-3668","page","type-page","status-publish","hentry"],"aioseo_notices":[],"uagb_featured_image_src":{"full":false,"thumbnail":false,"medium":false,"medium_large":false,"large":false,"1536x1536":false,"2048x2048":false,"woocommerce_thumbnail":false,"woocommerce_single":false,"woocommerce_gallery_thumbnail":false},"uagb_author_info":{"display_name":"R\u00e9mi","author_link":"https:\/\/cornholelx.com\/en\/author\/funmatik\/"},"uagb_comment_info":0,"uagb_excerpt":null,"jetpack-related-posts":[{"id":1818,"url":"https:\/\/cornholelx.com\/site-map\/","url_meta":{"origin":3668,"position":0},"title":"site map","author":"R\u00e9mi","date":"2023-03-09","format":false,"excerpt":"","rel":"","context":"Similar post","block_context":{"text":"Similar post","link":""},"img":{"alt_text":"","src":"","width":0,"height":0},"classes":[]},{"id":3,"url":"https:\/\/cornholelx.com\/privacy-policy\/","url_meta":{"origin":3668,"position":1},"title":"Politiques de confidentialit\u00e9","author":"R\u00e9mi","date":"2022-04-18","format":false,"excerpt":"Qui sommes-nousBienvenu chez Cornhole LX. Je me pr\u00e9sente R\u00e9mi C\u00f4t\u00e9 propri\u00e9taire de Cornhole LX. Je suis \u00e9videmment un joueur de cornhole amateur et je suis membre de la plus grosse league de Cornhole du Qu\u00e9bec soit Cornhole Saguenay. C'est en jouant que la passion pour le jeu m'a conquis. Comme\u2026","rel":"","context":"Similar post","block_context":{"text":"Similar post","link":""},"img":{"alt_text":"","src":"","width":0,"height":0},"classes":[]},{"id":3665,"url":"https:\/\/cornholelx.com\/en\/privacy-policy\/","url_meta":{"origin":3668,"position":2},"title":"Privacy policy","author":"R\u00e9mi","date":"2022-04-18","format":false,"excerpt":"About usWelcome to Cornhole LX. I'm R\u00e9mi C\u00f4t\u00e9, owner of Cornhole LX. I'm obviously an amateur cornhole player and a member of Quebec's biggest cornhole league, Cornhole Saguenay. It was through playing that my passion for the game won me over. I've been a marketing teacher and consultant for several\u2026","rel":"","context":"Similar post","block_context":{"text":"Similar post","link":""},"img":{"alt_text":"","src":"","width":0,"height":0},"classes":[]},{"id":1256,"url":"https:\/\/cornholelx.com\/politique-de-retour\/","url_meta":{"origin":3668,"position":3},"title":"Politique de retour","author":"R\u00e9mi","date":"2023-08-30","format":false,"excerpt":"OverviewPOLITIQUE D\u2019EXP\u00c9DITIONL\u2019exp\u00e9dition est calcul\u00e9e \u00e0 la caisse pour la plupart des articles. Certains articles sont exp\u00e9di\u00e9s GRATUITEMENT selon les promotions et les r\u00e9gions.Nous exp\u00e9dions par Purolator pour les articles plus volumineux comme les planches Cornhole avec assurance et num\u00e9ros de suivi fournis.Il est de la responsabilit\u00e9 du client de fournir\u2026","rel":"","context":"Similar post","block_context":{"text":"Similar post","link":""},"img":{"alt_text":"","src":"","width":0,"height":0},"classes":[]},{"id":5872,"url":"https:\/\/cornholelx.com\/new-home-3\/","url_meta":{"origin":3668,"position":4},"title":"Home","author":"Altin Pllana","date":"2025-05-29","format":false,"excerpt":"M\u00e9ga promo! PRINTEMPS 2026! Livraison 3 jours Commandez maintenant Fast deliveryGet your premium cornhole boards fast and safe, with reliable tracking at every step of the cornhole game delivery. Fast shipping from our 2 distribution centers, tracking number included. Superior qualityPrecision crafted for the cornhole game using top-grade materials, built\u2026","rel":"","context":"Similar post","block_context":{"text":"Similar post","link":""},"img":{"alt_text":"","src":"https:\/\/i0.wp.com\/cornholelx.com\/wp-content\/uploads\/shipp-1.png?resize=350%2C200&ssl=1","width":350,"height":200},"classes":[]},{"id":3663,"url":"https:\/\/cornholelx.com\/en\/return-policy\/","url_meta":{"origin":3668,"position":5},"title":"Return policy","author":"R\u00e9mi","date":"2023-08-30","format":false,"excerpt":"OverviewSHIPPING POLICYShipping is calculated at checkout for most items. Some items are shipped FREE depending on promotions and regions.We ship via Purolator for larger items such as Cornhole boards, with insurance and tracking numbers provided.It is the customer's responsibility to provide the correct address at the time of payment, as\u2026","rel":"","context":"Similar post","block_context":{"text":"Similar post","link":""},"img":{"alt_text":"","src":"","width":0,"height":0},"classes":[]}],"jetpack_sharing_enabled":true,"_links":{"self":[{"href":"https:\/\/cornholelx.com\/en\/wp-json\/wp\/v2\/pages\/3668","targetHints":{"allow":["GET"]}}],"collection":[{"href":"https:\/\/cornholelx.com\/en\/wp-json\/wp\/v2\/pages"}],"about":[{"href":"https:\/\/cornholelx.com\/en\/wp-json\/wp\/v2\/types\/page"}],"author":[{"embeddable":true,"href":"https:\/\/cornholelx.com\/en\/wp-json\/wp\/v2\/users\/1"}],"replies":[{"embeddable":true,"href":"https:\/\/cornholelx.com\/en\/wp-json\/wp\/v2\/comments?post=3668"}],"version-history":[{"count":1,"href":"https:\/\/cornholelx.com\/en\/wp-json\/wp\/v2\/pages\/3668\/revisions"}],"predecessor-version":[{"id":3669,"href":"https:\/\/cornholelx.com\/en\/wp-json\/wp\/v2\/pages\/3668\/revisions\/3669"}],"wp:attachment":[{"href":"https:\/\/cornholelx.com\/en\/wp-json\/wp\/v2\/media?parent=3668"}],"curies":[{"name":"wp","href":"https:\/\/api.w.org\/{rel}","templated":true}]}}