{"id":3665,"date":"2022-04-18T20:00:45","date_gmt":"2022-04-19T00:00:45","guid":{"rendered":"https:\/\/cornholelx.com\/privacy-policy\/"},"modified":"2026-01-23T03:59:51","modified_gmt":"2026-01-23T08:59:51","slug":"privacy-policy","status":"publish","type":"page","link":"https:\/\/cornholelx.com\/en\/privacy-policy\/","title":{"rendered":"Privacy policy"},"content":{"rendered":"\t\t<div data-elementor-type=\"wp-page\" data-elementor-id=\"3665\" class=\"elementor elementor-3665 elementor-3\" data-elementor-post-type=\"page\">\n\t\t\t\t<div class=\"elementor-element elementor-element-e5e1ebf e-flex e-con-boxed e-con e-parent\" data-id=\"e5e1ebf\" data-element_type=\"container\" data-e-type=\"container\" data-settings=\"{&quot;background_background&quot;:&quot;classic&quot;}\">\n\t\t\t\t\t<div class=\"e-con-inner\">\n\t\t\t\t<div class=\"elementor-element elementor-element-a623b75 elementor-widget elementor-widget-heading\" data-id=\"a623b75\" data-element_type=\"widget\" data-e-type=\"widget\" data-widget_type=\"heading.default\">\n\t\t\t\t\t<h1 class=\"elementor-heading-title elementor-size-default\">Privacy policy<\/h1>\t\t\t\t<\/div>\n\t\t\t\t\t<\/div>\n\t\t\t\t<\/div>\n\t\t<div class=\"elementor-element elementor-element-e369607 e-flex e-con-boxed e-con e-parent\" data-id=\"e369607\" data-element_type=\"container\" data-e-type=\"container\">\n\t\t\t\t\t<div class=\"e-con-inner\">\n\t\t\t\t<div class=\"elementor-element elementor-element-e013991 elementor-widget elementor-widget-text-editor\" data-id=\"e013991\" data-element_type=\"widget\" data-e-type=\"widget\" data-widget_type=\"text-editor.default\">\n\t\t\t\t\t\t\t\t\t<h2>About us<\/h2><p>Welcome to Cornhole LX. I&#8217;m R\u00e9mi C\u00f4t\u00e9, owner of Cornhole LX. I&#8217;m obviously an amateur cornhole player and a member of Quebec&#8217;s biggest cornhole league, Cornhole Saguenay. It was through playing that my passion for the game won me over. I&#8217;ve been a marketing teacher and consultant for several years, so I wanted to make games and sell them. I&#8217;ve designed a range of products to suit all players, amateur and professional, with exclusive accessories like the 27&#8242; regulator and the scoreboard with French rules on the back. I hope you&#8217;ll enjoy playing our games as much as I&#8217;ve invested time and effort to bring you the most solid and well-equipped games in Quebec and even Canada.      <\/p><h2>Comments<\/h2><p><strong class=\"privacy-policy-tutorial\"> <\/strong>When visitors leave comments on the site, we collect the data displayed in the comment form, as well as the visitor&#8217;s IP address and the browser user agent string to facilitate spam detection.<\/p><p>An anonymized string created from your e-mail address (also known as a hash) can be provided to the Gravatar service to see if you use it. The Gravatar privacy policy is available here: https:\/\/automattic.com\/privacy\/. Once your comment has been validated, your profile photo is publicly visible next to your comment.<\/p><h2>Media<\/h2><p> <strong class=\"privacy-policy-tutorial\"> If <\/strong>you download images from the website, you should avoid downloading images with embedded location data (EXIF GPS). Website visitors can download and extract all image location data from the website.<\/p><h2>Cookies<\/h2><p> <strong class=\"privacy-policy-tutorial\"> If <\/strong>you leave a comment on our site, you can choose to save your name, e-mail address and website in cookies. These are for your convenience so that you don&#8217;t have to fill in your details again when you leave another comment. These cookies will last for one year.<\/p><p>If you visit our login page, we will set a temporary cookie to determine whether your browser accepts cookies. This cookie contains no personal data and is deleted when you close your browser.<\/p><p>When you log in, we will also set a number of cookies to record your login details and screen display choices. Connection cookies last two days, and screen option cookies last one year. If you select &#8220;Remember me&#8221;, your connection will persist for two weeks. If you log out of your account, the login cookies will be deleted.<\/p><p>If you modify or publish an article, an additional cookie will be stored in your browser. This cookie contains no personal data and simply indicates the publication ID of the article you have just edited. It expires after 1 day.<\/p><h2>Embedded content from other websites<\/h2><p>Embedded content<strong class=\"privacy-policy-tutorial\">: <\/strong>Articles on this site may include embedded content (e.g. videos, images, articles, etc.). Integrated content from other websites behaves in exactly the same way as if the visitor had visited the other website.<\/p><p>These websites may collect data about you, use cookies, integrate additional third-party tracking, and monitor your interaction with this integrated content, including tracking your interaction with integrated content if you have an account and are logged into this website .<\/p><h2>With whom we share your data<\/h2><p><strong class=\"privacy-policy-tutorial\">If <\/strong>you request a password reset, your IP address will be included in the reset e-mail.<\/p><h2>How long do we keep your data<\/h2><p> <strong class=\"privacy-policy-tutorial\">: <\/strong>If you leave a comment, the comment and its metadata are stored indefinitely. This allows us to automatically recognize and approve all follow-up comments instead of keeping them in a moderation queue.<\/p><p>For users who register on our website (where applicable), we also store the personal information they provide in their user profile. All users can view, modify or delete their personal information at any time (except that they cannot change their username). Website administrators can also view and modify this information.<\/p><h2>What are your rights regarding your data?<\/h2><p> <strong class=\"privacy-policy-tutorial\"> If <\/strong>you have an account on this site, or have left comments, you may request to receive an exported file of the personal data we hold about you, including the data you have provided to us. You can also ask us to delete any personal data we hold about you. This does not include data that we are obliged to keep for administrative, legal or other purposes.<\/p><h2>Who we are<\/h2><p>Welcome to Cornhole LX. Let me introduce myself to R\u00e9mi C\u00f4t\u00e9, owner of Cornhole LX. I am obviously an amateur cornhole player and I am a member of the largest cornhole league in Quebec, Cornhole Saguenay. It was while playing that my passion for the game conquered me. As I have been a marketing professor and consultant for several years, I wanted to make games and sell them. I have designed for you a range of products that can suit all players, amateur and professional, with exclusive accessories such as the 27&#8242; regulator and the scoreboard with regulations in French on the back. I hope that you will have as much fun playing with our games as the time that was invested in offering you the most solid and well-equipped games in Quebec and even Canada.      <\/p><p>Our website address is: https:\/\/cornholelx.com.<\/p><h2>Comments<\/h2><p>When visitors leave comments on the site we collect the data shown in the comments form, and also the visitor&#8217;s IP address and browser user agent string to help spam detection.<\/p><p>An anonymized string created from your email address (also called a hash) may be provided to the Gravatar service to see if you are using it. The Gravatar service privacy policy is available here: https:\/\/automattic.com\/privacy\/. After approval of your comment, your profile picture is visible to the public in the context of your comment.<\/p><h2>Media<\/h2><p>If you upload images to the website, you should avoid uploading images with embedded location data (EXIF GPS) included. Visitors to the website can download and extract any location data from images on the website.<\/p><h2>Cookies<\/h2><p>If you leave a comment on our site you may opt-in to saving your name, email address and website in cookies. These are for your convenience so that you do not have to fill in your details again when you leave another comment. These cookies will last for one year.<\/p><p>If you visit our login page, we will set a temporary cookie to determine if your browser accepts cookies. This cookie contains no personal data and is discarded when you close your browser.<\/p><p>When you log in, we will also set up several cookies to save your login information and your screen display choices. Login cookies last for two days, and screen options cookies last for a year. If you select &#8220;Remember Me&#8221;, your login will persist for two weeks. If you log out of your account, the login cookies will be removed.<\/p><p>If you edit or publish an article, an additional cookie will be saved in your browser. This cookie includes no personal data and simply indicates the post ID of the article you just edited. It expires after 1 day.<\/p><h2>Embedded content from other websites<\/h2><p>Articles on this site may include embedded content (e.g. videos, images, articles, etc.). Embedded content from other websites behaves in the exact same way as if the visitor has visited the other website.<\/p><p>These websites may collect data about you, use cookies, embed additional third-party tracking, and monitor your interaction with that embedded content, including tracking your interaction with the embedded content if you have an account and are logged in to that website.<\/p><h2>Who we share your data with<\/h2><p>If you request a password reset, your IP address will be included in the reset email.<\/p><h2>How long we retain your data<\/h2><p>If you leave a comment, the comment and its metadata are retained indefinitely. This is so we can recognize and approve any follow-up comments automatically instead of holding them in a moderation queue.<\/p><p>For users that register on our website (if any), we also store the personal information they provide in their user profile. All users can see, edit, or delete their personal information at any time (except they cannot change their username). Website administrators can also see and edit that information.<\/p><h2>What rights you have over your data<\/h2><p>If you have an account on this site, or have left comments, you can request to receive an exported file of the personal data we hold about you, including any data you have provided to us. You can also request that we erase any personal data we hold about you. This does not include any data we are obliged to keep for administrative, legal, or security purposes.<\/p><h2>Where we send your data<\/h2><p>Visitor comments may be checked through an automated spam detection service.<\/p>\t\t\t\t\t\t\t\t<\/div>\n\t\t\t\t\t<\/div>\n\t\t\t\t<\/div>\n\t\t\t\t<\/div>\n\t\t","protected":false},"excerpt":{"rendered":"<p>About us Welcome to Cornhole LX. I&#8217;m R\u00e9mi C\u00f4t\u00e9, owner of Cornhole LX. I&#8217;m obviously an amateur cornhole player and a member of Quebec&#8217;s biggest cornhole league, Cornhole Saguenay. It was through playing that my passion for the game won me over. I&#8217;ve been a marketing teacher and consultant for several years, so I wanted [&hellip;]<\/p>\n","protected":false},"author":1,"featured_media":0,"parent":0,"menu_order":0,"comment_status":"closed","ping_status":"closed","template":"elementor_header_footer","meta":{"_uag_custom_page_level_css":"","site-sidebar-layout":"default","site-content-layout":"","ast-site-content-layout":"default","site-content-style":"default","site-sidebar-style":"default","ast-global-header-display":"","ast-banner-title-visibility":"","ast-main-header-display":"","ast-hfb-above-header-display":"","ast-hfb-below-header-display":"","ast-hfb-mobile-header-display":"","site-post-title":"","ast-breadcrumbs-content":"","ast-featured-img":"","footer-sml-layout":"","ast-disable-related-posts":"","theme-transparent-header-meta":"default","adv-header-id-meta":"","stick-header-meta":"","header-above-stick-meta":"","header-main-stick-meta":"","header-below-stick-meta":"","astra-migrate-meta-layouts":"default","ast-page-background-enabled":"default","ast-page-background-meta":{"desktop":{"background-color":"var(--ast-global-color-4)","background-image":"","background-repeat":"repeat","background-position":"center center","background-size":"auto","background-attachment":"scroll","background-type":"","background-media":"","overlay-type":"","overlay-color":"","overlay-opacity":"","overlay-gradient":""},"tablet":{"background-color":"","background-image":"","background-repeat":"repeat","background-position":"center center","background-size":"auto","background-attachment":"scroll","background-type":"","background-media":"","overlay-type":"","overlay-color":"","overlay-opacity":"","overlay-gradient":""},"mobile":{"background-color":"","background-image":"","background-repeat":"repeat","background-position":"center center","background-size":"auto","background-attachment":"scroll","background-type":"","background-media":"","overlay-type":"","overlay-color":"","overlay-opacity":"","overlay-gradient":""}},"ast-content-background-meta":{"desktop":{"background-color":"var(--ast-global-color-5)","background-image":"","background-repeat":"repeat","background-position":"center center","background-size":"auto","background-attachment":"scroll","background-type":"","background-media":"","overlay-type":"","overlay-color":"","overlay-opacity":"","overlay-gradient":""},"tablet":{"background-color":"var(--ast-global-color-5)","background-image":"","background-repeat":"repeat","background-position":"center center","background-size":"auto","background-attachment":"scroll","background-type":"","background-media":"","overlay-type":"","overlay-color":"","overlay-opacity":"","overlay-gradient":""},"mobile":{"background-color":"var(--ast-global-color-5)","background-image":"","background-repeat":"repeat","background-position":"center center","background-size":"auto","background-attachment":"scroll","background-type":"","background-media":"","overlay-type":"","overlay-color":"","overlay-opacity":"","overlay-gradient":""}},"footnotes":""},"class_list":["post-3665","page","type-page","status-publish","hentry"],"aioseo_notices":[],"uagb_featured_image_src":{"full":false,"thumbnail":false,"medium":false,"medium_large":false,"large":false,"1536x1536":false,"2048x2048":false,"woocommerce_thumbnail":false,"woocommerce_single":false,"woocommerce_gallery_thumbnail":false},"uagb_author_info":{"display_name":"R\u00e9mi","author_link":"https:\/\/cornholelx.com\/en\/author\/funmatik\/"},"uagb_comment_info":0,"uagb_excerpt":"About us Welcome to Cornhole LX. I&#8217;m R\u00e9mi C\u00f4t\u00e9, owner of Cornhole LX. I&#8217;m obviously an amateur cornhole player and a member of Quebec&#8217;s biggest cornhole league, Cornhole Saguenay. It was through playing that my passion for the game won me over. I&#8217;ve been a marketing teacher and consultant for several years, so I wanted&hellip;","jetpack-related-posts":[{"id":7822,"url":"https:\/\/cornholelx.com\/en\/","url_meta":{"origin":3665,"position":0},"title":"Home","author":"Altin Pllana","date":"2025-05-29","format":false,"excerpt":"Mega promo! SPRING 2026! 2-week delivery Order now Fast deliveryGet your premium cornhole boards fast and safe, with reliable tracking at every step of the cornhole game delivery. Fast shipping from our 2 distribution centers, tracking number included. Superior qualityPrecision crafted for the cornhole game using top-grade materials, built for\u2026","rel":"","context":"Similar post","block_context":{"text":"Similar post","link":""},"img":{"alt_text":"","src":"https:\/\/i0.wp.com\/cornholelx.com\/wp-content\/uploads\/shipp-1.png?resize=350%2C200&ssl=1","width":350,"height":200},"classes":[]},{"id":3663,"url":"https:\/\/cornholelx.com\/en\/return-policy\/","url_meta":{"origin":3665,"position":1},"title":"Return policy","author":"R\u00e9mi","date":"2023-08-30","format":false,"excerpt":"OverviewSHIPPING POLICYShipping is calculated at checkout for most items. Some items are shipped FREE depending on promotions and regions.We ship via Purolator for larger items such as Cornhole boards, with insurance and tracking numbers provided.It is the customer's responsibility to provide the correct address at the time of payment, as\u2026","rel":"","context":"Similar post","block_context":{"text":"Similar post","link":""},"img":{"alt_text":"","src":"","width":0,"height":0},"classes":[]},{"id":7572,"url":"https:\/\/cornholelx.com\/en\/new-home-2\/","url_meta":{"origin":3665,"position":2},"title":"Home","author":"Altin Pllana","date":"2025-05-29","format":false,"excerpt":"\u00a0 Mega promo! \u00a0 PRE-SALE 2026! Delivery in APRIL Order now Fast delivery Receive your top-of-the-range boards quickly and securely, thanks to reliable tracking at every stage of delivery. Fast delivery from our 2 distribution centers with a tracking number. Superior quality Precision-crafted from top-quality materials, guaranteeing durability and outstanding\u2026","rel":"","context":"Similar post","block_context":{"text":"Similar post","link":""},"img":{"alt_text":"","src":"https:\/\/i0.wp.com\/cornholelx.com\/wp-content\/uploads\/support.png?resize=350%2C200&ssl=1","width":350,"height":200,"srcset":"https:\/\/i0.wp.com\/cornholelx.com\/wp-content\/uploads\/support.png?resize=350%2C200&ssl=1 1x, https:\/\/i0.wp.com\/cornholelx.com\/wp-content\/uploads\/support.png?resize=525%2C300&ssl=1 1.5x"},"classes":[]},{"id":8053,"url":"https:\/\/cornholelx.com\/home\/","url_meta":{"origin":3665,"position":3},"title":"Home","author":"Altin Pllana","date":"2025-05-29","format":false,"excerpt":"\u00a0 Mega promo! \u00a0 PRE-SALE 2026! Delivery in APRIL Order now Fast delivery Receive your top-of-the-range boards quickly and securely, thanks to reliable tracking at every stage of delivery. Fast delivery from our 2 distribution centers with a tracking number. Superior quality Precision-crafted from top-quality materials, guaranteeing durability and outstanding\u2026","rel":"","context":"Similar post","block_context":{"text":"Similar post","link":""},"img":{"alt_text":"","src":"https:\/\/i0.wp.com\/cornholelx.com\/wp-content\/uploads\/shipp-1.png?resize=350%2C200&ssl=1","width":350,"height":200},"classes":[]},{"id":3,"url":"https:\/\/cornholelx.com\/privacy-policy\/","url_meta":{"origin":3665,"position":4},"title":"Politiques de confidentialit\u00e9","author":"R\u00e9mi","date":"2022-04-18","format":false,"excerpt":"Qui sommes-nousBienvenu chez Cornhole LX. Je me pr\u00e9sente R\u00e9mi C\u00f4t\u00e9 propri\u00e9taire de Cornhole LX. Je suis \u00e9videmment un joueur de cornhole amateur et je suis membre de la plus grosse league de Cornhole du Qu\u00e9bec soit Cornhole Saguenay. C'est en jouant que la passion pour le jeu m'a conquis. Comme\u2026","rel":"","context":"Similar post","block_context":{"text":"Similar post","link":""},"img":{"alt_text":"","src":"","width":0,"height":0},"classes":[]},{"id":5872,"url":"https:\/\/cornholelx.com\/new-home-3\/","url_meta":{"origin":3665,"position":5},"title":"Home","author":"Altin Pllana","date":"2025-05-29","format":false,"excerpt":"M\u00e9ga promo! PRINTEMPS 2026! Livraison 2 semaines Commandez maintenant Fast deliveryGet your premium cornhole boards fast and safe, with reliable tracking at every step of the cornhole game delivery. Fast shipping from our 2 distribution centers, tracking number included. Superior qualityPrecision crafted for the cornhole game using top-grade materials, built\u2026","rel":"","context":"Similar post","block_context":{"text":"Similar post","link":""},"img":{"alt_text":"","src":"https:\/\/i0.wp.com\/cornholelx.com\/wp-content\/uploads\/shipp-1.png?resize=350%2C200&ssl=1","width":350,"height":200},"classes":[]}],"jetpack_sharing_enabled":true,"_links":{"self":[{"href":"https:\/\/cornholelx.com\/en\/wp-json\/wp\/v2\/pages\/3665","targetHints":{"allow":["GET"]}}],"collection":[{"href":"https:\/\/cornholelx.com\/en\/wp-json\/wp\/v2\/pages"}],"about":[{"href":"https:\/\/cornholelx.com\/en\/wp-json\/wp\/v2\/types\/page"}],"author":[{"embeddable":true,"href":"https:\/\/cornholelx.com\/en\/wp-json\/wp\/v2\/users\/1"}],"replies":[{"embeddable":true,"href":"https:\/\/cornholelx.com\/en\/wp-json\/wp\/v2\/comments?post=3665"}],"version-history":[{"count":2,"href":"https:\/\/cornholelx.com\/en\/wp-json\/wp\/v2\/pages\/3665\/revisions"}],"predecessor-version":[{"id":7689,"href":"https:\/\/cornholelx.com\/en\/wp-json\/wp\/v2\/pages\/3665\/revisions\/7689"}],"wp:attachment":[{"href":"https:\/\/cornholelx.com\/en\/wp-json\/wp\/v2\/media?parent=3665"}],"curies":[{"name":"wp","href":"https:\/\/api.w.org\/{rel}","templated":true}]}}