{"id":3663,"date":"2023-08-30T09:19:59","date_gmt":"2023-08-30T13:19:59","guid":{"rendered":"https:\/\/cornholelx.com\/return-policy\/"},"modified":"2026-01-23T03:59:48","modified_gmt":"2026-01-23T08:59:48","slug":"return-policy","status":"publish","type":"page","link":"https:\/\/cornholelx.com\/en\/return-policy\/","title":{"rendered":"Return policy"},"content":{"rendered":"\t\t<div data-elementor-type=\"wp-page\" data-elementor-id=\"3663\" class=\"elementor elementor-3663 elementor-1256\" data-elementor-post-type=\"page\">\n\t\t\t\t<div class=\"elementor-element elementor-element-a14589d e-flex e-con-boxed e-con e-parent\" data-id=\"a14589d\" data-element_type=\"container\" data-e-type=\"container\" data-settings=\"{&quot;background_background&quot;:&quot;classic&quot;}\">\n\t\t\t\t\t<div class=\"e-con-inner\">\n\t\t\t\t<div class=\"elementor-element elementor-element-8d046ba elementor-widget elementor-widget-heading\" data-id=\"8d046ba\" data-element_type=\"widget\" data-e-type=\"widget\" data-widget_type=\"heading.default\">\n\t\t\t\t\t<h1 class=\"elementor-heading-title elementor-size-default\">Return policy<\/h1>\t\t\t\t<\/div>\n\t\t\t\t\t<\/div>\n\t\t\t\t<\/div>\n\t\t<div class=\"elementor-element elementor-element-ee73044 e-flex e-con-boxed e-con e-parent\" data-id=\"ee73044\" data-element_type=\"container\" data-e-type=\"container\">\n\t\t\t\t\t<div class=\"e-con-inner\">\n\t\t\t\t<div class=\"elementor-element elementor-element-08675cd elementor-widget elementor-widget-text-editor\" data-id=\"08675cd\" data-element_type=\"widget\" data-e-type=\"widget\" data-widget_type=\"text-editor.default\">\n\t\t\t\t\t\t\t\t\t<p><\/p><h3>Overview<\/h3><p><\/p><h4 class=\"wp-block-heading\">SHIPPING POLICY<\/h4><p><\/p><p>Shipping is calculated at checkout for most items. Some items are shipped FREE depending on promotions and regions.<\/p><p><\/p><p>We ship via Purolator for larger items such as Cornhole boards, with insurance and tracking numbers provided.<\/p><p><\/p><p>It is the customer&#8217;s responsibility to provide the correct address at the time of payment, as this will be the address to which we will ship our products. The shipping address MUST be provided in the SHIPPING section at checkout. Any address provided in the notes will not be used without written confirmation. Changes of address that occur after payment must be provided in writing by e-mail or telephone and written confirmation of the change will then be provided.<\/p><p><\/p><p>Any parcel reshipment costs incurred after the parcel has left our facilities will be charged to the customer.<\/p><p><\/p><h4 class=\"wp-block-heading\">RETURN AND REFUND POLICY<\/h4><p><\/p><p>We strive for 100% customer satisfaction and will handle every problem\/refund on a case-by-case basis to make our customer completely satisfied!<\/p><p><\/p><p>Any anomaly with the purchased item must be reported within 72 hours of receipt of the package. Failure to report deviations in a timely manner may result in non-corrective action.<\/p><p><\/p><p>For items in stock, if the customer is not satisfied and wishes to return the item for a refund, the customer must return the item within 14 days of receipt. The customer is responsible for return shipping costs, as well as a restocking fee of 15% of the selling price. A refund will be processed as soon as we receive the item. In the event of shipping damage, see below.<\/p><p><\/p><p>For all custom orders, a proof must be approved by the customer prior to purchase (please see proof policy below). By approving the proof, the customer agrees that everything about their custom order, including but not limited to: design, color, upgrades, bag colors, etc., will be exactly as they want it. There are no refunds for personalized orders. In the event of shipping damage, see below.<\/p><p><\/p><p>*Any shipping damage must be reported within 2 to 3 days of receipt of shipment in order to properly file a claim with Purolator.<\/p><p><\/p><h4 class=\"wp-block-heading\">BASIC DESING AND FULL CUSTOMIZATION<\/h4><p>ALL THE GAMES SOLD ON OUR SITE COME WITH THE SUPER BUY COMBO ACCESSORIES, EVEN CUSTOMIZED GAMES.  <\/p><p><\/p><p>** All ads are a base price for the design in the ad images. Any additional upgrades shown in the photos are not included in the base price. Please add the desired upgrades and accessories to your basket before proceeding to checkout.<\/p><p><\/p><h4 class=\"wp-block-heading\">APPROVAL POLICY  <\/h4><p><\/p><p>**Upon receipt of an APPROVAL artwork from Cornhole LX, please be sure to check the following:<br>&#8211; Spelling of first and last names<br>&#8211; Appointments<br>&#8211; Colors<br>&#8211; Logos<br>&#8211; General design layout<br>Please note that it is the customer&#8217;s responsibility to fully check the proof for any errors, misspellings, etc., which may occur. Cornhole LX is unable to accept responsibility for any errors after a file has been approved for production.<\/p><p><\/p><p>**Please take into account requests to modify proofs. These can require a significant investment of time. After submission of the initial proof, we authorize 2 subsequent modifications to the first proof. Any additional proof or design modifications will require a $20 design fee. Once a design has been agreed and a set has been paid for, please allow 3-4 weeks for completion and delivery of the set. All our high-quality boards are made to order, so it takes time to process the order, build the order and have it delivered.<\/p><p><\/p><h4 class=\"wp-block-heading\">COLOR MATCHING<\/h4><p><\/p><p>Due to color variations between screens, there may be a slight difference between digital proofs and finished products. If you have specific colors in mind, a Pantone color number, paint chip or fabric sample (a snail will be mailed to us) will help us make the best color selection decisions.<\/p><p><\/p><p>Copyright of all designs and verbiage remains with Cornhole LX. It is an infringement of copyright to copy any of our designs or verbiage in whole or in part. It is the customer&#8217;s responsibility to obtain copyright permission for the printed reproduction of any material, logos, drawings, wordings, which are submitted by the customer and used in the design.<\/p><p><\/p><h4 class=\"wp-block-heading\">DISCLAIMER OF LIABILITY<\/h4><p><\/p><p>Cornhole Lx. is not liable for any damages, including but not limited to property damage, personal injury or death, resulting from the storage, transportation or use of our games or products. By using or owning our products, you accept these conditions. Please store your games and accessories safely.<\/p><p><\/p><h4 class=\"wp-block-heading\">Need help?<\/h4><p><\/p><p>Contact us at {info@cornholelx.com} for any questions regarding refunds and returns.<\/p><p><\/p>\t\t\t\t\t\t\t\t<\/div>\n\t\t\t\t\t<\/div>\n\t\t\t\t<\/div>\n\t\t\t\t<\/div>\n\t\t","protected":false},"excerpt":{"rendered":"<p>Overview SHIPPING POLICY Shipping is calculated at checkout for most items. Some items are shipped FREE depending on promotions and regions. We ship via Purolator for larger items such as Cornhole boards, with insurance and tracking numbers provided. It is the customer&#8217;s responsibility to provide the correct address at the time of payment, as this [&hellip;]<\/p>\n","protected":false},"author":1,"featured_media":0,"parent":0,"menu_order":0,"comment_status":"closed","ping_status":"closed","template":"elementor_header_footer","meta":{"_uag_custom_page_level_css":"","site-sidebar-layout":"no-sidebar","site-content-layout":"","ast-site-content-layout":"full-width-container","site-content-style":"default","site-sidebar-style":"default","ast-global-header-display":"","ast-banner-title-visibility":"","ast-main-header-display":"","ast-hfb-above-header-display":"","ast-hfb-below-header-display":"","ast-hfb-mobile-header-display":"","site-post-title":"","ast-breadcrumbs-content":"","ast-featured-img":"disabled","footer-sml-layout":"","ast-disable-related-posts":"","theme-transparent-header-meta":"default","adv-header-id-meta":"","stick-header-meta":"","header-above-stick-meta":"","header-main-stick-meta":"","header-below-stick-meta":"","astra-migrate-meta-layouts":"default","ast-page-background-enabled":"default","ast-page-background-meta":{"desktop":{"background-color":"var(--ast-global-color-4)","background-image":"","background-repeat":"repeat","background-position":"center center","background-size":"auto","background-attachment":"scroll","background-type":"","background-media":"","overlay-type":"","overlay-color":"","overlay-opacity":"","overlay-gradient":""},"tablet":{"background-color":"","background-image":"","background-repeat":"repeat","background-position":"center center","background-size":"auto","background-attachment":"scroll","background-type":"","background-media":"","overlay-type":"","overlay-color":"","overlay-opacity":"","overlay-gradient":""},"mobile":{"background-color":"","background-image":"","background-repeat":"repeat","background-position":"center center","background-size":"auto","background-attachment":"scroll","background-type":"","background-media":"","overlay-type":"","overlay-color":"","overlay-opacity":"","overlay-gradient":""}},"ast-content-background-meta":{"desktop":{"background-color":"var(--ast-global-color-5)","background-image":"","background-repeat":"repeat","background-position":"center center","background-size":"auto","background-attachment":"scroll","background-type":"","background-media":"","overlay-type":"","overlay-color":"","overlay-opacity":"","overlay-gradient":""},"tablet":{"background-color":"var(--ast-global-color-5)","background-image":"","background-repeat":"repeat","background-position":"center center","background-size":"auto","background-attachment":"scroll","background-type":"","background-media":"","overlay-type":"","overlay-color":"","overlay-opacity":"","overlay-gradient":""},"mobile":{"background-color":"var(--ast-global-color-5)","background-image":"","background-repeat":"repeat","background-position":"center center","background-size":"auto","background-attachment":"scroll","background-type":"","background-media":"","overlay-type":"","overlay-color":"","overlay-opacity":"","overlay-gradient":""}},"footnotes":""},"class_list":["post-3663","page","type-page","status-publish","hentry"],"aioseo_notices":[],"uagb_featured_image_src":{"full":false,"thumbnail":false,"medium":false,"medium_large":false,"large":false,"1536x1536":false,"2048x2048":false,"woocommerce_thumbnail":false,"woocommerce_single":false,"woocommerce_gallery_thumbnail":false},"uagb_author_info":{"display_name":"R\u00e9mi","author_link":"https:\/\/cornholelx.com\/en\/author\/funmatik\/"},"uagb_comment_info":0,"uagb_excerpt":"Overview SHIPPING POLICY Shipping is calculated at checkout for most items. Some items are shipped FREE depending on promotions and regions. We ship via Purolator for larger items such as Cornhole boards, with insurance and tracking numbers provided. It is the customer&#8217;s responsibility to provide the correct address at the time of payment, as this&hellip;","jetpack-related-posts":[{"id":5071,"url":"https:\/\/cornholelx.com\/en\/refund-and-returns-policy\/","url_meta":{"origin":3663,"position":0},"title":"Refund and Returns Policy","author":"R\u00e9mi","date":"2024-05-22","format":false,"excerpt":"This is a sample page. Overview Our refund and returns policy lasts 30 days. If 30 days have passed since your purchase, we can't offer you a full refund or exchange. To be eligible for a return, your item must be unused and in the same condition that you received\u2026","rel":"","context":"Similar post","block_context":{"text":"Similar post","link":""},"img":{"alt_text":"","src":"","width":0,"height":0},"classes":[]},{"id":4515,"url":"https:\/\/cornholelx.com\/refund_returns\/","url_meta":{"origin":3663,"position":1},"title":"Refund and Returns Policy","author":"R\u00e9mi","date":"2024-05-22","format":false,"excerpt":"This is a sample page. Overview Our refund and returns policy lasts 30 days. If 30 days have passed since your purchase, we can\u2019t offer you a full refund or exchange. To be eligible for a return, your item must be unused and in the same condition that you received\u2026","rel":"","context":"Similar post","block_context":{"text":"Similar post","link":""},"img":{"alt_text":"","src":"","width":0,"height":0},"classes":[]},{"id":3665,"url":"https:\/\/cornholelx.com\/en\/privacy-policy\/","url_meta":{"origin":3663,"position":2},"title":"Privacy policy","author":"R\u00e9mi","date":"2022-04-18","format":false,"excerpt":"About usWelcome to Cornhole LX. I'm R\u00e9mi C\u00f4t\u00e9, owner of Cornhole LX. I'm obviously an amateur cornhole player and a member of Quebec's biggest cornhole league, Cornhole Saguenay. It was through playing that my passion for the game won me over. I've been a marketing teacher and consultant for several\u2026","rel":"","context":"Similar post","block_context":{"text":"Similar post","link":""},"img":{"alt_text":"","src":"","width":0,"height":0},"classes":[]},{"id":3,"url":"https:\/\/cornholelx.com\/privacy-policy\/","url_meta":{"origin":3663,"position":3},"title":"Politiques de confidentialit\u00e9","author":"R\u00e9mi","date":"2022-04-18","format":false,"excerpt":"Qui sommes-nousBienvenu chez Cornhole LX. Je me pr\u00e9sente R\u00e9mi C\u00f4t\u00e9 propri\u00e9taire de Cornhole LX. Je suis \u00e9videmment un joueur de cornhole amateur et je suis membre de la plus grosse league de Cornhole du Qu\u00e9bec soit Cornhole Saguenay. C'est en jouant que la passion pour le jeu m'a conquis. Comme\u2026","rel":"","context":"Similar post","block_context":{"text":"Similar post","link":""},"img":{"alt_text":"","src":"","width":0,"height":0},"classes":[]},{"id":7822,"url":"https:\/\/cornholelx.com\/en\/","url_meta":{"origin":3663,"position":4},"title":"Home","author":"Altin Pllana","date":"2025-05-29","format":false,"excerpt":"Mega promo! SPRING 2026! 2-week delivery Order now Fast deliveryGet your premium cornhole boards fast and safe, with reliable tracking at every step of the cornhole game delivery. Fast shipping from our 2 distribution centers, tracking number included. Superior qualityPrecision crafted for the cornhole game using top-grade materials, built for\u2026","rel":"","context":"Similar post","block_context":{"text":"Similar post","link":""},"img":{"alt_text":"","src":"https:\/\/i0.wp.com\/cornholelx.com\/wp-content\/uploads\/shipp-1.png?resize=350%2C200&ssl=1","width":350,"height":200},"classes":[]},{"id":7572,"url":"https:\/\/cornholelx.com\/en\/new-home-2\/","url_meta":{"origin":3663,"position":5},"title":"Home","author":"Altin Pllana","date":"2025-05-29","format":false,"excerpt":"\u00a0 Mega promo! \u00a0 PRE-SALE 2026! Delivery in APRIL Order now Fast delivery Receive your top-of-the-range boards quickly and securely, thanks to reliable tracking at every stage of delivery. Fast delivery from our 2 distribution centers with a tracking number. Superior quality Precision-crafted from top-quality materials, guaranteeing durability and outstanding\u2026","rel":"","context":"Similar post","block_context":{"text":"Similar post","link":""},"img":{"alt_text":"","src":"https:\/\/i0.wp.com\/cornholelx.com\/wp-content\/uploads\/support.png?resize=350%2C200&ssl=1","width":350,"height":200,"srcset":"https:\/\/i0.wp.com\/cornholelx.com\/wp-content\/uploads\/support.png?resize=350%2C200&ssl=1 1x, https:\/\/i0.wp.com\/cornholelx.com\/wp-content\/uploads\/support.png?resize=525%2C300&ssl=1 1.5x"},"classes":[]}],"jetpack_sharing_enabled":true,"_links":{"self":[{"href":"https:\/\/cornholelx.com\/en\/wp-json\/wp\/v2\/pages\/3663","targetHints":{"allow":["GET"]}}],"collection":[{"href":"https:\/\/cornholelx.com\/en\/wp-json\/wp\/v2\/pages"}],"about":[{"href":"https:\/\/cornholelx.com\/en\/wp-json\/wp\/v2\/types\/page"}],"author":[{"embeddable":true,"href":"https:\/\/cornholelx.com\/en\/wp-json\/wp\/v2\/users\/1"}],"replies":[{"embeddable":true,"href":"https:\/\/cornholelx.com\/en\/wp-json\/wp\/v2\/comments?post=3663"}],"version-history":[{"count":2,"href":"https:\/\/cornholelx.com\/en\/wp-json\/wp\/v2\/pages\/3663\/revisions"}],"predecessor-version":[{"id":7688,"href":"https:\/\/cornholelx.com\/en\/wp-json\/wp\/v2\/pages\/3663\/revisions\/7688"}],"wp:attachment":[{"href":"https:\/\/cornholelx.com\/en\/wp-json\/wp\/v2\/media?parent=3663"}],"curies":[{"name":"wp","href":"https:\/\/api.w.org\/{rel}","templated":true}]}}