{"id":3661,"date":"2023-08-30T08:59:33","date_gmt":"2023-08-30T12:59:33","guid":{"rendered":"https:\/\/cornholelx.com\/point-of-sale\/"},"modified":"2024-02-14T11:13:40","modified_gmt":"2024-02-14T17:13:40","slug":"point-of-sale","status":"publish","type":"page","link":"https:\/\/cornholelx.com\/en\/point-of-sale\/","title":{"rendered":"Point of sale"},"content":{"rendered":"\t\t<div data-elementor-type=\"wp-page\" data-elementor-id=\"3661\" class=\"elementor elementor-3661\" data-elementor-post-type=\"page\">\n\t\t\t\t\t\t<section class=\"elementor-section elementor-top-section elementor-element elementor-element-c16007b elementor-section-boxed elementor-section-height-default elementor-section-height-default\" data-id=\"c16007b\" data-element_type=\"section\" data-e-type=\"section\" data-settings=\"{&quot;background_background&quot;:&quot;classic&quot;}\">\n\t\t\t\t\t\t\t<div class=\"elementor-background-overlay\"><\/div>\n\t\t\t\t\t\t\t<div class=\"elementor-container elementor-column-gap-no\">\n\t\t\t\t\t<div class=\"elementor-column elementor-col-100 elementor-top-column elementor-element elementor-element-4455ced\" data-id=\"4455ced\" data-element_type=\"column\" data-e-type=\"column\">\n\t\t\t<div class=\"elementor-widget-wrap elementor-element-populated\">\n\t\t\t\t\t\t<div class=\"elementor-element elementor-element-286f555 elementor-widget elementor-widget-heading\" data-id=\"286f555\" data-element_type=\"widget\" data-e-type=\"widget\" data-widget_type=\"heading.default\">\n\t\t\t\t\t<h1 class=\"elementor-heading-title elementor-size-default\">Point of sale<\/h1>\t\t\t\t<\/div>\n\t\t\t\t\t<\/div>\n\t\t<\/div>\n\t\t\t\t\t<\/div>\n\t\t<\/section>\n\t\t<div class=\"elementor-element elementor-element-fe69752 e-flex e-con-boxed e-con e-parent\" data-id=\"fe69752\" data-element_type=\"container\" data-e-type=\"container\">\n\t\t\t\t\t<div class=\"e-con-inner\">\n\t\t\t\t<div class=\"elementor-element elementor-element-71e125f elementor-widget elementor-widget-heading\" data-id=\"71e125f\" data-element_type=\"widget\" data-e-type=\"widget\" data-widget_type=\"heading.default\">\n\t\t\t\t\t<h3 class=\"elementor-heading-title elementor-size-default\">Now available from<\/h3>\t\t\t\t<\/div>\n\t\t\t\t<div class=\"elementor-element elementor-element-38d7834 elementor-widget elementor-widget-text-editor\" data-id=\"38d7834\" data-element_type=\"widget\" data-e-type=\"widget\" data-widget_type=\"text-editor.default\">\n\t\t\t\t\t\t\t\t\t<p>Want to see our models before you buy? Visit our retailers.<\/p>\n\t\t\t\t\t\t\t\t<\/div>\n\t\t\t\t\t<\/div>\n\t\t\t\t<\/div>\n\t\t<div class=\"elementor-element elementor-element-ba1f12d e-flex e-con-boxed e-con e-parent\" data-id=\"ba1f12d\" data-element_type=\"container\" data-e-type=\"container\">\n\t\t\t\t\t<div class=\"e-con-inner\">\n\t\t<div class=\"elementor-element elementor-element-ada0fc5 e-flex e-con-boxed e-con e-child\" data-id=\"ada0fc5\" data-element_type=\"container\" data-e-type=\"container\">\n\t\t\t\t\t<div class=\"e-con-inner\">\n\t\t\t\t<div class=\"elementor-element elementor-element-0edd13a elementor-widget elementor-widget-image\" data-id=\"0edd13a\" data-element_type=\"widget\" data-e-type=\"widget\" data-widget_type=\"image.default\">\n\t\t\t\t\t\t\t\t\t\t\t\t\t\t\t<img decoding=\"async\" src=\"https:\/\/cornholelx.com\/wp-content\/uploads\/2023\/06\/hJf2LEZY_logo-boutique-premiere-70020b7f-ca35-4e84-9687-e9bb499ff7eb.webp\" title=\"\" alt=\"\" loading=\"lazy\" \/>\t\t\t\t\t\t\t\t\t\t\t\t\t\t\t<\/div>\n\t\t\t\t<div class=\"elementor-element elementor-element-a92b87e elementor-widget elementor-widget-google_maps\" data-id=\"a92b87e\" data-element_type=\"widget\" data-e-type=\"widget\" data-widget_type=\"google_maps.default\">\n\t\t\t\t\t\t\t<div class=\"elementor-custom-embed\">\n\t\t\t<iframe loading=\"lazy\"\n\t\t\t\t\tsrc=\"https:\/\/maps.google.com\/maps?q=Boutique%20Premi%C3%A8re%20%2C1120%20Bd%20Talbot%2C%20Chicoutimi%2C%20QC%20G7H%207R2%2C%20Canada&#038;t=m&#038;z=14&#038;output=embed&#038;iwloc=near\"\n\t\t\t\t\ttitle=\"Boutique Premi\u00e8re ,1120 Bd Talbot, Chicoutimi, QC G7H 7R2, Canada\"\n\t\t\t\t\taria-label=\"Boutique Premi\u00e8re ,1120 Bd Talbot, Chicoutimi, QC G7H 7R2, Canada\"\n\t\t\t><\/iframe>\n\t\t<\/div>\n\t\t\t\t\t\t<\/div>\n\t\t\t\t<div class=\"elementor-element elementor-element-df86c4b elementor-widget elementor-widget-google_maps\" data-id=\"df86c4b\" data-element_type=\"widget\" data-e-type=\"widget\" data-widget_type=\"google_maps.default\">\n\t\t\t\t\t\t\t<div class=\"elementor-custom-embed\">\n\t\t\t<iframe loading=\"lazy\"\n\t\t\t\t\tsrc=\"https:\/\/maps.google.com\/maps?q=Boutique%20Premi%C3%A8re%2C%20915%20Av%20du%20Pont%20S%2C%20Alma%2C%20QC%20G8B%202V5%2C%20Canada&#038;t=m&#038;z=14&#038;output=embed&#038;iwloc=near\"\n\t\t\t\t\ttitle=\"Boutique Premi\u00e8re, 915 Av du Pont S, Alma, QC G8B 2V5, Canada\"\n\t\t\t\t\taria-label=\"Boutique Premi\u00e8re, 915 Av du Pont S, Alma, QC G8B 2V5, Canada\"\n\t\t\t><\/iframe>\n\t\t<\/div>\n\t\t\t\t\t\t<\/div>\n\t\t\t\t\t<\/div>\n\t\t\t\t<\/div>\n\t\t<div class=\"elementor-element elementor-element-3e0bdc6 e-flex e-con-boxed e-con e-child\" data-id=\"3e0bdc6\" data-element_type=\"container\" data-e-type=\"container\">\n\t\t\t\t\t<div class=\"e-con-inner\">\n\t\t\t\t<div class=\"elementor-element elementor-element-e1b0751 elementor-widget elementor-widget-image\" data-id=\"e1b0751\" data-element_type=\"widget\" data-e-type=\"widget\" data-widget_type=\"image.default\">\n\t\t\t\t\t\t\t\t\t\t\t\t\t\t\t<img decoding=\"async\" src=\"https:\/\/cornholelx.com\/wp-content\/uploads\/2023\/06\/341469177_554729140130378_9209985001175420611_n-e1693404508179.jpg\" title=\"\" alt=\"\" loading=\"lazy\" \/>\t\t\t\t\t\t\t\t\t\t\t\t\t\t\t<\/div>\n\t\t\t\t<div class=\"elementor-element elementor-element-7121c95 elementor-widget elementor-widget-google_maps\" data-id=\"7121c95\" data-element_type=\"widget\" data-e-type=\"widget\" data-widget_type=\"google_maps.default\">\n\t\t\t\t\t\t\t<div class=\"elementor-custom-embed\">\n\t\t\t<iframe loading=\"lazy\"\n\t\t\t\t\tsrc=\"https:\/\/maps.google.com\/maps?q=173%20QC-172%20173%20QC-172%2C%20Saint-Ambroise%2C%20QC%20G7P%202N5%2C%20Canada&#038;t=m&#038;z=14&#038;output=embed&#038;iwloc=near\"\n\t\t\t\t\ttitle=\"173 QC-172 173 QC-172, Saint-Ambroise, QC G7P 2N5, Canada\"\n\t\t\t\t\taria-label=\"173 QC-172 173 QC-172, Saint-Ambroise, QC G7P 2N5, Canada\"\n\t\t\t><\/iframe>\n\t\t<\/div>\n\t\t\t\t\t\t<\/div>\n\t\t\t\t\t<\/div>\n\t\t\t\t<\/div>\n\t\t\t\t<div class=\"elementor-element elementor-element-9688ec2 elementor-widget elementor-widget-image\" data-id=\"9688ec2\" data-element_type=\"widget\" data-e-type=\"widget\" data-widget_type=\"image.default\">\n\t\t\t\t\t\t\t\t\t\t\t\t\t\t\t<img decoding=\"async\" src=\"https:\/\/cornholelx.com\/wp-content\/uploads\/2023\/06\/308633990_214531977574681_6102639071946475630_n.jpg\" title=\"\" alt=\"\" loading=\"lazy\" \/>\t\t\t\t\t\t\t\t\t\t\t\t\t\t\t<\/div>\n\t\t\t\t<div class=\"elementor-element elementor-element-07961ba elementor-widget elementor-widget-google_maps\" data-id=\"07961ba\" data-element_type=\"widget\" data-e-type=\"widget\" data-widget_type=\"google_maps.default\">\n\t\t\t\t\t\t\t<div class=\"elementor-custom-embed\">\n\t\t\t<iframe loading=\"lazy\"\n\t\t\t\t\tsrc=\"https:\/\/maps.google.com\/maps?q=Rang%20St%20Antoine%20Saguenay%2C%20QC%2C%20Canada&#038;t=m&#038;z=14&#038;output=embed&#038;iwloc=near\"\n\t\t\t\t\ttitle=\"Rang St Antoine Saguenay, QC, Canada\"\n\t\t\t\t\taria-label=\"Rang St Antoine Saguenay, QC, Canada\"\n\t\t\t><\/iframe>\n\t\t<\/div>\n\t\t\t\t\t\t<\/div>\n\t\t\t\t\t<\/div>\n\t\t\t\t<\/div>\n\t\t<div class=\"elementor-element elementor-element-be99e26 e-flex e-con-boxed e-con e-parent\" data-id=\"be99e26\" data-element_type=\"container\" data-e-type=\"container\">\n\t\t\t\t\t<div class=\"e-con-inner\">\n\t\t<div class=\"elementor-element elementor-element-b2a8453 e-flex e-con-boxed e-con e-child\" data-id=\"b2a8453\" data-element_type=\"container\" data-e-type=\"container\">\n\t\t\t\t\t<div class=\"e-con-inner\">\n\t\t\t\t<div class=\"elementor-element elementor-element-bc4bb09 elementor-widget elementor-widget-heading\" data-id=\"bc4bb09\" data-element_type=\"widget\" data-e-type=\"widget\" data-widget_type=\"heading.default\">\n\t\t\t\t\t<h3 class=\"elementor-heading-title elementor-size-default\"><a href=\"http:\/\/www.intencite.ca\/\" target=\"_blank\" rel=\"nofollow\">You can try out our games during practice hours or by booking a group at INTENCIT\u00c9.\n\nwww.intencite.ca<\/a><\/h3>\t\t\t\t<\/div>\n\t\t\t\t\t<\/div>\n\t\t\t\t<\/div>\n\t\t<div class=\"elementor-element elementor-element-84e63e1 e-flex e-con-boxed e-con e-child\" data-id=\"84e63e1\" data-element_type=\"container\" data-e-type=\"container\">\n\t\t\t\t\t<div class=\"e-con-inner\">\n\t\t\t\t<div class=\"elementor-element elementor-element-79e52bf elementor-widget elementor-widget-video\" data-id=\"79e52bf\" data-element_type=\"widget\" data-e-type=\"widget\" data-settings=\"{&quot;youtube_url&quot;:&quot;https:\\\/\\\/youtu.be\\\/pRnEDyWIVz8&quot;,&quot;video_type&quot;:&quot;youtube&quot;,&quot;controls&quot;:&quot;yes&quot;}\" data-widget_type=\"video.default\">\n\t\t\t\t\t\t\t<div class=\"elementor-wrapper elementor-open-inline\">\n\t\t\t<div class=\"elementor-video\"><\/div>\t\t<\/div>\n\t\t\t\t\t\t<\/div>\n\t\t\t\t\t<\/div>\n\t\t\t\t<\/div>\n\t\t\t\t\t<\/div>\n\t\t\t\t<\/div>\n\t\t\t\t<\/div>\n\t\t","protected":false},"excerpt":{"rendered":"<p>Point of sale Now available from Want to see our models before you buy? Visit our retailers. You can try out our games during practice hours or by booking a group at INTENCIT\u00c9. www.intencite.ca<\/p>\n","protected":false},"author":4,"featured_media":0,"parent":0,"menu_order":0,"comment_status":"closed","ping_status":"closed","template":"elementor_header_footer","meta":{"_uag_custom_page_level_css":"","site-sidebar-layout":"no-sidebar","site-content-layout":"page-builder","ast-site-content-layout":"default","site-content-style":"default","site-sidebar-style":"default","ast-global-header-display":"","ast-banner-title-visibility":"disabled","ast-main-header-display":"","ast-hfb-above-header-display":"","ast-hfb-below-header-display":"","ast-hfb-mobile-header-display":"","site-post-title":"disabled","ast-breadcrumbs-content":"disabled","ast-featured-img":"disabled","footer-sml-layout":"","ast-disable-related-posts":"","theme-transparent-header-meta":"default","adv-header-id-meta":"","stick-header-meta":"","header-above-stick-meta":"","header-main-stick-meta":"","header-below-stick-meta":"","astra-migrate-meta-layouts":"default","ast-page-background-enabled":"default","ast-page-background-meta":{"desktop":{"background-color":"var(--ast-global-color-4)","background-image":"","background-repeat":"repeat","background-position":"center center","background-size":"auto","background-attachment":"scroll","background-type":"","background-media":"","overlay-type":"","overlay-color":"","overlay-opacity":"","overlay-gradient":""},"tablet":{"background-color":"","background-image":"","background-repeat":"repeat","background-position":"center center","background-size":"auto","background-attachment":"scroll","background-type":"","background-media":"","overlay-type":"","overlay-color":"","overlay-opacity":"","overlay-gradient":""},"mobile":{"background-color":"","background-image":"","background-repeat":"repeat","background-position":"center center","background-size":"auto","background-attachment":"scroll","background-type":"","background-media":"","overlay-type":"","overlay-color":"","overlay-opacity":"","overlay-gradient":""}},"ast-content-background-meta":{"desktop":{"background-color":"var(--ast-global-color-5)","background-image":"","background-repeat":"repeat","background-position":"center center","background-size":"auto","background-attachment":"scroll","background-type":"","background-media":"","overlay-type":"","overlay-color":"","overlay-opacity":"","overlay-gradient":""},"tablet":{"background-color":"var(--ast-global-color-5)","background-image":"","background-repeat":"repeat","background-position":"center center","background-size":"auto","background-attachment":"scroll","background-type":"","background-media":"","overlay-type":"","overlay-color":"","overlay-opacity":"","overlay-gradient":""},"mobile":{"background-color":"var(--ast-global-color-5)","background-image":"","background-repeat":"repeat","background-position":"center center","background-size":"auto","background-attachment":"scroll","background-type":"","background-media":"","overlay-type":"","overlay-color":"","overlay-opacity":"","overlay-gradient":""}},"footnotes":""},"class_list":["post-3661","page","type-page","status-publish","hentry"],"aioseo_notices":[],"uagb_featured_image_src":{"full":false,"thumbnail":false,"medium":false,"medium_large":false,"large":false,"1536x1536":false,"2048x2048":false,"woocommerce_thumbnail":false,"woocommerce_single":false,"woocommerce_gallery_thumbnail":false},"uagb_author_info":{"display_name":"Abdullah Al Akhzar","author_link":"https:\/\/cornholelx.com\/en\/author\/abdullah\/"},"uagb_comment_info":0,"uagb_excerpt":"Point of sale Now available from Want to see our models before you buy? Visit our retailers. You can try out our games during practice hours or by booking a group at INTENCIT\u00c9. www.intencite.ca","jetpack-related-posts":[{"id":3913,"url":"https:\/\/cornholelx.com\/merci\/","url_meta":{"origin":3661,"position":0},"title":"Merci","author":"R\u00e9mi","date":"2024-03-20","format":false,"excerpt":"Merci! Thank you!","rel":"","context":"Similar post","block_context":{"text":"Similar post","link":""},"img":{"alt_text":"","src":"https:\/\/i0.wp.com\/cornholelx.com\/wp-content\/uploads\/Quan-le-jeu-devient-serieux-Publication-Instagram-2-300x300.png?resize=350%2C200&ssl=1","width":350,"height":200},"classes":[]},{"id":7822,"url":"https:\/\/cornholelx.com\/en\/","url_meta":{"origin":3661,"position":1},"title":"Home","author":"Altin Pllana","date":"2025-05-29","format":false,"excerpt":"Mega promo! SPRING 2026! 3-day delivery Order now Fast deliveryGet your premium cornhole boards fast and safe, with reliable tracking at every step of the cornhole game delivery. Fast shipping from our 2 distribution centers, tracking number included. Superior qualityPrecision crafted for the cornhole game using top-grade materials, built for\u2026","rel":"","context":"Similar post","block_context":{"text":"Similar post","link":""},"img":{"alt_text":"","src":"https:\/\/i0.wp.com\/cornholelx.com\/wp-content\/uploads\/Cornhole-LX-Elite-edited_1.png?resize=350%2C200&ssl=1","width":350,"height":200,"srcset":"https:\/\/i0.wp.com\/cornholelx.com\/wp-content\/uploads\/Cornhole-LX-Elite-edited_1.png?resize=350%2C200&ssl=1 1x, https:\/\/i0.wp.com\/cornholelx.com\/wp-content\/uploads\/Cornhole-LX-Elite-edited_1.png?resize=525%2C300&ssl=1 1.5x, https:\/\/i0.wp.com\/cornholelx.com\/wp-content\/uploads\/Cornhole-LX-Elite-edited_1.png?resize=700%2C400&ssl=1 2x"},"classes":[]},{"id":7572,"url":"https:\/\/cornholelx.com\/en\/new-home-2\/","url_meta":{"origin":3661,"position":2},"title":"Home","author":"Altin Pllana","date":"2025-05-29","format":false,"excerpt":"\u00a0 Mega promo! \u00a0 PRE-SALE 2026! Delivery in APRIL Order now Fast delivery Receive your top-of-the-range boards quickly and securely, thanks to reliable tracking at every stage of delivery. Fast delivery from our 2 distribution centers with a tracking number. Superior quality Precision-crafted from top-quality materials, guaranteeing durability and outstanding\u2026","rel":"","context":"Similar post","block_context":{"text":"Similar post","link":""},"img":{"alt_text":"","src":"https:\/\/i0.wp.com\/cornholelx.com\/wp-content\/uploads\/support.png?resize=350%2C200&ssl=1","width":350,"height":200,"srcset":"https:\/\/i0.wp.com\/cornholelx.com\/wp-content\/uploads\/support.png?resize=350%2C200&ssl=1 1x, https:\/\/i0.wp.com\/cornholelx.com\/wp-content\/uploads\/support.png?resize=525%2C300&ssl=1 1.5x"},"classes":[]},{"id":8053,"url":"https:\/\/cornholelx.com\/home\/","url_meta":{"origin":3661,"position":3},"title":"Home","author":"Altin Pllana","date":"2025-05-29","format":false,"excerpt":"\u00a0 Mega promo! \u00a0 PRE-SALE 2026! Delivery in APRIL Order now Fast delivery Receive your top-of-the-range boards quickly and securely, thanks to reliable tracking at every stage of delivery. Fast delivery from our 2 distribution centers with a tracking number. Superior quality Precision-crafted from top-quality materials, guaranteeing durability and outstanding\u2026","rel":"","context":"Similar post","block_context":{"text":"Similar post","link":""},"img":{"alt_text":"","src":"https:\/\/i0.wp.com\/cornholelx.com\/wp-content\/uploads\/shipp-1.png?resize=350%2C200&ssl=1","width":350,"height":200},"classes":[]},{"id":3663,"url":"https:\/\/cornholelx.com\/en\/return-policy\/","url_meta":{"origin":3661,"position":4},"title":"Return policy","author":"R\u00e9mi","date":"2023-08-30","format":false,"excerpt":"OverviewSHIPPING POLICYShipping is calculated at checkout for most items. Some items are shipped FREE depending on promotions and regions.We ship via Purolator for larger items such as Cornhole boards, with insurance and tracking numbers provided.It is the customer's responsibility to provide the correct address at the time of payment, as\u2026","rel":"","context":"Similar post","block_context":{"text":"Similar post","link":""},"img":{"alt_text":"","src":"","width":0,"height":0},"classes":[]},{"id":3665,"url":"https:\/\/cornholelx.com\/en\/privacy-policy\/","url_meta":{"origin":3661,"position":5},"title":"Privacy policy","author":"R\u00e9mi","date":"2022-04-18","format":false,"excerpt":"About usWelcome to Cornhole LX. I'm R\u00e9mi C\u00f4t\u00e9, owner of Cornhole LX. I'm obviously an amateur cornhole player and a member of Quebec's biggest cornhole league, Cornhole Saguenay. It was through playing that my passion for the game won me over. I've been a marketing teacher and consultant for several\u2026","rel":"","context":"Similar post","block_context":{"text":"Similar post","link":""},"img":{"alt_text":"","src":"","width":0,"height":0},"classes":[]}],"jetpack_sharing_enabled":true,"_links":{"self":[{"href":"https:\/\/cornholelx.com\/en\/wp-json\/wp\/v2\/pages\/3661","targetHints":{"allow":["GET"]}}],"collection":[{"href":"https:\/\/cornholelx.com\/en\/wp-json\/wp\/v2\/pages"}],"about":[{"href":"https:\/\/cornholelx.com\/en\/wp-json\/wp\/v2\/types\/page"}],"author":[{"embeddable":true,"href":"https:\/\/cornholelx.com\/en\/wp-json\/wp\/v2\/users\/4"}],"replies":[{"embeddable":true,"href":"https:\/\/cornholelx.com\/en\/wp-json\/wp\/v2\/comments?post=3661"}],"version-history":[{"count":1,"href":"https:\/\/cornholelx.com\/en\/wp-json\/wp\/v2\/pages\/3661\/revisions"}],"predecessor-version":[{"id":3662,"href":"https:\/\/cornholelx.com\/en\/wp-json\/wp\/v2\/pages\/3661\/revisions\/3662"}],"wp:attachment":[{"href":"https:\/\/cornholelx.com\/en\/wp-json\/wp\/v2\/media?parent=3661"}],"curies":[{"name":"wp","href":"https:\/\/api.w.org\/{rel}","templated":true}]}}