{"id":3659,"date":"2019-04-18T11:07:31","date_gmt":"2019-04-18T16:07:31","guid":{"rendered":"https:\/\/cornholelx.com\/my-account\/"},"modified":"2024-02-14T11:12:57","modified_gmt":"2024-02-14T17:12:57","slug":"my-account","status":"publish","type":"page","link":"https:\/\/cornholelx.com\/en\/my-account\/","title":{"rendered":"My account"},"content":{"rendered":"<div class=\"woocommerce\"><\/div>\n","protected":false},"excerpt":{"rendered":"","protected":false},"author":1,"featured_media":0,"parent":0,"menu_order":0,"comment_status":"closed","ping_status":"closed","template":"","meta":{"_uag_custom_page_level_css":"","site-sidebar-layout":"default","site-content-layout":"","ast-site-content-layout":"default","site-content-style":"default","site-sidebar-style":"default","ast-global-header-display":"","ast-banner-title-visibility":"","ast-main-header-display":"","ast-hfb-above-header-display":"","ast-hfb-below-header-display":"","ast-hfb-mobile-header-display":"","site-post-title":"","ast-breadcrumbs-content":"","ast-featured-img":"","footer-sml-layout":"","ast-disable-related-posts":"","theme-transparent-header-meta":"","adv-header-id-meta":"","stick-header-meta":"","header-above-stick-meta":"","header-main-stick-meta":"","header-below-stick-meta":"","astra-migrate-meta-layouts":"default","ast-page-background-enabled":"default","ast-page-background-meta":{"desktop":{"background-color":"var(--ast-global-color-4)","background-image":"","background-repeat":"repeat","background-position":"center center","background-size":"auto","background-attachment":"scroll","background-type":"","background-media":"","overlay-type":"","overlay-color":"","overlay-opacity":"","overlay-gradient":""},"tablet":{"background-color":"","background-image":"","background-repeat":"repeat","background-position":"center center","background-size":"auto","background-attachment":"scroll","background-type":"","background-media":"","overlay-type":"","overlay-color":"","overlay-opacity":"","overlay-gradient":""},"mobile":{"background-color":"","background-image":"","background-repeat":"repeat","background-position":"center center","background-size":"auto","background-attachment":"scroll","background-type":"","background-media":"","overlay-type":"","overlay-color":"","overlay-opacity":"","overlay-gradient":""}},"ast-content-background-meta":{"desktop":{"background-color":"var(--ast-global-color-5)","background-image":"","background-repeat":"repeat","background-position":"center center","background-size":"auto","background-attachment":"scroll","background-type":"","background-media":"","overlay-type":"","overlay-color":"","overlay-opacity":"","overlay-gradient":""},"tablet":{"background-color":"var(--ast-global-color-5)","background-image":"","background-repeat":"repeat","background-position":"center center","background-size":"auto","background-attachment":"scroll","background-type":"","background-media":"","overlay-type":"","overlay-color":"","overlay-opacity":"","overlay-gradient":""},"mobile":{"background-color":"var(--ast-global-color-5)","background-image":"","background-repeat":"repeat","background-position":"center center","background-size":"auto","background-attachment":"scroll","background-type":"","background-media":"","overlay-type":"","overlay-color":"","overlay-opacity":"","overlay-gradient":""}},"footnotes":""},"class_list":["post-3659","page","type-page","status-publish","hentry"],"aioseo_notices":[],"uagb_featured_image_src":{"full":false,"thumbnail":false,"medium":false,"medium_large":false,"large":false,"1536x1536":false,"2048x2048":false,"woocommerce_thumbnail":false,"woocommerce_single":false,"woocommerce_gallery_thumbnail":false},"uagb_author_info":{"display_name":"R\u00e9mi","author_link":"https:\/\/cornholelx.com\/en\/author\/funmatik\/"},"uagb_comment_info":0,"uagb_excerpt":null,"jetpack-related-posts":[{"id":1257,"url":"https:\/\/cornholelx.com\/my-account\/","url_meta":{"origin":3659,"position":0},"title":"My account","author":"R\u00e9mi","date":"2019-04-18","format":false,"excerpt":"","rel":"","context":"Similar post","block_context":{"text":"Similar post","link":""},"img":{"alt_text":"","src":"","width":0,"height":0},"classes":[]},{"id":3665,"url":"https:\/\/cornholelx.com\/en\/privacy-policy\/","url_meta":{"origin":3659,"position":1},"title":"Privacy policy","author":"R\u00e9mi","date":"2022-04-18","format":false,"excerpt":"About usWelcome to Cornhole LX. I'm R\u00e9mi C\u00f4t\u00e9, owner of Cornhole LX. I'm obviously an amateur cornhole player and a member of Quebec's biggest cornhole league, Cornhole Saguenay. It was through playing that my passion for the game won me over. I've been a marketing teacher and consultant for several\u2026","rel":"","context":"Similar post","block_context":{"text":"Similar post","link":""},"img":{"alt_text":"","src":"","width":0,"height":0},"classes":[]},{"id":3,"url":"https:\/\/cornholelx.com\/privacy-policy\/","url_meta":{"origin":3659,"position":2},"title":"Politiques de confidentialit\u00e9","author":"R\u00e9mi","date":"2022-04-18","format":false,"excerpt":"Qui sommes-nousBienvenu chez Cornhole LX. Je me pr\u00e9sente R\u00e9mi C\u00f4t\u00e9 propri\u00e9taire de Cornhole LX. Je suis \u00e9videmment un joueur de cornhole amateur et je suis membre de la plus grosse league de Cornhole du Qu\u00e9bec soit Cornhole Saguenay. C'est en jouant que la passion pour le jeu m'a conquis. Comme\u2026","rel":"","context":"Similar post","block_context":{"text":"Similar post","link":""},"img":{"alt_text":"","src":"","width":0,"height":0},"classes":[]},{"id":4515,"url":"https:\/\/cornholelx.com\/refund_returns\/","url_meta":{"origin":3659,"position":3},"title":"Refund and Returns Policy","author":"R\u00e9mi","date":"2024-05-22","format":false,"excerpt":"This is a sample page. Overview Our refund and returns policy lasts 30 days. If 30 days have passed since your purchase, we can\u2019t offer you a full refund or exchange. To be eligible for a return, your item must be unused and in the same condition that you received\u2026","rel":"","context":"Similar post","block_context":{"text":"Similar post","link":""},"img":{"alt_text":"","src":"","width":0,"height":0},"classes":[]},{"id":5071,"url":"https:\/\/cornholelx.com\/en\/refund-and-returns-policy\/","url_meta":{"origin":3659,"position":4},"title":"Refund and Returns Policy","author":"R\u00e9mi","date":"2024-05-22","format":false,"excerpt":"This is a sample page. Overview Our refund and returns policy lasts 30 days. If 30 days have passed since your purchase, we can't offer you a full refund or exchange. To be eligible for a return, your item must be unused and in the same condition that you received\u2026","rel":"","context":"Similar post","block_context":{"text":"Similar post","link":""},"img":{"alt_text":"","src":"","width":0,"height":0},"classes":[]},{"id":3663,"url":"https:\/\/cornholelx.com\/en\/return-policy\/","url_meta":{"origin":3659,"position":5},"title":"Return policy","author":"R\u00e9mi","date":"2023-08-30","format":false,"excerpt":"OverviewSHIPPING POLICYShipping is calculated at checkout for most items. Some items are shipped FREE depending on promotions and regions.We ship via Purolator for larger items such as Cornhole boards, with insurance and tracking numbers provided.It is the customer's responsibility to provide the correct address at the time of payment, as\u2026","rel":"","context":"Similar post","block_context":{"text":"Similar post","link":""},"img":{"alt_text":"","src":"","width":0,"height":0},"classes":[]}],"jetpack_sharing_enabled":true,"_links":{"self":[{"href":"https:\/\/cornholelx.com\/en\/wp-json\/wp\/v2\/pages\/3659","targetHints":{"allow":["GET"]}}],"collection":[{"href":"https:\/\/cornholelx.com\/en\/wp-json\/wp\/v2\/pages"}],"about":[{"href":"https:\/\/cornholelx.com\/en\/wp-json\/wp\/v2\/types\/page"}],"author":[{"embeddable":true,"href":"https:\/\/cornholelx.com\/en\/wp-json\/wp\/v2\/users\/1"}],"replies":[{"embeddable":true,"href":"https:\/\/cornholelx.com\/en\/wp-json\/wp\/v2\/comments?post=3659"}],"version-history":[{"count":1,"href":"https:\/\/cornholelx.com\/en\/wp-json\/wp\/v2\/pages\/3659\/revisions"}],"predecessor-version":[{"id":3660,"href":"https:\/\/cornholelx.com\/en\/wp-json\/wp\/v2\/pages\/3659\/revisions\/3660"}],"wp:attachment":[{"href":"https:\/\/cornholelx.com\/en\/wp-json\/wp\/v2\/media?parent=3659"}],"curies":[{"name":"wp","href":"https:\/\/api.w.org\/{rel}","templated":true}]}}